{"id":665,"date":"2026-02-02T08:39:32","date_gmt":"2026-02-02T08:39:32","guid":{"rendered":"https:\/\/guideuppsala.se\/?page_id=665"},"modified":"2026-02-02T12:04:02","modified_gmt":"2026-02-02T12:04:02","slug":"gustavianum","status":"publish","type":"page","link":"https:\/\/guideuppsala.se\/en\/gustavianum\/","title":{"rendered":"Gustavianum"},"content":{"rendered":"<div class=\"wp-block-group alignfull is-style-ext-preset--group--natural-1--section has-background-background-color has-background has-global-padding is-layout-constrained wp-block-group-is-layout-constrained\" style=\"margin-top:0;margin-bottom:0;padding-top:var(--wp--preset--spacing--70);padding-bottom:var(--wp--preset--spacing--70)\">\n<div class=\"wp-block-columns alignwide are-vertically-aligned-center is-layout-flex wp-container-core-columns-is-layout-174606dc wp-block-columns-is-layout-flex\">\n<div class=\"wp-block-column is-vertically-aligned-center is-layout-flow wp-block-column-is-layout-flow\">\n<div class=\"wp-block-group alignwide is-vertical is-layout-flex wp-container-core-group-is-layout-c35747d5 wp-block-group-is-layout-flex\">\n<div class=\"wp-block-group has-global-padding is-layout-constrained wp-container-core-group-is-layout-dd32767c wp-block-group-is-layout-constrained\">\n<h2 class=\"wp-block-heading\">Gustavianum &#8211; fantastiskt museum<\/h2>\n\n\n\n<p>Gustavianum var universitetets huvudbyggnad fr\u00e5n 1620-talet till 1887, n\u00e4r det nya universitetshuset byggts klart. <\/p>\n\n\n\n<p>M\u00e5nga studenter bodde i Gustavianum d\u00e4r det ocks\u00e5 fanns matsal och bibliotek. Linn\u00e9 och andra k\u00e4nda vetenskapsm\u00e4n har trollbundet studenterna genom sina f\u00f6rel\u00e4sningar i f\u00f6rel\u00e4sningssalen Minus. Du kan sj\u00e4lv st\u00e4lla dig i talarstolen och k\u00e4nna vetenskapshistoriens vingslag!<\/p>\n<\/div>\n<\/div>\n<\/div>\n\n\n\n<div class=\"wp-block-column is-vertically-aligned-center is-layout-flow wp-block-column-is-layout-flow\">\n<figure class=\"wp-block-image size-large is-style-ext-preset--image--natural-1--image-1--content-left is-style-ext-preset--image--natural-1--image-1--content-left--2\"><img loading=\"lazy\" decoding=\"async\" width=\"1024\" height=\"768\" src=\"https:\/\/guideuppsala.se\/wp-content\/uploads\/2026\/01\/Gustavianum-hela-4-3-rectangle-1024x768.jpeg\" alt=\"Gustavianum\" class=\"wp-image-371\" style=\"aspect-ratio:1;object-fit:cover\" srcset=\"https:\/\/guideuppsala.se\/wp-content\/uploads\/2026\/01\/Gustavianum-hela-4-3-rectangle-1024x768.jpeg 1024w, https:\/\/guideuppsala.se\/wp-content\/uploads\/2026\/01\/Gustavianum-hela-4-3-rectangle-300x225.jpeg 300w, https:\/\/guideuppsala.se\/wp-content\/uploads\/2026\/01\/Gustavianum-hela-4-3-rectangle-768x576.jpeg 768w, https:\/\/guideuppsala.se\/wp-content\/uploads\/2026\/01\/Gustavianum-hela-4-3-rectangle-16x12.jpeg 16w, https:\/\/guideuppsala.se\/wp-content\/uploads\/2026\/01\/Gustavianum-hela-4-3-rectangle.jpeg 1043w\" sizes=\"auto, (max-width: 1024px) 100vw, 1024px\" \/><\/figure>\n<\/div>\n<\/div>\n<\/div>\n\n\n\n<div class=\"wp-block-group alignfull is-style-ext-preset--group--natural-1--section has-background-background-color has-background has-global-padding is-layout-constrained wp-block-group-is-layout-constrained\" style=\"margin-top:0;margin-bottom:0;padding-top:var(--wp--preset--spacing--70);padding-bottom:var(--wp--preset--spacing--70)\">\n<div class=\"wp-block-columns alignwide are-vertically-aligned-center is-layout-flex wp-container-core-columns-is-layout-174606dc wp-block-columns-is-layout-flex\">\n<div class=\"wp-block-column is-vertically-aligned-center is-layout-flow wp-block-column-is-layout-flow\">\n<div class=\"wp-block-group alignwide is-vertical is-layout-flex wp-container-core-group-is-layout-c35747d5 wp-block-group-is-layout-flex\">\n<div class=\"wp-block-group has-global-padding is-layout-constrained wp-container-core-group-is-layout-dd32767c wp-block-group-is-layout-constrained\">\n<figure class=\"wp-block-image size-large is-style-ext-preset--image--natural-1--image-1--content-left is-style-ext-preset--image--natural-1--image-1--content-left--4\"><img loading=\"lazy\" decoding=\"async\" width=\"1024\" height=\"768\" src=\"https:\/\/guideuppsala.se\/wp-content\/uploads\/2026\/02\/IMG_3987-1024x768.jpeg\" alt=\"Anatomiska teatern - Gustavianum\" class=\"wp-image-542\" style=\"aspect-ratio:1;object-fit:cover\" srcset=\"https:\/\/guideuppsala.se\/wp-content\/uploads\/2026\/02\/IMG_3987-1024x768.jpeg 1024w, https:\/\/guideuppsala.se\/wp-content\/uploads\/2026\/02\/IMG_3987-300x225.jpeg 300w, https:\/\/guideuppsala.se\/wp-content\/uploads\/2026\/02\/IMG_3987-768x576.jpeg 768w, https:\/\/guideuppsala.se\/wp-content\/uploads\/2026\/02\/IMG_3987-1536x1152.jpeg 1536w, https:\/\/guideuppsala.se\/wp-content\/uploads\/2026\/02\/IMG_3987-2048x1536.jpeg 2048w, https:\/\/guideuppsala.se\/wp-content\/uploads\/2026\/02\/IMG_3987-16x12.jpeg 16w\" sizes=\"auto, (max-width: 1024px) 100vw, 1024px\" \/><\/figure>\n<\/div>\n<\/div>\n<\/div>\n\n\n\n<div class=\"wp-block-column is-vertically-aligned-center is-layout-flow wp-block-column-is-layout-flow\">\n<h2 class=\"wp-block-heading\">Ett museum med allt<\/h2>\n\n\n\n<p>Gustavianum \u00e4r idag ett museum \u00f6ver vetenskap, historia och konst. H\u00e4r finns gamla teleskop och en kamera fr\u00e5n 1837. En tv\u00e4ttmaskin fr\u00e5n tidigt 1900-tal. En myntsamling med allt fr\u00e5n de f\u00f6rsta kinesiska sedlarna till de enorma svenska kopparmynten. Augsburgska konstsk\u00e5pet &#8211; 1600-talets iPad! En rik konstsamling och arkeologiska fynd fr\u00e5n Vendeltid, Vikingatid och Egyptisk konst och mumier.<\/p>\n\n\n\n<p>P\u00e5 taket byggde Olof Rudbeck en anatomiteater, en vacker och lite skr\u00e4mmande del av huset. Studenterna fick se organen p\u00e5 n\u00e4ra h\u00e5ll n\u00e4r de skickades runt.<\/p>\n<\/div>\n<\/div>\n<\/div>\n\n\n\n<div class=\"wp-block-columns alignwide are-vertically-aligned-center is-layout-flex wp-container-core-columns-is-layout-174606dc wp-block-columns-is-layout-flex\">\n<div class=\"wp-block-column is-vertically-aligned-center is-layout-flow wp-block-column-is-layout-flow\">\n<div class=\"wp-block-group alignwide is-vertical is-layout-flex wp-container-core-group-is-layout-c35747d5 wp-block-group-is-layout-flex\">\n<div class=\"wp-block-group has-global-padding is-layout-constrained wp-container-core-group-is-layout-dd32767c wp-block-group-is-layout-constrained\">\n<h2 class=\"wp-block-heading\">Konstiga siffror<\/h2>\n\n\n\n<p>P\u00e5 anatomiteaterns tak tronar en kulformad tingest som f\u00f6rundrar de oinvigda. Vad \u00e4r det f\u00f6r konstiga siffror? Det h\u00e4r \u00e4r <a href=\"https:\/\/sv.wikipedia.org\/wiki\/Olof_Rudbeck_den_\u00e4ldre\" title=\"\">Rudbecks<\/a> solur &#8211; man l\u00e4ser av tiden i skiljelinjen mellan skugga och sol. Tyv\u00e4rr anpassas uret inte efter vinter- och sommartid, s\u00e5 halva \u00e5ret g\u00e5r det en timme fel!<\/p>\n\n\n\n<p>I maj 1702 brann Uppsala. En stor del av staden \u00f6delades. Slottet brann, domkyrkan brann &#8211; men, enligt legenden, stod den \u00e5ldrade Rudbeck p\u00e5 Gustavianums tak och vr\u00e5lade med sin m\u00e4ktiga st\u00e4mma ut order f\u00f6r hur branden skulle bek\u00e4mpas. Gustavianum klarade sig!<\/p>\n<\/div>\n<\/div>\n<\/div>\n\n\n\n<div class=\"wp-block-column is-vertically-aligned-center is-layout-flow wp-block-column-is-layout-flow\">\n<figure class=\"wp-block-image size-full is-style-ext-preset--image--natural-1--image-1--content-left is-style-ext-preset--image--natural-1--image-1--content-left--5\"><img loading=\"lazy\" decoding=\"async\" width=\"960\" height=\"1440\" src=\"https:\/\/guideuppsala.se\/wp-content\/uploads\/2026\/01\/df2509663dab90e0f387c1dbe70d55bb5646a271.jpg\" alt=\"Gustavianum\" class=\"wp-image-318\" style=\"aspect-ratio:1;object-fit:cover\" srcset=\"https:\/\/guideuppsala.se\/wp-content\/uploads\/2026\/01\/df2509663dab90e0f387c1dbe70d55bb5646a271.jpg 960w, https:\/\/guideuppsala.se\/wp-content\/uploads\/2026\/01\/df2509663dab90e0f387c1dbe70d55bb5646a271-200x300.jpg 200w, https:\/\/guideuppsala.se\/wp-content\/uploads\/2026\/01\/df2509663dab90e0f387c1dbe70d55bb5646a271-683x1024.jpg 683w, https:\/\/guideuppsala.se\/wp-content\/uploads\/2026\/01\/df2509663dab90e0f387c1dbe70d55bb5646a271-768x1152.jpg 768w, https:\/\/guideuppsala.se\/wp-content\/uploads\/2026\/01\/df2509663dab90e0f387c1dbe70d55bb5646a271-8x12.jpg 8w\" sizes=\"auto, (max-width: 960px) 100vw, 960px\" \/><\/figure>\n<\/div>\n<\/div>","protected":false},"excerpt":{"rendered":"<p>Gustavianum &#8211; fantastiskt museum Gustavianum var universitetets huvudbyggnad fr\u00e5n 1620-talet till 1887, n\u00e4r det nya universitetshuset byggts klart. M\u00e5nga studenter bodde i Gustavianum d\u00e4r det ocks\u00e5 fanns matsal och bibliotek. Linn\u00e9 och andra k\u00e4nda vetenskapsm\u00e4n har trollbundet studenterna genom sina f\u00f6rel\u00e4sningar i f\u00f6rel\u00e4sningssalen Minus. Du kan sj\u00e4lv st\u00e4lla dig i talarstolen och k\u00e4nna vetenskapshistoriens vingslag! [&hellip;]<\/p>\n","protected":false},"author":1,"featured_media":0,"parent":0,"menu_order":0,"comment_status":"closed","ping_status":"closed","template":"page-with-title","meta":{"_monsterinsights_skip_tracking":false,"_monsterinsights_sitenote_active":false,"_monsterinsights_sitenote_note":"","_monsterinsights_sitenote_category":0,"footnotes":""},"class_list":["post-665","page","type-page","status-publish","hentry"],"aioseo_notices":[],"_links":{"self":[{"href":"https:\/\/guideuppsala.se\/en\/wp-json\/wp\/v2\/pages\/665","targetHints":{"allow":["GET"]}}],"collection":[{"href":"https:\/\/guideuppsala.se\/en\/wp-json\/wp\/v2\/pages"}],"about":[{"href":"https:\/\/guideuppsala.se\/en\/wp-json\/wp\/v2\/types\/page"}],"author":[{"embeddable":true,"href":"https:\/\/guideuppsala.se\/en\/wp-json\/wp\/v2\/users\/1"}],"replies":[{"embeddable":true,"href":"https:\/\/guideuppsala.se\/en\/wp-json\/wp\/v2\/comments?post=665"}],"version-history":[{"count":2,"href":"https:\/\/guideuppsala.se\/en\/wp-json\/wp\/v2\/pages\/665\/revisions"}],"predecessor-version":[{"id":668,"href":"https:\/\/guideuppsala.se\/en\/wp-json\/wp\/v2\/pages\/665\/revisions\/668"}],"wp:attachment":[{"href":"https:\/\/guideuppsala.se\/en\/wp-json\/wp\/v2\/media?parent=665"}],"curies":[{"name":"wp","href":"https:\/\/api.w.org\/{rel}","templated":true}]}}