{"id":562,"date":"2026-02-02T05:01:20","date_gmt":"2026-02-02T05:01:20","guid":{"rendered":"https:\/\/guideuppsala.se\/?page_id=562"},"modified":"2026-02-03T02:59:18","modified_gmt":"2026-02-03T02:59:18","slug":"linnetradgarden","status":"publish","type":"page","link":"https:\/\/guideuppsala.se\/en\/linnetradgarden\/","title":{"rendered":"Linn\u00e9tr\u00e4dg\u00e5rden"},"content":{"rendered":"<div class=\"wp-block-group alignfull is-style-ext-preset--group--natural-1--section has-background-background-color has-background has-global-padding is-layout-constrained wp-block-group-is-layout-constrained\" style=\"margin-top:0;margin-bottom:0;padding-top:var(--wp--preset--spacing--70);padding-bottom:var(--wp--preset--spacing--70)\">\n<div class=\"wp-block-columns alignwide are-vertically-aligned-center is-layout-flex wp-container-core-columns-is-layout-174606dc wp-block-columns-is-layout-flex\">\n<div class=\"wp-block-column is-vertically-aligned-center is-layout-flow wp-block-column-is-layout-flow\">\n<div class=\"wp-block-group alignwide is-vertical is-layout-flex wp-container-core-group-is-layout-c35747d5 wp-block-group-is-layout-flex\">\n<div class=\"wp-block-group has-global-padding is-layout-constrained wp-container-core-group-is-layout-dd32767c wp-block-group-is-layout-constrained\">\n<h2 class=\"wp-block-heading\">Linn\u00e9tr\u00e4dg\u00e5rden &#8211; En oas<\/h2>\n\n\n\n<p>Olof Rudbeck d.\u00e4. anlade Sveriges f\u00f6rsta akademitr\u00e4dg\u00e5rd 1655. Snart kom den att bli en av de artrikaste i Europa. N\u00e4r Carl Linnaeus kom till Uppsala 1728 var Rudbeck sedan l\u00e4nge d\u00f6d och tr\u00e4dg\u00e5rden i f\u00f6rfall.<\/p>\n\n\n\n<p>N\u00e4r Linn\u00e9 blev professor 1741 var ett av hans f\u00f6rsta projekt att \u00e5terge akademitr\u00e4dg\u00e5rden dess forna glans. Ja, kanske t.o.m. \u00f6vertr\u00e4ffa den gamla.<\/p>\n\n\n\n<p>Idag \u00e4r Linn\u00e9tr\u00e4dg\u00e5rden ett levande museum, fyllt av blommor som Linn\u00e9 sj\u00e4lv v\u00e4l \u00e4r b\u00e4st l\u00e4mpad att ber\u00e4tta om\u2026<\/p>\n<\/div>\n<\/div>\n<\/div>\n\n\n\n<div class=\"wp-block-column is-vertically-aligned-center is-layout-flow wp-block-column-is-layout-flow\">\n<figure class=\"wp-block-image size-large is-style-ext-preset--image--natural-1--image-1--content-left is-style-ext-preset--image--natural-1--image-1--content-left--2\"><img loading=\"lazy\" decoding=\"async\" width=\"1024\" height=\"768\" src=\"https:\/\/guideuppsala.se\/wp-content\/uploads\/2026\/01\/Linnetradg-dammvy-4-3-rectangle-1024x768.jpeg\" alt=\"\" class=\"wp-image-388\" style=\"aspect-ratio:1;object-fit:cover\" srcset=\"https:\/\/guideuppsala.se\/wp-content\/uploads\/2026\/01\/Linnetradg-dammvy-4-3-rectangle-1024x768.jpeg 1024w, https:\/\/guideuppsala.se\/wp-content\/uploads\/2026\/01\/Linnetradg-dammvy-4-3-rectangle-300x225.jpeg 300w, https:\/\/guideuppsala.se\/wp-content\/uploads\/2026\/01\/Linnetradg-dammvy-4-3-rectangle-768x576.jpeg 768w, https:\/\/guideuppsala.se\/wp-content\/uploads\/2026\/01\/Linnetradg-dammvy-4-3-rectangle-1536x1152.jpeg 1536w, https:\/\/guideuppsala.se\/wp-content\/uploads\/2026\/01\/Linnetradg-dammvy-4-3-rectangle-16x12.jpeg 16w, https:\/\/guideuppsala.se\/wp-content\/uploads\/2026\/01\/Linnetradg-dammvy-4-3-rectangle.jpeg 1651w\" sizes=\"auto, (max-width: 1024px) 100vw, 1024px\" \/><\/figure>\n<\/div>\n<\/div>\n<\/div>\n\n\n\n<div class=\"wp-block-group alignfull is-style-ext-preset--group--natural-1--section has-background-background-color has-background has-global-padding is-layout-constrained wp-block-group-is-layout-constrained\" style=\"margin-top:0;margin-bottom:0;padding-top:var(--wp--preset--spacing--70);padding-bottom:var(--wp--preset--spacing--70)\">\n<div class=\"wp-block-columns alignwide are-vertically-aligned-center is-layout-flex wp-container-core-columns-is-layout-174606dc wp-block-columns-is-layout-flex\">\n<div class=\"wp-block-column is-vertically-aligned-center is-layout-flow wp-block-column-is-layout-flow\">\n<div class=\"wp-block-group alignwide is-vertical is-layout-flex wp-container-core-group-is-layout-c35747d5 wp-block-group-is-layout-flex\">\n<div class=\"wp-block-group has-global-padding is-layout-constrained wp-container-core-group-is-layout-dd32767c wp-block-group-is-layout-constrained\">\n<figure class=\"wp-block-image size-large is-style-ext-preset--image--natural-1--image-1--content-left is-style-ext-preset--image--natural-1--image-1--content-left--4\"><img loading=\"lazy\" decoding=\"async\" width=\"1024\" height=\"768\" src=\"https:\/\/guideuppsala.se\/wp-content\/uploads\/2026\/01\/Linnetradg-museet-4-3-rectangle-1024x768.jpeg\" alt=\"\" class=\"wp-image-391\" style=\"aspect-ratio:1;object-fit:cover\" srcset=\"https:\/\/guideuppsala.se\/wp-content\/uploads\/2026\/01\/Linnetradg-museet-4-3-rectangle-1024x768.jpeg 1024w, https:\/\/guideuppsala.se\/wp-content\/uploads\/2026\/01\/Linnetradg-museet-4-3-rectangle-300x225.jpeg 300w, https:\/\/guideuppsala.se\/wp-content\/uploads\/2026\/01\/Linnetradg-museet-4-3-rectangle-768x576.jpeg 768w, https:\/\/guideuppsala.se\/wp-content\/uploads\/2026\/01\/Linnetradg-museet-4-3-rectangle-1536x1152.jpeg 1536w, https:\/\/guideuppsala.se\/wp-content\/uploads\/2026\/01\/Linnetradg-museet-4-3-rectangle-16x12.jpeg 16w, https:\/\/guideuppsala.se\/wp-content\/uploads\/2026\/01\/Linnetradg-museet-4-3-rectangle.jpeg 1836w\" sizes=\"auto, (max-width: 1024px) 100vw, 1024px\" \/><\/figure>\n<\/div>\n<\/div>\n<\/div>\n\n\n\n<div class=\"wp-block-column is-vertically-aligned-center is-layout-flow wp-block-column-is-layout-flow\">\n<h2 class=\"wp-block-heading\">Linn\u00e9tr\u00e4dg\u00e5rdens museum<\/h2>\n\n\n\n<p>I Linn\u00e9tr\u00e4dg\u00e5rden ligger en unik byggnad &#8211; Linn\u00e9s hem. F\u00e5 historiska personer i v\u00e4rlden kommer man s\u00e5 n\u00e4ra i deras hem som man g\u00f6r hemma hos Linn\u00e9.<\/p>\n\n\n\n<p>N\u00e4r Linn\u00e9s stadshem blev museum kunde man samla in familjen Linn\u00e9s m\u00f6bler, kl\u00e4der, porslin fr\u00e5n hans \u00e4ttlingar och andra. Man kommer verkligen hem till en bostad fr\u00e5n 1700-talet. Fr\u00e5n Sara Lisas k\u00f6k och trivselrum till Linn\u00e9s bibliotek och f\u00f6rel\u00e4sningssal. H\u00e4r har Solander inspirerats att ge sig ut i v\u00e4rlden, s\u00e5 sm\u00e5ningom med Cook till Australien. Thunberg att bege sig till det s\u00e4genomspunna Japan.<\/p>\n<\/div>\n<\/div>\n<\/div>\n\n\n\n<div class=\"wp-block-columns alignwide are-vertically-aligned-center is-layout-flex wp-container-core-columns-is-layout-174606dc wp-block-columns-is-layout-flex\">\n<div class=\"wp-block-column is-vertically-aligned-center is-layout-flow wp-block-column-is-layout-flow\">\n<div class=\"wp-block-group alignwide is-vertical is-layout-flex wp-container-core-group-is-layout-c35747d5 wp-block-group-is-layout-flex\">\n<div class=\"wp-block-group has-global-padding is-layout-constrained wp-container-core-group-is-layout-dd32767c wp-block-group-is-layout-constrained\">\n<h2 class=\"wp-block-heading\">Linn\u00e9tr\u00e4dg\u00e5rden<\/h2>\n\n\n\n<p>I&nbsp;<strong>Linn\u00e9tr\u00e4dg\u00e5rden<\/strong>&nbsp;st\u00e5r blommorna i centrum. H\u00e4r samsas nyttov\u00e4xter, medicinalv\u00e4xter och prydnadsv\u00e4xter i f\u00e4rgstarka rabatter som f\u00f6r\u00e4ndras med \u00e5rstiderna. Doft, form och f\u00e4rg \u00e4r inte slumpm\u00e4ssiga utan en del av ett genomt\u00e4nkt system d\u00e4r varje v\u00e4xt har sin plats och sin roll.<\/p>\n\n\n\n<p>Under v\u00e5r och sommar fylls tr\u00e4dg\u00e5rden av blommande liljor, vallmo, kryddv\u00e4xter och \u00f6rter som en g\u00e5ng anv\u00e4ndes i b\u00e5de l\u00e4kekonst och hush\u00e5ll. M\u00e5nga arter \u00e4r desamma som odlades h\u00e4r p\u00e5 1700-talet, andra \u00e4r n\u00e4ra sl\u00e4ktingar. Tillsammans skapar de en levande palett som g\u00f6r tr\u00e4dg\u00e5rden lika sev\u00e4rd f\u00f6r blom\u00e4lskare som f\u00f6r den som bara vill stanna upp och se n\u00e5got som faktiskt v\u00e4xer p\u00e5 riktigt.<\/p>\n<\/div>\n<\/div>\n<\/div>\n\n\n\n<div class=\"wp-block-column is-vertically-aligned-center is-layout-flow wp-block-column-is-layout-flow\">\n<figure class=\"wp-block-image size-full is-style-ext-preset--image--natural-1--image-1--content-left is-style-ext-preset--image--natural-1--image-1--content-left--5\"><img loading=\"lazy\" decoding=\"async\" width=\"1837\" height=\"1378\" src=\"https:\/\/guideuppsala.se\/wp-content\/uploads\/2026\/01\/Linnetradg-blomma-4-3-rectangle.jpeg\" alt=\"Linn\u00e9tr\u00e4dg\u00e5rden\" class=\"wp-image-386\" style=\"aspect-ratio:1;object-fit:cover\" srcset=\"https:\/\/guideuppsala.se\/wp-content\/uploads\/2026\/01\/Linnetradg-blomma-4-3-rectangle.jpeg 1837w, https:\/\/guideuppsala.se\/wp-content\/uploads\/2026\/01\/Linnetradg-blomma-4-3-rectangle-300x225.jpeg 300w, https:\/\/guideuppsala.se\/wp-content\/uploads\/2026\/01\/Linnetradg-blomma-4-3-rectangle-1024x768.jpeg 1024w, https:\/\/guideuppsala.se\/wp-content\/uploads\/2026\/01\/Linnetradg-blomma-4-3-rectangle-768x576.jpeg 768w, https:\/\/guideuppsala.se\/wp-content\/uploads\/2026\/01\/Linnetradg-blomma-4-3-rectangle-1536x1152.jpeg 1536w, https:\/\/guideuppsala.se\/wp-content\/uploads\/2026\/01\/Linnetradg-blomma-4-3-rectangle-16x12.jpeg 16w\" sizes=\"auto, (max-width: 1837px) 100vw, 1837px\" \/><\/figure>\n<\/div>\n<\/div>","protected":false},"excerpt":{"rendered":"<p>Linn\u00e9tr\u00e4dg\u00e5rden &#8211; En oas Olof Rudbeck d.\u00e4. anlade Sveriges f\u00f6rsta akademitr\u00e4dg\u00e5rd 1655. Snart kom den att bli en av de artrikaste i Europa. N\u00e4r Carl Linnaeus kom till Uppsala 1728 var Rudbeck sedan l\u00e4nge d\u00f6d och tr\u00e4dg\u00e5rden i f\u00f6rfall. N\u00e4r Linn\u00e9 blev professor 1741 var ett av hans f\u00f6rsta projekt att \u00e5terge akademitr\u00e4dg\u00e5rden dess forna [&hellip;]<\/p>\n","protected":false},"author":1,"featured_media":0,"parent":0,"menu_order":0,"comment_status":"closed","ping_status":"closed","template":"page-with-title","meta":{"_monsterinsights_skip_tracking":false,"_monsterinsights_sitenote_active":false,"_monsterinsights_sitenote_note":"","_monsterinsights_sitenote_category":0,"footnotes":""},"class_list":["post-562","page","type-page","status-publish","hentry"],"aioseo_notices":[],"_links":{"self":[{"href":"https:\/\/guideuppsala.se\/en\/wp-json\/wp\/v2\/pages\/562","targetHints":{"allow":["GET"]}}],"collection":[{"href":"https:\/\/guideuppsala.se\/en\/wp-json\/wp\/v2\/pages"}],"about":[{"href":"https:\/\/guideuppsala.se\/en\/wp-json\/wp\/v2\/types\/page"}],"author":[{"embeddable":true,"href":"https:\/\/guideuppsala.se\/en\/wp-json\/wp\/v2\/users\/1"}],"replies":[{"embeddable":true,"href":"https:\/\/guideuppsala.se\/en\/wp-json\/wp\/v2\/comments?post=562"}],"version-history":[{"count":3,"href":"https:\/\/guideuppsala.se\/en\/wp-json\/wp\/v2\/pages\/562\/revisions"}],"predecessor-version":[{"id":685,"href":"https:\/\/guideuppsala.se\/en\/wp-json\/wp\/v2\/pages\/562\/revisions\/685"}],"wp:attachment":[{"href":"https:\/\/guideuppsala.se\/en\/wp-json\/wp\/v2\/media?parent=562"}],"curies":[{"name":"wp","href":"https:\/\/api.w.org\/{rel}","templated":true}]}}