{"id":532,"date":"2026-02-02T04:06:52","date_gmt":"2026-02-02T04:06:52","guid":{"rendered":"https:\/\/guideuppsala.se\/?page_id=532"},"modified":"2026-02-02T07:26:49","modified_gmt":"2026-02-02T07:26:49","slug":"runstenar","status":"publish","type":"page","link":"https:\/\/guideuppsala.se\/en\/runstenar\/","title":{"rendered":"Runstenar"},"content":{"rendered":"<div class=\"wp-block-group alignfull is-style-ext-preset--group--natural-1--section has-background-background-color has-background has-global-padding is-layout-constrained wp-block-group-is-layout-constrained\" style=\"margin-top:0;margin-bottom:0;padding-top:var(--wp--preset--spacing--70);padding-bottom:var(--wp--preset--spacing--70)\">\n<div class=\"wp-block-columns alignwide are-vertically-aligned-center is-layout-flex wp-container-core-columns-is-layout-174606dc wp-block-columns-is-layout-flex\">\n<div class=\"wp-block-column is-vertically-aligned-center is-layout-flow wp-block-column-is-layout-flow\">\n<div class=\"wp-block-group alignwide is-vertical is-layout-flex wp-container-core-group-is-layout-c35747d5 wp-block-group-is-layout-flex\">\n<div class=\"wp-block-group has-global-padding is-layout-constrained wp-container-core-group-is-layout-dd32767c wp-block-group-is-layout-constrained\">\n<h2 class=\"wp-block-heading\">Runstenar i universitetsparken<\/h2>\n\n\n\n<p>I universitetsparken och runt domkyrkan finns en stor samling av runstenar, stenar med budskap fr\u00e5n vikingarnas v\u00e4rld. H\u00e4r hittar vi den skrytsamme vikingens sten liksom kvinnostenen. Vi kan se runorna som d\u00f6ljer sig i symbolen f\u00f6r <a href=\"https:\/\/sv.wikipedia.org\/wiki\/Bluetooth\" title=\"\">Bluetooth<\/a>.\u00a0Under de flesta av v\u00e5ra turer st\u00f6ter vi p\u00e5 runstenar.\u00a0<br><br>Runstenarna ger oss sm\u00e5 titth\u00e5l in i vikingarnas fascinerande tid. V\u00e5ra guider ber\u00e4ttar! Den skrytsamme vikingens sten st\u00e4lldes ut p\u00e5 v\u00e4rldsutst\u00e4llningen i Paris 1867. P\u00e5 hemv\u00e4gen hamnade den p\u00e5 havets botten. Men s\u00e5 sm\u00e5ningom b\u00e4rgades den och nu finns den att se i universitetsparken!<\/p>\n<\/div>\n<\/div>\n<\/div>\n\n\n\n<div class=\"wp-block-column is-vertically-aligned-center is-layout-flow wp-block-column-is-layout-flow\">\n<figure class=\"wp-block-image size-large is-style-ext-preset--image--natural-1--image-1--content-left is-style-ext-preset--image--natural-1--image-1--content-left--2\"><img loading=\"lazy\" decoding=\"async\" width=\"1024\" height=\"768\" src=\"https:\/\/guideuppsala.se\/wp-content\/uploads\/2026\/01\/Runor-nara-4-3-rectangle-1024x768.jpeg\" alt=\"\" class=\"wp-image-394\" style=\"aspect-ratio:1;object-fit:cover\" srcset=\"https:\/\/guideuppsala.se\/wp-content\/uploads\/2026\/01\/Runor-nara-4-3-rectangle-1024x768.jpeg 1024w, https:\/\/guideuppsala.se\/wp-content\/uploads\/2026\/01\/Runor-nara-4-3-rectangle-300x225.jpeg 300w, https:\/\/guideuppsala.se\/wp-content\/uploads\/2026\/01\/Runor-nara-4-3-rectangle-768x576.jpeg 768w, https:\/\/guideuppsala.se\/wp-content\/uploads\/2026\/01\/Runor-nara-4-3-rectangle-16x12.jpeg 16w, https:\/\/guideuppsala.se\/wp-content\/uploads\/2026\/01\/Runor-nara-4-3-rectangle.jpeg 1378w\" sizes=\"auto, (max-width: 1024px) 100vw, 1024px\" \/><\/figure>\n<\/div>\n<\/div>\n<\/div>\n\n\n\n<div class=\"wp-block-group alignfull is-style-ext-preset--group--natural-1--section has-background-background-color has-background has-global-padding is-layout-constrained wp-block-group-is-layout-constrained\" style=\"margin-top:0;margin-bottom:0;padding-top:var(--wp--preset--spacing--70);padding-bottom:var(--wp--preset--spacing--70)\">\n<div class=\"wp-block-columns alignwide are-vertically-aligned-center is-layout-flex wp-container-core-columns-is-layout-174606dc wp-block-columns-is-layout-flex\">\n<div class=\"wp-block-column is-vertically-aligned-center is-layout-flow wp-block-column-is-layout-flow\">\n<div class=\"wp-block-group alignwide is-vertical is-layout-flex wp-container-core-group-is-layout-c35747d5 wp-block-group-is-layout-flex\">\n<div class=\"wp-block-group has-global-padding is-layout-constrained wp-container-core-group-is-layout-dd32767c wp-block-group-is-layout-constrained\">\n<figure class=\"wp-block-image size-large is-style-ext-preset--image--natural-1--image-1--content-left is-style-ext-preset--image--natural-1--image-1--content-left--4\"><img loading=\"lazy\" decoding=\"async\" width=\"1024\" height=\"768\" src=\"https:\/\/guideuppsala.se\/wp-content\/uploads\/2026\/01\/Runor-sten-4-3-rectangle-1024x768.jpeg\" alt=\"\" class=\"wp-image-395\" style=\"aspect-ratio:1;object-fit:cover\" srcset=\"https:\/\/guideuppsala.se\/wp-content\/uploads\/2026\/01\/Runor-sten-4-3-rectangle-1024x768.jpeg 1024w, https:\/\/guideuppsala.se\/wp-content\/uploads\/2026\/01\/Runor-sten-4-3-rectangle-300x225.jpeg 300w, https:\/\/guideuppsala.se\/wp-content\/uploads\/2026\/01\/Runor-sten-4-3-rectangle-768x576.jpeg 768w, https:\/\/guideuppsala.se\/wp-content\/uploads\/2026\/01\/Runor-sten-4-3-rectangle-16x12.jpeg 16w, https:\/\/guideuppsala.se\/wp-content\/uploads\/2026\/01\/Runor-sten-4-3-rectangle.jpeg 1377w\" sizes=\"auto, (max-width: 1024px) 100vw, 1024px\" \/><\/figure>\n<\/div>\n<\/div>\n<\/div>\n\n\n\n<div class=\"wp-block-column is-vertically-aligned-center is-layout-flow wp-block-column-is-layout-flow\">\n<h2 class=\"wp-block-heading\"><strong>Viskningar fr\u00e5n vikingatiden<\/strong><\/h2>\n\n\n\n<p>Runstenar placerades strategiskt l\u00e4ngs v\u00e4gar och vattendrag, allts\u00e5 d\u00e4r folk faktiskt passerade. S\u00e4rskilt i\u00a0Uppland\u00a0finns ovanligt m\u00e5nga, vilket s\u00e4ger en del om b\u00e5de befolkning och behovet av att bli ih\u00e5gkommen. <br><br>Samtidigt ger runorna oss konkreta namn, relationer och resor, och d\u00e4rf\u00f6r \u00e4r runstenar inte bara sten. De \u00e4r r\u00f6ster fr\u00e5n m\u00e4nniskor som v\u00e4grade bli bortgl\u00f6mda.<br><br><strong><em>\u201dVigmund l\u00e4t hugga stenen till minne av sig sj\u00e4lv, den skickligaste av m\u00e4n. Gud hj\u00e4lpe Vigmund skeppsh\u00f6vdingens sj\u00e4l.\u201d<\/em><\/strong><\/p>\n<\/div>\n<\/div>\n<\/div>\n\n\n\n<div class=\"wp-block-columns alignwide are-vertically-aligned-center is-layout-flex wp-container-core-columns-is-layout-174606dc wp-block-columns-is-layout-flex\">\n<div class=\"wp-block-column is-vertically-aligned-center is-layout-flow wp-block-column-is-layout-flow\">\n<div class=\"wp-block-group alignwide is-vertical is-layout-flex wp-container-core-group-is-layout-c35747d5 wp-block-group-is-layout-flex\">\n<div class=\"wp-block-group has-global-padding is-layout-constrained wp-container-core-group-is-layout-dd32767c wp-block-group-is-layout-constrained\">\n<h2 class=\"wp-block-heading\">Runstensromantik<\/h2>\n\n\n\n<p>Runstenar fraktades in till Uppsalas tr\u00e4dg\u00e5rdar, de stals helt enkelt fr\u00e5n d\u00e4r vikingarna hade satt upp dem! Den ber\u00f6mde Celsius farbror, Olof Celsius hade en sten i sin tr\u00e4dg\u00e5rd. Den hamnade s\u00e5 sm\u00e5ningom i Linn\u00e9tr\u00e4dg\u00e5rden och till sist i universitetsparken.<\/p>\n\n\n\n<p>Romantiken kring vikingarnas tid ledde t.o.m till falska stenar i USA och en gjord f\u00f6r Linn\u00e9! Den st\u00e5r i parken p\u00e5 Linn\u00e9s Hammarby. H\u00e4r f\u00f6revisad av botanikern Mariette Manktelow.<br><\/p>\n<\/div>\n<\/div>\n<\/div>\n\n\n\n<div class=\"wp-block-column is-vertically-aligned-center is-layout-flow wp-block-column-is-layout-flow\">\n<figure class=\"wp-block-image size-full is-style-ext-preset--image--natural-1--image-1--content-left is-style-ext-preset--image--natural-1--image-1--content-left--5\"><img loading=\"lazy\" decoding=\"async\" width=\"1920\" height=\"2560\" src=\"https:\/\/guideuppsala.se\/wp-content\/uploads\/2026\/02\/IMG_6308-scaled.jpg\" alt=\"Runstenar i Uppsala\" class=\"wp-image-587\" style=\"aspect-ratio:1;object-fit:cover\" srcset=\"https:\/\/guideuppsala.se\/wp-content\/uploads\/2026\/02\/IMG_6308-scaled.jpg 1920w, https:\/\/guideuppsala.se\/wp-content\/uploads\/2026\/02\/IMG_6308-225x300.jpg 225w, https:\/\/guideuppsala.se\/wp-content\/uploads\/2026\/02\/IMG_6308-768x1024.jpg 768w, https:\/\/guideuppsala.se\/wp-content\/uploads\/2026\/02\/IMG_6308-1152x1536.jpg 1152w, https:\/\/guideuppsala.se\/wp-content\/uploads\/2026\/02\/IMG_6308-1536x2048.jpg 1536w, https:\/\/guideuppsala.se\/wp-content\/uploads\/2026\/02\/IMG_6308-9x12.jpg 9w\" sizes=\"auto, (max-width: 1920px) 100vw, 1920px\" \/><\/figure>\n<\/div>\n<\/div>","protected":false},"excerpt":{"rendered":"<p>Runstenar i universitetsparken I universitetsparken och runt domkyrkan finns en stor samling av runstenar, stenar med budskap fr\u00e5n vikingarnas v\u00e4rld. H\u00e4r hittar vi den skrytsamme vikingens sten liksom kvinnostenen. Vi kan se runorna som d\u00f6ljer sig i symbolen f\u00f6r Bluetooth.\u00a0Under de flesta av v\u00e5ra turer st\u00f6ter vi p\u00e5 runstenar.\u00a0 Runstenarna ger oss sm\u00e5 titth\u00e5l in [&hellip;]<\/p>\n","protected":false},"author":1,"featured_media":0,"parent":0,"menu_order":0,"comment_status":"closed","ping_status":"closed","template":"page-with-title","meta":{"_monsterinsights_skip_tracking":false,"_monsterinsights_sitenote_active":false,"_monsterinsights_sitenote_note":"","_monsterinsights_sitenote_category":0,"footnotes":""},"class_list":["post-532","page","type-page","status-publish","hentry"],"aioseo_notices":[],"_links":{"self":[{"href":"https:\/\/guideuppsala.se\/en\/wp-json\/wp\/v2\/pages\/532","targetHints":{"allow":["GET"]}}],"collection":[{"href":"https:\/\/guideuppsala.se\/en\/wp-json\/wp\/v2\/pages"}],"about":[{"href":"https:\/\/guideuppsala.se\/en\/wp-json\/wp\/v2\/types\/page"}],"author":[{"embeddable":true,"href":"https:\/\/guideuppsala.se\/en\/wp-json\/wp\/v2\/users\/1"}],"replies":[{"embeddable":true,"href":"https:\/\/guideuppsala.se\/en\/wp-json\/wp\/v2\/comments?post=532"}],"version-history":[{"count":11,"href":"https:\/\/guideuppsala.se\/en\/wp-json\/wp\/v2\/pages\/532\/revisions"}],"predecessor-version":[{"id":634,"href":"https:\/\/guideuppsala.se\/en\/wp-json\/wp\/v2\/pages\/532\/revisions\/634"}],"wp:attachment":[{"href":"https:\/\/guideuppsala.se\/en\/wp-json\/wp\/v2\/media?parent=532"}],"curies":[{"name":"wp","href":"https:\/\/api.w.org\/{rel}","templated":true}]}}