{"id":307,"date":"2026-01-24T08:56:58","date_gmt":"2026-01-24T08:56:58","guid":{"rendered":"https:\/\/guideuppsala.se\/?page_id=307"},"modified":"2026-02-02T12:31:27","modified_gmt":"2026-02-02T12:31:27","slug":"pelle-svanslos-i-uppsala","status":"publish","type":"page","link":"https:\/\/guideuppsala.se\/en\/pelle-svanslos-i-uppsala\/","title":{"rendered":"Pelle Svansl\u00f6s"},"content":{"rendered":"<div class=\"wp-block-group alignfull is-style-ext-preset--group--natural-1--section has-background-background-color has-background has-global-padding is-layout-constrained wp-container-core-group-is-layout-6714b1d7 wp-block-group-is-layout-constrained\" style=\"margin-top:0;margin-bottom:0;padding-top:var(--wp--preset--spacing--70);padding-bottom:var(--wp--preset--spacing--70)\">\n<div class=\"wp-block-group alignwide is-vertical is-content-justification-center is-layout-flex wp-container-core-group-is-layout-c9ee0c5a wp-block-group-is-layout-flex\">\n<div class=\"wp-block-group has-global-padding is-layout-constrained wp-container-core-group-is-layout-2287c683 wp-block-group-is-layout-constrained\">\n<h2 class=\"wp-block-heading has-text-align-center\">Pelle Svansl\u00f6s &#8211; En sn\u00e4ll katt med m\u00f6rk historia!<\/h2>\n\n\n\n<p class=\"has-text-align-left\">De 12 b\u00f6ckerna om den sn\u00e4lla katten Pelle Svansl\u00f6s skrevs av G\u00f6sta Knutsson fr\u00e5n 1939 till 1972. G\u00e5r man fr\u00e5n <a href=\"https:\/\/guideuppsala.se\/en\/uppsala-universitet\/\" title=\"Uppsala universitet\">Uppsala universitetshus<\/a> till <a href=\"https:\/\/guideuppsala.se\/en\/carolina-rediviva\/\" title=\"Carolina Rediviva\">Carolina Rediviva<\/a> s\u00e5 \u00e4r man i den svansl\u00f6sa kattens hemtrakter. Att de popul\u00e4ra barnb\u00f6ckerna inte bara var \u00e4mnade att underh\u00e5lla barn utan ocks\u00e5 hade ett politiskt budskap kanske inte alla k\u00e4nner till. De inneh\u00e5ller en satir riktad mot nationalsocialismen.\u00a0<\/p>\n<\/div>\n<\/div>\n\n\n\n<div class=\"wp-block-columns alignwide is-layout-flex wp-container-core-columns-is-layout-28f84493 wp-block-columns-is-layout-flex\">\n<div class=\"wp-block-column is-layout-flow wp-block-column-is-layout-flow\">\n<figure class=\"wp-block-image size-large is-style-ext-preset-image-natural-1-image-1--content-bottom is-style-ext-preset--image--natural-1--image-1--content-bottom is-style-ext-preset--image--natural-1--image-1--content-bottom--2\"><img loading=\"lazy\" decoding=\"async\" width=\"1024\" height=\"768\" src=\"https:\/\/guideuppsala.se\/wp-content\/uploads\/2026\/01\/Pelleskylt-1-4-3-rectangle-1024x768.jpeg\" alt=\"\" class=\"wp-image-392\" style=\"aspect-ratio:3\/4;object-fit:cover\" srcset=\"https:\/\/guideuppsala.se\/wp-content\/uploads\/2026\/01\/Pelleskylt-1-4-3-rectangle-1024x768.jpeg 1024w, https:\/\/guideuppsala.se\/wp-content\/uploads\/2026\/01\/Pelleskylt-1-4-3-rectangle-300x225.jpeg 300w, https:\/\/guideuppsala.se\/wp-content\/uploads\/2026\/01\/Pelleskylt-1-4-3-rectangle-768x576.jpeg 768w, https:\/\/guideuppsala.se\/wp-content\/uploads\/2026\/01\/Pelleskylt-1-4-3-rectangle-1536x1152.jpeg 1536w, https:\/\/guideuppsala.se\/wp-content\/uploads\/2026\/01\/Pelleskylt-1-4-3-rectangle-16x12.jpeg 16w, https:\/\/guideuppsala.se\/wp-content\/uploads\/2026\/01\/Pelleskylt-1-4-3-rectangle.jpeg 1837w\" sizes=\"auto, (max-width: 1024px) 100vw, 1024px\" \/><\/figure>\n<\/div>\n\n\n\n<div class=\"wp-block-column is-layout-flow wp-block-column-is-layout-flow\">\n<figure class=\"wp-block-image size-full is-style-ext-preset-image-natural-1-image-1--content-bottom is-style-ext-preset--image--natural-1--image-1--content-bottom is-style-ext-preset--image--natural-1--image-1--content-bottom--3\"><img loading=\"lazy\" decoding=\"async\" width=\"720\" height=\"720\" src=\"https:\/\/guideuppsala.se\/wp-content\/uploads\/2026\/01\/pelle.jpg\" alt=\"\" class=\"wp-image-422\" style=\"aspect-ratio:3\/4;object-fit:cover\" srcset=\"https:\/\/guideuppsala.se\/wp-content\/uploads\/2026\/01\/pelle.jpg 720w, https:\/\/guideuppsala.se\/wp-content\/uploads\/2026\/01\/pelle-300x300.jpg 300w, https:\/\/guideuppsala.se\/wp-content\/uploads\/2026\/01\/pelle-150x150.jpg 150w, https:\/\/guideuppsala.se\/wp-content\/uploads\/2026\/01\/pelle-12x12.jpg 12w\" sizes=\"auto, (max-width: 720px) 100vw, 720px\" \/><\/figure>\n<\/div>\n\n\n\n<div class=\"wp-block-column is-layout-flow wp-block-column-is-layout-flow\">\n<figure class=\"wp-block-image size-full is-style-ext-preset-image-natural-1-image-1--content-bottom is-style-ext-preset--image--natural-1--image-1--content-bottom is-style-ext-preset--image--natural-1--image-1--content-bottom--4\"><img loading=\"lazy\" decoding=\"async\" width=\"1920\" height=\"2560\" src=\"https:\/\/guideuppsala.se\/wp-content\/uploads\/2026\/01\/IMG_2580-scaled.jpeg\" alt=\"\" class=\"wp-image-426\" style=\"aspect-ratio:3\/4;object-fit:cover\" srcset=\"https:\/\/guideuppsala.se\/wp-content\/uploads\/2026\/01\/IMG_2580-scaled.jpeg 1920w, https:\/\/guideuppsala.se\/wp-content\/uploads\/2026\/01\/IMG_2580-225x300.jpeg 225w, https:\/\/guideuppsala.se\/wp-content\/uploads\/2026\/01\/IMG_2580-768x1024.jpeg 768w, https:\/\/guideuppsala.se\/wp-content\/uploads\/2026\/01\/IMG_2580-1152x1536.jpeg 1152w, https:\/\/guideuppsala.se\/wp-content\/uploads\/2026\/01\/IMG_2580-1536x2048.jpeg 1536w, https:\/\/guideuppsala.se\/wp-content\/uploads\/2026\/01\/IMG_2580-9x12.jpeg 9w\" sizes=\"auto, (max-width: 1920px) 100vw, 1920px\" \/><\/figure>\n<\/div>\n<\/div>\n<\/div>\n\n\n\n<div class=\"wp-block-group alignfull is-style-ext-preset--group--natural-1--section has-tertiary-background-color has-background has-global-padding is-layout-constrained wp-container-core-group-is-layout-f72f1611 wp-block-group-is-layout-constrained\" style=\"margin-top:0;margin-bottom:0;padding-top:var(--wp--preset--spacing--70);padding-bottom:var(--wp--preset--spacing--70)\">\n<div class=\"wp-block-group alignwide is-vertical is-layout-flex wp-container-core-group-is-layout-c35747d5 wp-block-group-is-layout-flex\">\n<div class=\"wp-block-group has-global-padding is-layout-constrained wp-container-core-group-is-layout-5e05634a wp-block-group-is-layout-constrained\">\n<h2 class=\"wp-block-heading\">Uppt\u00e4ck Pelle Svansl\u00f6s magiska v\u00e4rld i Uppsala.<\/h2>\n\n\n\n<p class=\"has-text-align-left\">Elaka M\u00e5ns ska ha l\u00e5nats drag fr\u00e5n s\u00e5v\u00e4l Hitler som Mussolini, men namnet fr\u00e5n spr\u00e5kvetaren M\u00e5ns Dalsj\u00f6 som kritiserat G\u00f6sta Knutsson. Det finns sagoturer med  f\u00f6retaget <a href=\"https:\/\/www.goadventure.se\" title=\"\">GO Adventure<\/a> f\u00f6r barn och vuxna att boka.<\/p>\n<\/div>\n<\/div>\n\n\n\n<div class=\"wp-block-columns alignwide is-layout-flex wp-container-core-columns-is-layout-87beb0d0 wp-block-columns-is-layout-flex\">\n<div class=\"wp-block-column is-vertically-aligned-stretch is-layout-flow wp-container-core-column-is-layout-f5bb311e wp-block-column-is-layout-flow\" style=\"flex-basis:50%\">\n<div class=\"wp-block-cover is-light is-style-ext-preset--image--natural-1--image-1--content-top is-style-ext-preset--image--natural-1--image-1--content-top--6\" style=\"padding-top:0;padding-bottom:0;min-height:100%;aspect-ratio:unset;\"><img loading=\"lazy\" decoding=\"async\" width=\"600\" height=\"596\" class=\"wp-block-cover__image-background wp-image-424 size-full\" alt=\"\" src=\"https:\/\/guideuppsala.se\/wp-content\/uploads\/2026\/01\/pelle_svanslos_logga.png\" data-object-fit=\"cover\" srcset=\"https:\/\/guideuppsala.se\/wp-content\/uploads\/2026\/01\/pelle_svanslos_logga.png 600w, https:\/\/guideuppsala.se\/wp-content\/uploads\/2026\/01\/pelle_svanslos_logga-300x298.png 300w, https:\/\/guideuppsala.se\/wp-content\/uploads\/2026\/01\/pelle_svanslos_logga-150x150.png 150w, https:\/\/guideuppsala.se\/wp-content\/uploads\/2026\/01\/pelle_svanslos_logga-12x12.png 12w\" sizes=\"auto, (max-width: 600px) 100vw, 600px\" \/><span aria-hidden=\"true\" class=\"wp-block-cover__background has-background-dim-0 has-background-dim\" style=\"background-color:#c6ac91\"><\/span><div class=\"wp-block-cover__inner-container is-layout-flow wp-block-cover-is-layout-flow\">\n<div style=\"height:240px\" aria-hidden=\"true\" class=\"wp-block-spacer\"><\/div>\n<\/div><\/div>\n<\/div>\n\n\n\n<div class=\"wp-block-column is-vertically-aligned-top is-layout-flow wp-container-core-column-is-layout-f5bb311e wp-block-column-is-layout-flow\">\n<figure class=\"wp-block-image size-large is-style-ext-preset--image--natural-1--image-1--content-top is-style-ext-preset--image--natural-1--image-1--content-top--7\"><img loading=\"lazy\" decoding=\"async\" width=\"768\" height=\"1024\" src=\"https:\/\/guideuppsala.se\/wp-content\/uploads\/2026\/01\/IMG_2924-768x1024.jpeg\" alt=\"\" class=\"wp-image-427\" style=\"aspect-ratio:1;object-fit:cover\" srcset=\"https:\/\/guideuppsala.se\/wp-content\/uploads\/2026\/01\/IMG_2924-768x1024.jpeg 768w, https:\/\/guideuppsala.se\/wp-content\/uploads\/2026\/01\/IMG_2924-225x300.jpeg 225w, https:\/\/guideuppsala.se\/wp-content\/uploads\/2026\/01\/IMG_2924-1152x1536.jpeg 1152w, https:\/\/guideuppsala.se\/wp-content\/uploads\/2026\/01\/IMG_2924-9x12.jpeg 9w, https:\/\/guideuppsala.se\/wp-content\/uploads\/2026\/01\/IMG_2924.jpeg 1537w\" sizes=\"auto, (max-width: 768px) 100vw, 768px\" \/><\/figure>\n\n\n\n<figure class=\"wp-block-image size-large is-style-ext-preset--image--natural-1--image-1--content-top is-style-ext-preset--image--natural-1--image-1--content-top--8\"><img loading=\"lazy\" decoding=\"async\" width=\"768\" height=\"1024\" src=\"https:\/\/guideuppsala.se\/wp-content\/uploads\/2026\/01\/IMG_2877-768x1024.jpeg\" alt=\"\" class=\"wp-image-429\" style=\"aspect-ratio:1;object-fit:cover\" srcset=\"https:\/\/guideuppsala.se\/wp-content\/uploads\/2026\/01\/IMG_2877-768x1025.jpeg 768w, https:\/\/guideuppsala.se\/wp-content\/uploads\/2026\/01\/IMG_2877-225x300.jpeg 225w, https:\/\/guideuppsala.se\/wp-content\/uploads\/2026\/01\/IMG_2877-1151x1536.jpeg 1151w, https:\/\/guideuppsala.se\/wp-content\/uploads\/2026\/01\/IMG_2877-9x12.jpeg 9w, https:\/\/guideuppsala.se\/wp-content\/uploads\/2026\/01\/IMG_2877.jpeg 1536w\" sizes=\"auto, (max-width: 768px) 100vw, 768px\" \/><\/figure>\n<\/div>\n\n\n\n<div class=\"wp-block-column is-vertically-aligned-top is-layout-flow wp-container-core-column-is-layout-f5bb311e wp-block-column-is-layout-flow\">\n<figure class=\"wp-block-image size-large is-style-ext-preset--image--natural-1--image-1--content-top is-style-ext-preset--image--natural-1--image-1--content-top--9\"><img loading=\"lazy\" decoding=\"async\" width=\"768\" height=\"1024\" src=\"https:\/\/guideuppsala.se\/wp-content\/uploads\/2026\/01\/IMG_2928-768x1024.jpeg\" alt=\"\" class=\"wp-image-428\" style=\"aspect-ratio:1;object-fit:cover\" srcset=\"https:\/\/guideuppsala.se\/wp-content\/uploads\/2026\/01\/IMG_2928-768x1025.jpeg 768w, https:\/\/guideuppsala.se\/wp-content\/uploads\/2026\/01\/IMG_2928-225x300.jpeg 225w, https:\/\/guideuppsala.se\/wp-content\/uploads\/2026\/01\/IMG_2928-1151x1536.jpeg 1151w, https:\/\/guideuppsala.se\/wp-content\/uploads\/2026\/01\/IMG_2928-9x12.jpeg 9w, https:\/\/guideuppsala.se\/wp-content\/uploads\/2026\/01\/IMG_2928.jpeg 1536w\" sizes=\"auto, (max-width: 768px) 100vw, 768px\" \/><\/figure>\n\n\n\n<figure class=\"wp-block-image size-large is-style-ext-preset--image--natural-1--image-1--content-top is-style-ext-preset--image--natural-1--image-1--content-top--10\"><img loading=\"lazy\" decoding=\"async\" width=\"768\" height=\"1024\" src=\"https:\/\/guideuppsala.se\/wp-content\/uploads\/2026\/01\/IMG_2089-768x1024.jpg\" alt=\"\" class=\"wp-image-430\" style=\"aspect-ratio:1;object-fit:cover\" srcset=\"https:\/\/guideuppsala.se\/wp-content\/uploads\/2026\/01\/IMG_2089-768x1024.jpg 768w, https:\/\/guideuppsala.se\/wp-content\/uploads\/2026\/01\/IMG_2089-225x300.jpg 225w, https:\/\/guideuppsala.se\/wp-content\/uploads\/2026\/01\/IMG_2089-9x12.jpg 9w, https:\/\/guideuppsala.se\/wp-content\/uploads\/2026\/01\/IMG_2089.jpg 1125w\" sizes=\"auto, (max-width: 768px) 100vw, 768px\" \/><\/figure>\n<\/div>\n<\/div>\n<\/div>","protected":false},"excerpt":{"rendered":"<p>Pelle Svansl\u00f6s &#8211; En sn\u00e4ll katt med m\u00f6rk historia! De 12 b\u00f6ckerna om den sn\u00e4lla katten Pelle Svansl\u00f6s skrevs av G\u00f6sta Knutsson fr\u00e5n 1939 till 1972. G\u00e5r man fr\u00e5n Uppsala universitetshus till Carolina Rediviva s\u00e5 \u00e4r man i den svansl\u00f6sa kattens hemtrakter. Att de popul\u00e4ra barnb\u00f6ckerna inte bara var \u00e4mnade att underh\u00e5lla barn utan ocks\u00e5 [&hellip;]<\/p>\n","protected":false},"author":1,"featured_media":0,"parent":0,"menu_order":0,"comment_status":"closed","ping_status":"closed","template":"page-with-title","meta":{"_monsterinsights_skip_tracking":false,"_monsterinsights_sitenote_active":false,"_monsterinsights_sitenote_note":"","_monsterinsights_sitenote_category":0,"footnotes":""},"class_list":["post-307","page","type-page","status-publish","hentry"],"aioseo_notices":[],"_links":{"self":[{"href":"https:\/\/guideuppsala.se\/en\/wp-json\/wp\/v2\/pages\/307","targetHints":{"allow":["GET"]}}],"collection":[{"href":"https:\/\/guideuppsala.se\/en\/wp-json\/wp\/v2\/pages"}],"about":[{"href":"https:\/\/guideuppsala.se\/en\/wp-json\/wp\/v2\/types\/page"}],"author":[{"embeddable":true,"href":"https:\/\/guideuppsala.se\/en\/wp-json\/wp\/v2\/users\/1"}],"replies":[{"embeddable":true,"href":"https:\/\/guideuppsala.se\/en\/wp-json\/wp\/v2\/comments?post=307"}],"version-history":[{"count":7,"href":"https:\/\/guideuppsala.se\/en\/wp-json\/wp\/v2\/pages\/307\/revisions"}],"predecessor-version":[{"id":682,"href":"https:\/\/guideuppsala.se\/en\/wp-json\/wp\/v2\/pages\/307\/revisions\/682"}],"wp:attachment":[{"href":"https:\/\/guideuppsala.se\/en\/wp-json\/wp\/v2\/media?parent=307"}],"curies":[{"name":"wp","href":"https:\/\/api.w.org\/{rel}","templated":true}]}}