{"id":300,"date":"2026-01-24T08:46:39","date_gmt":"2026-01-24T08:46:39","guid":{"rendered":"https:\/\/guideuppsala.se\/?page_id=300"},"modified":"2026-02-02T12:12:31","modified_gmt":"2026-02-02T12:12:31","slug":"carolina-rediviva","status":"publish","type":"page","link":"https:\/\/guideuppsala.se\/en\/carolina-rediviva\/","title":{"rendered":"Carolina Rediviva"},"content":{"rendered":"<div class=\"wp-block-group alignfull is-style-ext-preset--group--natural-1--section has-background-background-color has-background has-global-padding is-layout-constrained wp-block-group-is-layout-constrained\" style=\"margin-top:0;margin-bottom:0;padding-top:var(--wp--preset--spacing--70);padding-bottom:var(--wp--preset--spacing--70)\">\n<div class=\"wp-block-columns alignwide are-vertically-aligned-center is-layout-flex wp-container-core-columns-is-layout-174606dc wp-block-columns-is-layout-flex\">\n<div class=\"wp-block-column is-vertically-aligned-center is-layout-flow wp-block-column-is-layout-flow\">\n<div class=\"wp-block-group alignwide is-vertical is-layout-flex wp-container-core-group-is-layout-c35747d5 wp-block-group-is-layout-flex\">\n<div class=\"wp-block-group has-global-padding is-layout-constrained wp-container-core-group-is-layout-dd32767c wp-block-group-is-layout-constrained\">\n<h2 class=\"wp-block-heading\">Carolina Rediviva &#8211; Bibliotek, Mozart och Kalle Anka!<\/h2>\n\n\n\n<p>Universitetets bibliotek. Sedan 1661 har alla tryckerier i Sverige varit skyldiga att skicka ett exemplar av alla b\u00f6cker, tidningar mm de trycker till Uppsala universitetsbibliotek och ytterligare ett litet antal bibliotek. <br><br>H\u00e4r finns \u00e4ven dataspel, radio- och tv-program, filmer, musikskivor mm. Detta plus allt som erh\u00e5llits p\u00e5 olika s\u00e4tt fr\u00e5n utlandet g\u00f6r Carolina Rediviva till ett rikt forskningsbibliotek, \u00e4ven om du har udda intressen\u2026 Vill du forska p\u00e5 Kalle Anka?! Alla exemplaren fr\u00e5n 1948 och fram\u00e5t finns p\u00e5 Carolina!<br><\/p>\n<\/div>\n<\/div>\n<\/div>\n\n\n\n<div class=\"wp-block-column is-vertically-aligned-center is-layout-flow wp-block-column-is-layout-flow\">\n<figure class=\"wp-block-image size-large is-style-ext-preset--image--natural-1--image-1--content-left is-style-ext-preset--image--natural-1--image-1--content-left--2\"><img loading=\"lazy\" decoding=\"async\" width=\"1024\" height=\"768\" src=\"https:\/\/guideuppsala.se\/wp-content\/uploads\/2026\/01\/Carolina-ute-4-3-rectangle-1024x768.jpeg\" alt=\"\" class=\"wp-image-359\" style=\"aspect-ratio:1;object-fit:cover\" srcset=\"https:\/\/guideuppsala.se\/wp-content\/uploads\/2026\/01\/Carolina-ute-4-3-rectangle-1024x768.jpeg 1024w, https:\/\/guideuppsala.se\/wp-content\/uploads\/2026\/01\/Carolina-ute-4-3-rectangle-300x225.jpeg 300w, https:\/\/guideuppsala.se\/wp-content\/uploads\/2026\/01\/Carolina-ute-4-3-rectangle-768x576.jpeg 768w, https:\/\/guideuppsala.se\/wp-content\/uploads\/2026\/01\/Carolina-ute-4-3-rectangle-1536x1152.jpeg 1536w, https:\/\/guideuppsala.se\/wp-content\/uploads\/2026\/01\/Carolina-ute-4-3-rectangle-16x12.jpeg 16w, https:\/\/guideuppsala.se\/wp-content\/uploads\/2026\/01\/Carolina-ute-4-3-rectangle.jpeg 1832w\" sizes=\"auto, (max-width: 1024px) 100vw, 1024px\" \/><\/figure>\n<\/div>\n<\/div>\n<\/div>\n\n\n\n<div class=\"wp-block-group alignfull is-style-ext-preset--group--natural-1--section has-tertiary-background-color has-background has-global-padding is-layout-constrained wp-container-core-group-is-layout-e955bbaf wp-block-group-is-layout-constrained\" style=\"margin-top:0;margin-bottom:0;padding-top:var(--wp--preset--spacing--70);padding-bottom:var(--wp--preset--spacing--70)\">\n<div class=\"wp-block-media-text alignwide is-stacked-on-mobile is-image-fill-element is-style-ext-preset--media-text--natural-1--card-1 is-style-ext-preset--media-text--natural-1--card-1--4\"><figure class=\"wp-block-media-text__media\"><img loading=\"lazy\" decoding=\"async\" width=\"618\" height=\"481\" src=\"https:\/\/guideuppsala.se\/wp-content\/uploads\/2026\/02\/Skidor.jpeg\" alt=\"Karta\" class=\"wp-image-583 size-full\" style=\"object-position:50% 50%\" srcset=\"https:\/\/guideuppsala.se\/wp-content\/uploads\/2026\/02\/Skidor.jpeg 618w, https:\/\/guideuppsala.se\/wp-content\/uploads\/2026\/02\/Skidor-300x233.jpeg 300w, https:\/\/guideuppsala.se\/wp-content\/uploads\/2026\/02\/Skidor-15x12.jpeg 15w\" sizes=\"auto, (max-width: 618px) 100vw, 618px\" \/><\/figure><div class=\"wp-block-media-text__content\">\n<div class=\"wp-block-group alignwide is-vertical is-layout-flex wp-container-core-group-is-layout-53474e87 wp-block-group-is-layout-flex\" style=\"padding-top:var(--wp--preset--spacing--60);padding-bottom:var(--wp--preset--spacing--60)\">\n<div class=\"wp-block-group has-global-padding is-layout-constrained wp-container-core-group-is-layout-812d5580 wp-block-group-is-layout-constrained\" style=\"padding-top:0;padding-right:0;padding-bottom:0;padding-left:0\">\n<h3 class=\"wp-block-heading\">Carta Marina<\/h3>\n\n\n\n<p>P\u00e5 Carolina Rediviva finns ett av de tv\u00e5 bevarade exemplaren av Carta Marina, tryckt i Venedig genom Olaus Magnus f\u00f6rsorg 1539. Det var den mest v\u00e4lliknande kartan \u00f6ver Norden f\u00f6r en l\u00e5ng tid fram\u00f6ver. Hur kunde man f\u00e5 propotionerna s\u00e5 r\u00e4tt utan satellitbilder?!<\/p>\n\n\n\n<p>Kartan ger m\u00e4ngder av information om hur man s\u00e5g p\u00e5 tillvaron i gamla tider. Skid\u00e5karen som jagar med pil och b\u00e5ge. J\u00e4rven som \u00e4r f\u00f6rstoppad och lyckas kl\u00e4mma ur sig sm\u00e5, ja du vet vad\u2026 Mannen som klubbar lake och kvinnan som mj\u00f6lkar en ren. Det finns s\u00e4kert tusen s\u00e5dana h\u00e4r sm\u00e5 illustrationer p\u00e5 Carta Marina.<\/p>\n\n\n\n<p><a href=\"https:\/\/www.alvin-portal.org\/alvin\/imageViewer.jsf?dsId=ATTACHMENT-0001&amp;pid=alvin-record:88495&amp;dswid=-3965\" title=\"\">L\u00e4nk till karta &#8212;><\/a><\/p>\n<\/div>\n<\/div>\n<\/div><\/div>\n\n\n\n<div class=\"wp-block-media-text alignwide has-media-on-the-right is-stacked-on-mobile\"><div class=\"wp-block-media-text__content\">\n<h2 class=\"wp-block-heading\">Silverbibeln<\/h2>\n\n\n\n<p>Fr\u00e5n bibliotekets samlingar har man sammanst\u00e4llt en rik utst\u00e4llning. H\u00e4r finns Silverbibeln, 1500 \u00e5r gammal och den enda i sitt slag. Carta Marina, en karta \u00f6ver norra Europa tryckt 1539 som det bara finns tv\u00e5 exemplar av i v\u00e4rlden.<\/p>\n\n\n\n<p>P\u00e5 kartan finns m\u00e4ngder av fascinerande illustrationer av hur man levde p\u00e5 1500-talet. Mozarts originalnoter finns till beundran. Och mycket, mycket mer. En sev\u00e4rdhet synd att missa!<\/p>\n<\/div><figure class=\"wp-block-media-text__media\"><img loading=\"lazy\" decoding=\"async\" width=\"1024\" height=\"711\" src=\"https:\/\/guideuppsala.se\/wp-content\/uploads\/2026\/02\/Skarmavbild-2021-08-10-kl.-20.19.54-1024x711.png\" alt=\"Carolina rediviva - Silverbibeln \" class=\"wp-image-582 size-full\" srcset=\"https:\/\/guideuppsala.se\/wp-content\/uploads\/2026\/02\/Skarmavbild-2021-08-10-kl.-20.19.54-1024x711.png 1024w, https:\/\/guideuppsala.se\/wp-content\/uploads\/2026\/02\/Skarmavbild-2021-08-10-kl.-20.19.54-300x208.png 300w, https:\/\/guideuppsala.se\/wp-content\/uploads\/2026\/02\/Skarmavbild-2021-08-10-kl.-20.19.54-768x533.png 768w, https:\/\/guideuppsala.se\/wp-content\/uploads\/2026\/02\/Skarmavbild-2021-08-10-kl.-20.19.54-18x12.png 18w, https:\/\/guideuppsala.se\/wp-content\/uploads\/2026\/02\/Skarmavbild-2021-08-10-kl.-20.19.54.png 1262w\" sizes=\"auto, (max-width: 1024px) 100vw, 1024px\" \/><\/figure><\/div>\n<\/div>","protected":false},"excerpt":{"rendered":"<p>Carolina Rediviva &#8211; Bibliotek, Mozart och Kalle Anka! Universitetets bibliotek. Sedan 1661 har alla tryckerier i Sverige varit skyldiga att skicka ett exemplar av alla b\u00f6cker, tidningar mm de trycker till Uppsala universitetsbibliotek och ytterligare ett litet antal bibliotek. H\u00e4r finns \u00e4ven dataspel, radio- och tv-program, filmer, musikskivor mm. Detta plus allt som erh\u00e5llits p\u00e5 [&hellip;]<\/p>\n","protected":false},"author":1,"featured_media":0,"parent":0,"menu_order":0,"comment_status":"closed","ping_status":"closed","template":"page-with-title","meta":{"_monsterinsights_skip_tracking":false,"_monsterinsights_sitenote_active":false,"_monsterinsights_sitenote_note":"","_monsterinsights_sitenote_category":0,"footnotes":""},"class_list":["post-300","page","type-page","status-publish","hentry"],"aioseo_notices":[],"_links":{"self":[{"href":"https:\/\/guideuppsala.se\/en\/wp-json\/wp\/v2\/pages\/300","targetHints":{"allow":["GET"]}}],"collection":[{"href":"https:\/\/guideuppsala.se\/en\/wp-json\/wp\/v2\/pages"}],"about":[{"href":"https:\/\/guideuppsala.se\/en\/wp-json\/wp\/v2\/types\/page"}],"author":[{"embeddable":true,"href":"https:\/\/guideuppsala.se\/en\/wp-json\/wp\/v2\/users\/1"}],"replies":[{"embeddable":true,"href":"https:\/\/guideuppsala.se\/en\/wp-json\/wp\/v2\/comments?post=300"}],"version-history":[{"count":6,"href":"https:\/\/guideuppsala.se\/en\/wp-json\/wp\/v2\/pages\/300\/revisions"}],"predecessor-version":[{"id":671,"href":"https:\/\/guideuppsala.se\/en\/wp-json\/wp\/v2\/pages\/300\/revisions\/671"}],"wp:attachment":[{"href":"https:\/\/guideuppsala.se\/en\/wp-json\/wp\/v2\/media?parent=300"}],"curies":[{"name":"wp","href":"https:\/\/api.w.org\/{rel}","templated":true}]}}