{"id":297,"date":"2026-01-24T08:40:53","date_gmt":"2026-01-24T08:40:53","guid":{"rendered":"https:\/\/guideuppsala.se\/?page_id=297"},"modified":"2026-02-02T12:29:25","modified_gmt":"2026-02-02T12:29:25","slug":"linnes-savja","status":"publish","type":"page","link":"https:\/\/guideuppsala.se\/en\/linnes-savja\/","title":{"rendered":"Linn\u00e9s S\u00e4vja"},"content":{"rendered":"<div class=\"wp-block-group alignfull is-style-ext-preset--group--natural-1--section has-background-background-color has-background has-global-padding is-layout-constrained wp-block-group-is-layout-constrained\" style=\"margin-top:0;margin-bottom:0;padding-top:var(--wp--preset--spacing--70);padding-bottom:var(--wp--preset--spacing--70)\">\n<div class=\"wp-block-columns alignwide are-vertically-aligned-center is-layout-flex wp-container-core-columns-is-layout-174606dc wp-block-columns-is-layout-flex\">\n<div class=\"wp-block-column is-vertically-aligned-center is-layout-flow wp-block-column-is-layout-flow\">\n<figure class=\"wp-block-image size-large is-style-ext-preset--image--natural-1--image-1--content-right is-style-ext-preset--image--natural-1--image-1--content-right--2\"><img loading=\"lazy\" decoding=\"async\" width=\"1024\" height=\"768\" src=\"https:\/\/guideuppsala.se\/wp-content\/uploads\/2026\/01\/Savja-4-3-rectangle-1024x768.jpeg\" alt=\"\" class=\"wp-image-396\" style=\"aspect-ratio:1;object-fit:cover\" srcset=\"https:\/\/guideuppsala.se\/wp-content\/uploads\/2026\/01\/Savja-4-3-rectangle-1024x768.jpeg 1024w, https:\/\/guideuppsala.se\/wp-content\/uploads\/2026\/01\/Savja-4-3-rectangle-300x225.jpeg 300w, https:\/\/guideuppsala.se\/wp-content\/uploads\/2026\/01\/Savja-4-3-rectangle-768x576.jpeg 768w, https:\/\/guideuppsala.se\/wp-content\/uploads\/2026\/01\/Savja-4-3-rectangle-1536x1152.jpeg 1536w, https:\/\/guideuppsala.se\/wp-content\/uploads\/2026\/01\/Savja-4-3-rectangle-16x12.jpeg 16w, https:\/\/guideuppsala.se\/wp-content\/uploads\/2026\/01\/Savja-4-3-rectangle.jpeg 1837w\" sizes=\"auto, (max-width: 1024px) 100vw, 1024px\" \/><\/figure>\n<\/div>\n\n\n\n<div class=\"wp-block-column is-vertically-aligned-center is-layout-flow wp-block-column-is-layout-flow\">\n<div class=\"wp-block-group alignwide is-vertical is-layout-flex wp-container-core-group-is-layout-c35747d5 wp-block-group-is-layout-flex\">\n<div class=\"wp-block-group has-global-padding is-layout-constrained wp-container-core-group-is-layout-dd32767c wp-block-group-is-layout-constrained\">\n<h2 class=\"wp-block-heading\">Linn\u00e9s S\u00e4vja &#8211; H\u00e4r fick Linn\u00e9 lugn och ro!<\/h2>\n\n\n\n<p>I samband med att Linn\u00e9 k\u00f6pte <a href=\"https:\/\/guideuppsala.se\/en\/linnes-hammarby\/\" title=\"Linn\u00e9s Hammarby\">Hammarby<\/a> f\u00f6rv\u00e4rvade han ocks\u00e5 g\u00e5rden S\u00e4vja, d\u00e4r en bonde och hans familj bodde och sk\u00f6tte brukandet av jorden. <br><br>Men Linn\u00e9 l\u00e4t bygga ett litet krypin med tv\u00e5 rum och egen ing\u00e5ng p\u00e5 huvudbyggnadens \u00f6verv\u00e5ning. N\u00e4r familj, studenter och plikter blev f\u00f6r betungande flydde Linn\u00e9 till S\u00e4vja f\u00f6r att f\u00e5 lite lugn och ro.<br><\/p>\n<\/div>\n<\/div>\n<\/div>\n<\/div>\n<\/div>\n\n\n\n<div class=\"wp-block-group alignfull is-style-ext-preset--group--natural-1--section has-tertiary-background-color has-background has-global-padding is-layout-constrained wp-container-core-group-is-layout-f72f1611 wp-block-group-is-layout-constrained\" style=\"margin-top:0;margin-bottom:0;padding-top:var(--wp--preset--spacing--70);padding-bottom:var(--wp--preset--spacing--70)\">\n<div class=\"wp-block-group alignwide is-vertical is-layout-flex wp-container-core-group-is-layout-c35747d5 wp-block-group-is-layout-flex\">\n<div class=\"wp-block-group has-global-padding is-layout-constrained wp-container-core-group-is-layout-5e05634a wp-block-group-is-layout-constrained\">\n<h2 class=\"wp-block-heading\">Linn\u00e9s S\u00e4vja &#8211; En tillflyktsort<\/h2>\n\n\n\n<p class=\"has-text-align-left\">Man kan g\u00f6ra ett kort stopp p\u00e5 v\u00e4gen till <a href=\"https:\/\/guideuppsala.se\/en\/linnes-hammarby\/\" title=\"Linn\u00e9s Hammarby\">Linn\u00e9s Hammarby<\/a> f\u00f6r att se det unika huset med sitt lilla medicinhistoriska museum. I tr\u00e4dg\u00e5rden v\u00e4xter med anknytning till <a href=\"https:\/\/sv.wikipedia.org\/wiki\/Carl_von_Linn\u00e9\" title=\"\">Linn\u00e9<\/a>. Kanske ta en fika. Trevlig plats att fira midsommar med musik och dans!<\/p>\n<\/div>\n<\/div>\n\n\n\n<div class=\"wp-block-columns alignwide are-vertically-aligned-top is-layout-flex wp-container-core-columns-is-layout-87beb0d0 wp-block-columns-is-layout-flex\">\n<div class=\"wp-block-column is-vertically-aligned-top is-layout-flow wp-container-core-column-is-layout-f5bb311e wp-block-column-is-layout-flow\">\n<figure class=\"wp-block-image size-large is-style-ext-preset--image--natural-1--image-1--content-top is-style-ext-preset--image--natural-1--image-1--content-top--4\"><img loading=\"lazy\" decoding=\"async\" width=\"1024\" height=\"768\" src=\"https:\/\/guideuppsala.se\/wp-content\/uploads\/2026\/01\/Blandat-Linne-halsar-4-3-rectangle-1024x768.jpeg\" alt=\"\" class=\"wp-image-353\" style=\"aspect-ratio:1;object-fit:cover\" srcset=\"https:\/\/guideuppsala.se\/wp-content\/uploads\/2026\/01\/Blandat-Linne-halsar-4-3-rectangle-1024x768.jpeg 1024w, https:\/\/guideuppsala.se\/wp-content\/uploads\/2026\/01\/Blandat-Linne-halsar-4-3-rectangle-300x225.jpeg 300w, https:\/\/guideuppsala.se\/wp-content\/uploads\/2026\/01\/Blandat-Linne-halsar-4-3-rectangle-768x576.jpeg 768w, https:\/\/guideuppsala.se\/wp-content\/uploads\/2026\/01\/Blandat-Linne-halsar-4-3-rectangle-1536x1152.jpeg 1536w, https:\/\/guideuppsala.se\/wp-content\/uploads\/2026\/01\/Blandat-Linne-halsar-4-3-rectangle-16x12.jpeg 16w, https:\/\/guideuppsala.se\/wp-content\/uploads\/2026\/01\/Blandat-Linne-halsar-4-3-rectangle.jpeg 1712w\" sizes=\"auto, (max-width: 1024px) 100vw, 1024px\" \/><\/figure>\n<\/div>\n\n\n\n<div class=\"wp-block-column is-vertically-aligned-top is-layout-flow wp-container-core-column-is-layout-f5bb311e wp-block-column-is-layout-flow\">\n<figure class=\"wp-block-image size-large is-style-ext-preset--image--natural-1--image-1--content-top is-style-ext-preset--image--natural-1--image-1--content-top--5\"><img loading=\"lazy\" decoding=\"async\" width=\"1024\" height=\"768\" src=\"https:\/\/guideuppsala.se\/wp-content\/uploads\/2026\/01\/Hammarby-blomstig-4-3-rectangle-1024x768.jpeg\" alt=\"\" class=\"wp-image-376\" style=\"aspect-ratio:1;object-fit:cover\" srcset=\"https:\/\/guideuppsala.se\/wp-content\/uploads\/2026\/01\/Hammarby-blomstig-4-3-rectangle-1024x768.jpeg 1024w, https:\/\/guideuppsala.se\/wp-content\/uploads\/2026\/01\/Hammarby-blomstig-4-3-rectangle-300x225.jpeg 300w, https:\/\/guideuppsala.se\/wp-content\/uploads\/2026\/01\/Hammarby-blomstig-4-3-rectangle-768x576.jpeg 768w, https:\/\/guideuppsala.se\/wp-content\/uploads\/2026\/01\/Hammarby-blomstig-4-3-rectangle-1536x1152.jpeg 1536w, https:\/\/guideuppsala.se\/wp-content\/uploads\/2026\/01\/Hammarby-blomstig-4-3-rectangle-16x12.jpeg 16w, https:\/\/guideuppsala.se\/wp-content\/uploads\/2026\/01\/Hammarby-blomstig-4-3-rectangle.jpeg 1837w\" sizes=\"auto, (max-width: 1024px) 100vw, 1024px\" \/><\/figure>\n<\/div>\n\n\n\n<div class=\"wp-block-column is-vertically-aligned-top is-layout-flow wp-container-core-column-is-layout-f5bb311e wp-block-column-is-layout-flow\">\n<figure class=\"wp-block-image size-large is-style-ext-preset--image--natural-1--image-1--content-top is-style-ext-preset--image--natural-1--image-1--content-top--6\"><img loading=\"lazy\" decoding=\"async\" width=\"1024\" height=\"768\" src=\"https:\/\/guideuppsala.se\/wp-content\/uploads\/2026\/02\/IMG_5869-1024x768.jpg\" alt=\"Linn\u00e9s S\u00e4vja\" class=\"wp-image-556\" style=\"aspect-ratio:1;object-fit:cover\" srcset=\"https:\/\/guideuppsala.se\/wp-content\/uploads\/2026\/02\/IMG_5869-1024x768.jpg 1024w, https:\/\/guideuppsala.se\/wp-content\/uploads\/2026\/02\/IMG_5869-300x225.jpg 300w, https:\/\/guideuppsala.se\/wp-content\/uploads\/2026\/02\/IMG_5869-768x576.jpg 768w, https:\/\/guideuppsala.se\/wp-content\/uploads\/2026\/02\/IMG_5869-1536x1152.jpg 1536w, https:\/\/guideuppsala.se\/wp-content\/uploads\/2026\/02\/IMG_5869-2048x1536.jpg 2048w, https:\/\/guideuppsala.se\/wp-content\/uploads\/2026\/02\/IMG_5869-16x12.jpg 16w\" sizes=\"auto, (max-width: 1024px) 100vw, 1024px\" \/><\/figure>\n<\/div>\n\n\n\n<div class=\"wp-block-column is-vertically-aligned-top is-layout-flow wp-container-core-column-is-layout-f5bb311e wp-block-column-is-layout-flow\">\n<figure class=\"wp-block-image size-large is-style-ext-preset--image--natural-1--image-1--content-top is-style-ext-preset--image--natural-1--image-1--content-top--7\"><img loading=\"lazy\" decoding=\"async\" width=\"1024\" height=\"768\" src=\"https:\/\/guideuppsala.se\/wp-content\/uploads\/2026\/02\/IMG_5596-1024x768.jpeg\" alt=\"Midsommarfirande  i Linn\u00e9s S\u00e4vja\" class=\"wp-image-557\" style=\"aspect-ratio:1;object-fit:cover\" srcset=\"https:\/\/guideuppsala.se\/wp-content\/uploads\/2026\/02\/IMG_5596-1024x768.jpeg 1024w, https:\/\/guideuppsala.se\/wp-content\/uploads\/2026\/02\/IMG_5596-300x225.jpeg 300w, https:\/\/guideuppsala.se\/wp-content\/uploads\/2026\/02\/IMG_5596-768x576.jpeg 768w, https:\/\/guideuppsala.se\/wp-content\/uploads\/2026\/02\/IMG_5596-1536x1152.jpeg 1536w, https:\/\/guideuppsala.se\/wp-content\/uploads\/2026\/02\/IMG_5596-2048x1536.jpeg 2048w, https:\/\/guideuppsala.se\/wp-content\/uploads\/2026\/02\/IMG_5596-16x12.jpeg 16w\" sizes=\"auto, (max-width: 1024px) 100vw, 1024px\" \/><\/figure>\n<\/div>\n<\/div>\n<\/div>","protected":false},"excerpt":{"rendered":"<p>Linn\u00e9s S\u00e4vja &#8211; H\u00e4r fick Linn\u00e9 lugn och ro! I samband med att Linn\u00e9 k\u00f6pte Hammarby f\u00f6rv\u00e4rvade han ocks\u00e5 g\u00e5rden S\u00e4vja, d\u00e4r en bonde och hans familj bodde och sk\u00f6tte brukandet av jorden. Men Linn\u00e9 l\u00e4t bygga ett litet krypin med tv\u00e5 rum och egen ing\u00e5ng p\u00e5 huvudbyggnadens \u00f6verv\u00e5ning. N\u00e4r familj, studenter och plikter blev [&hellip;]<\/p>\n","protected":false},"author":1,"featured_media":0,"parent":0,"menu_order":0,"comment_status":"closed","ping_status":"closed","template":"page-with-title","meta":{"_monsterinsights_skip_tracking":false,"_monsterinsights_sitenote_active":false,"_monsterinsights_sitenote_note":"","_monsterinsights_sitenote_category":0,"footnotes":""},"class_list":["post-297","page","type-page","status-publish","hentry"],"aioseo_notices":[],"_links":{"self":[{"href":"https:\/\/guideuppsala.se\/en\/wp-json\/wp\/v2\/pages\/297","targetHints":{"allow":["GET"]}}],"collection":[{"href":"https:\/\/guideuppsala.se\/en\/wp-json\/wp\/v2\/pages"}],"about":[{"href":"https:\/\/guideuppsala.se\/en\/wp-json\/wp\/v2\/types\/page"}],"author":[{"embeddable":true,"href":"https:\/\/guideuppsala.se\/en\/wp-json\/wp\/v2\/users\/1"}],"replies":[{"embeddable":true,"href":"https:\/\/guideuppsala.se\/en\/wp-json\/wp\/v2\/comments?post=297"}],"version-history":[{"count":8,"href":"https:\/\/guideuppsala.se\/en\/wp-json\/wp\/v2\/pages\/297\/revisions"}],"predecessor-version":[{"id":680,"href":"https:\/\/guideuppsala.se\/en\/wp-json\/wp\/v2\/pages\/297\/revisions\/680"}],"wp:attachment":[{"href":"https:\/\/guideuppsala.se\/en\/wp-json\/wp\/v2\/media?parent=297"}],"curies":[{"name":"wp","href":"https:\/\/api.w.org\/{rel}","templated":true}]}}