{"id":200,"date":"2026-01-24T07:54:14","date_gmt":"2026-01-24T07:54:14","guid":{"rendered":"https:\/\/guideuppsala.se\/?page_id=200"},"modified":"2026-02-02T07:33:54","modified_gmt":"2026-02-02T07:33:54","slug":"fyrisan-i-uppsala","status":"publish","type":"page","link":"https:\/\/guideuppsala.se\/en\/fyrisan-i-uppsala\/","title":{"rendered":"Fyris\u00e5n"},"content":{"rendered":"<div class=\"wp-block-group alignfull is-style-ext-preset--group--natural-1--section has-background-background-color has-background has-global-padding is-layout-constrained wp-block-group-is-layout-constrained\" style=\"margin-top:0;margin-bottom:0;padding-top:var(--wp--preset--spacing--70);padding-bottom:var(--wp--preset--spacing--70)\">\n<div class=\"wp-block-columns alignwide are-vertically-aligned-center is-layout-flex wp-container-core-columns-is-layout-174606dc wp-block-columns-is-layout-flex\">\n<div class=\"wp-block-column is-vertically-aligned-center is-layout-flow wp-block-column-is-layout-flow\">\n<figure class=\"wp-block-image size-large is-style-ext-preset--image--natural-1--image-1--content-right is-style-ext-preset--image--natural-1--image-1--content-right--2\"><img loading=\"lazy\" decoding=\"async\" width=\"1024\" height=\"768\" src=\"https:\/\/guideuppsala.se\/wp-content\/uploads\/2026\/01\/Blandat-Fyrisan-4-3-rectangle-1024x768.jpeg\" alt=\"\" class=\"wp-image-352\" style=\"aspect-ratio:1;object-fit:cover\" srcset=\"https:\/\/guideuppsala.se\/wp-content\/uploads\/2026\/01\/Blandat-Fyrisan-4-3-rectangle-1024x768.jpeg 1024w, https:\/\/guideuppsala.se\/wp-content\/uploads\/2026\/01\/Blandat-Fyrisan-4-3-rectangle-300x225.jpeg 300w, https:\/\/guideuppsala.se\/wp-content\/uploads\/2026\/01\/Blandat-Fyrisan-4-3-rectangle-768x576.jpeg 768w, https:\/\/guideuppsala.se\/wp-content\/uploads\/2026\/01\/Blandat-Fyrisan-4-3-rectangle-1536x1152.jpeg 1536w, https:\/\/guideuppsala.se\/wp-content\/uploads\/2026\/01\/Blandat-Fyrisan-4-3-rectangle-16x12.jpeg 16w, https:\/\/guideuppsala.se\/wp-content\/uploads\/2026\/01\/Blandat-Fyrisan-4-3-rectangle.jpeg 1837w\" sizes=\"auto, (max-width: 1024px) 100vw, 1024px\" \/><\/figure>\n<\/div>\n\n\n\n<div class=\"wp-block-column is-vertically-aligned-center is-layout-flow wp-block-column-is-layout-flow\">\n<div class=\"wp-block-group alignwide is-vertical is-layout-flex wp-container-core-group-is-layout-c35747d5 wp-block-group-is-layout-flex\">\n<div class=\"wp-block-group has-global-padding is-layout-constrained wp-container-core-group-is-layout-dd32767c wp-block-group-is-layout-constrained\">\n<h2 class=\"wp-block-heading\">Vandra l\u00e4ngs den vackra Fyris\u00e5n<\/h2>\n\n\n\n<p>Fyris\u00e5n har under flera tusen \u00e5r varit viktig f\u00f6r m\u00e4nniskorna som handlat, bott, stridit och levat h\u00e4r. S\u00e5 gott som alla v\u00e5ra turer inkluderar en vandring till forsen, de gamla och vackra broarna.<br><br>Fyris\u00e5n\u00a0slingrar sig genom\u00a0Uppsala\u00a0och binder samman historia, vardag och natur. F\u00f6rst passerar den stilla parker och bryggor, sedan speglar den domkyrkans torn och stadens puls. Samtidigt skapar vattnet rum f\u00f6r promenader, rodd och pauser.<\/p>\n<\/div>\n<\/div>\n<\/div>\n<\/div>\n<\/div>\n\n\n\n<div class=\"wp-block-group alignfull is-style-ext-preset--group--natural-1--section has-background-background-color has-background has-global-padding is-layout-constrained wp-block-group-is-layout-constrained\" style=\"margin-top:0;margin-bottom:0;padding-top:var(--wp--preset--spacing--70);padding-bottom:var(--wp--preset--spacing--70)\">\n<div class=\"wp-block-columns alignwide are-vertically-aligned-center is-layout-flex wp-container-core-columns-is-layout-174606dc wp-block-columns-is-layout-flex\">\n<div class=\"wp-block-column is-vertically-aligned-center is-layout-flow wp-block-column-is-layout-flow\">\n<div class=\"wp-block-group alignwide is-vertical is-layout-flex wp-container-core-group-is-layout-c35747d5 wp-block-group-is-layout-flex\">\n<div class=\"wp-block-group has-global-padding is-layout-constrained wp-container-core-group-is-layout-dd32767c wp-block-group-is-layout-constrained\">\n<h2 class=\"wp-block-heading\">Konst och k\u00f6rs\u00e5ng<\/h2>\n\n\n\n<p>L\u00e4ngs \u00e5n finns sp\u00e4nnande konst och blomsterarrangemang. Bland annat ODjuret som passande nog finns n\u00e4ra platsen d\u00e4r mansk\u00f6ren OD repeterar inf\u00f6r sina konserter.<br><br>Fr\u00e5n Fyris\u00e5n tar vi delar av v\u00e5rt dricksvatten. Men f\u00f6rst m\u00e5ste det renas genom en l\u00e5ngsam filtrering genom rullstens\u00e5sen som l\u00f6per genom stan. Cirka sex m\u00e5nader tar det f\u00f6r vattnet att bli s\u00e5 rent att vi kan dricka det.<\/p>\n<\/div>\n<\/div>\n<\/div>\n\n\n\n<div class=\"wp-block-column is-vertically-aligned-center is-layout-flow wp-block-column-is-layout-flow\">\n<figure class=\"wp-block-image size-large is-style-ext-preset--image--natural-1--image-1--content-right is-style-ext-preset--image--natural-1--image-1--content-right--4\"><img loading=\"lazy\" decoding=\"async\" width=\"1024\" height=\"683\" src=\"https:\/\/guideuppsala.se\/wp-content\/uploads\/2026\/02\/djuret_MG_3753-1024x683.jpg\" alt=\"Skulpturer l\u00e4ngs \u00e5n\" class=\"wp-image-519\" style=\"aspect-ratio:1;object-fit:cover\" srcset=\"https:\/\/guideuppsala.se\/wp-content\/uploads\/2026\/02\/djuret_MG_3753-1024x683.jpg 1024w, https:\/\/guideuppsala.se\/wp-content\/uploads\/2026\/02\/djuret_MG_3753-300x200.jpg 300w, https:\/\/guideuppsala.se\/wp-content\/uploads\/2026\/02\/djuret_MG_3753-768x512.jpg 768w, https:\/\/guideuppsala.se\/wp-content\/uploads\/2026\/02\/djuret_MG_3753-18x12.jpg 18w, https:\/\/guideuppsala.se\/wp-content\/uploads\/2026\/02\/djuret_MG_3753.jpg 1155w\" sizes=\"auto, (max-width: 1024px) 100vw, 1024px\" \/><\/figure>\n<\/div>\n<\/div>\n\n\n\n<div class=\"wp-block-columns alignwide are-vertically-aligned-center is-layout-flex wp-container-core-columns-is-layout-174606dc wp-block-columns-is-layout-flex\">\n<div class=\"wp-block-column is-vertically-aligned-center is-layout-flow wp-block-column-is-layout-flow\">\n<figure class=\"wp-block-image size-large is-style-ext-preset--image--natural-1--image-1--content-right is-style-ext-preset--image--natural-1--image-1--content-right--5\"><img loading=\"lazy\" decoding=\"async\" width=\"768\" height=\"1024\" src=\"https:\/\/guideuppsala.se\/wp-content\/uploads\/2026\/02\/Forsen-768x1024.jpg\" alt=\"\" class=\"wp-image-526\" style=\"aspect-ratio:1;object-fit:cover\" srcset=\"https:\/\/guideuppsala.se\/wp-content\/uploads\/2026\/02\/Forsen-768x1024.jpg 768w, https:\/\/guideuppsala.se\/wp-content\/uploads\/2026\/02\/Forsen-225x300.jpg 225w, https:\/\/guideuppsala.se\/wp-content\/uploads\/2026\/02\/Forsen-1152x1536.jpg 1152w, https:\/\/guideuppsala.se\/wp-content\/uploads\/2026\/02\/Forsen-1536x2048.jpg 1536w, https:\/\/guideuppsala.se\/wp-content\/uploads\/2026\/02\/Forsen-9x12.jpg 9w, https:\/\/guideuppsala.se\/wp-content\/uploads\/2026\/02\/Forsen-scaled.jpg 1920w\" sizes=\"auto, (max-width: 768px) 100vw, 768px\" \/><\/figure>\n<\/div>\n\n\n\n<div class=\"wp-block-column is-vertically-aligned-center is-layout-flow wp-block-column-is-layout-flow\">\n<div class=\"wp-block-group alignwide is-vertical is-layout-flex wp-container-core-group-is-layout-c35747d5 wp-block-group-is-layout-flex\">\n<div class=\"wp-block-group has-global-padding is-layout-constrained wp-container-core-group-is-layout-dd32767c wp-block-group-is-layout-constrained\">\n<h2 class=\"wp-block-heading\">Forsr\u00e4nning i Fyris\u00e5n<\/h2>\n\n\n\n<p>Den sista april varje \u00e5r ska Fyris\u00e5n er\u00f6vras. Studenterna bygger fantasifulla b\u00e5tar och m\u00e5nga i publiken hoppas nog att de ska haverera i Kvarnfallet!<br><br>Dessutom f\u00f6r\u00e4ndras \u00e5n med \u00e5rstiderna: v\u00e5rens h\u00f6ga fl\u00f6den, sommarens lugn, h\u00f6stens f\u00e4rger och vinterns is. D\u00e4rf\u00f6r fungerar Fyris\u00e5n som en naturlig axel i staden. Slutligen p\u00e5minner den om kontinuitet, eftersom generationer har m\u00f6tts l\u00e4ngs samma str\u00e5k, d\u00e5 och nu. Inte minst knyter den samman universitet, handel och bost\u00e4der, vilket g\u00f6r fl\u00f6det till stadens levande nerv f\u00f6r alla uppsalabor.<\/p>\n<\/div>\n<\/div>\n<\/div>\n<\/div>\n<\/div>","protected":false},"excerpt":{"rendered":"<p>Vandra l\u00e4ngs den vackra Fyris\u00e5n Fyris\u00e5n har under flera tusen \u00e5r varit viktig f\u00f6r m\u00e4nniskorna som handlat, bott, stridit och levat h\u00e4r. S\u00e5 gott som alla v\u00e5ra turer inkluderar en vandring till forsen, de gamla och vackra broarna. Fyris\u00e5n\u00a0slingrar sig genom\u00a0Uppsala\u00a0och binder samman historia, vardag och natur. F\u00f6rst passerar den stilla parker och bryggor, sedan [&hellip;]<\/p>\n","protected":false},"author":1,"featured_media":0,"parent":0,"menu_order":0,"comment_status":"closed","ping_status":"closed","template":"page-with-title","meta":{"_monsterinsights_skip_tracking":false,"_monsterinsights_sitenote_active":false,"_monsterinsights_sitenote_note":"","_monsterinsights_sitenote_category":0,"footnotes":""},"class_list":["post-200","page","type-page","status-publish","hentry"],"aioseo_notices":[],"_links":{"self":[{"href":"https:\/\/guideuppsala.se\/en\/wp-json\/wp\/v2\/pages\/200","targetHints":{"allow":["GET"]}}],"collection":[{"href":"https:\/\/guideuppsala.se\/en\/wp-json\/wp\/v2\/pages"}],"about":[{"href":"https:\/\/guideuppsala.se\/en\/wp-json\/wp\/v2\/types\/page"}],"author":[{"embeddable":true,"href":"https:\/\/guideuppsala.se\/en\/wp-json\/wp\/v2\/users\/1"}],"replies":[{"embeddable":true,"href":"https:\/\/guideuppsala.se\/en\/wp-json\/wp\/v2\/comments?post=200"}],"version-history":[{"count":13,"href":"https:\/\/guideuppsala.se\/en\/wp-json\/wp\/v2\/pages\/200\/revisions"}],"predecessor-version":[{"id":636,"href":"https:\/\/guideuppsala.se\/en\/wp-json\/wp\/v2\/pages\/200\/revisions\/636"}],"wp:attachment":[{"href":"https:\/\/guideuppsala.se\/en\/wp-json\/wp\/v2\/media?parent=200"}],"curies":[{"name":"wp","href":"https:\/\/api.w.org\/{rel}","templated":true}]}}