{"id":198,"date":"2026-01-24T07:52:08","date_gmt":"2026-01-24T07:52:08","guid":{"rendered":"https:\/\/guideuppsala.se\/?page_id=198"},"modified":"2026-02-02T12:17:39","modified_gmt":"2026-02-02T12:17:39","slug":"uppsala-slott","status":"publish","type":"page","link":"https:\/\/guideuppsala.se\/en\/uppsala-slott\/","title":{"rendered":"Uppsala Slott"},"content":{"rendered":"<div class=\"wp-block-group alignfull is-style-ext-preset--group--natural-1--section has-background-background-color has-background has-global-padding is-layout-constrained wp-block-group-is-layout-constrained\" style=\"margin-top:0;margin-bottom:0;padding-top:var(--wp--preset--spacing--70);padding-bottom:var(--wp--preset--spacing--70)\">\n<div class=\"wp-block-columns alignwide are-vertically-aligned-center is-layout-flex wp-container-core-columns-is-layout-174606dc wp-block-columns-is-layout-flex\">\n<div class=\"wp-block-column is-vertically-aligned-center is-layout-flow wp-block-column-is-layout-flow\">\n<div class=\"wp-block-group alignwide is-vertical is-layout-flex wp-container-core-group-is-layout-c35747d5 wp-block-group-is-layout-flex\">\n<div class=\"wp-block-group has-global-padding is-layout-constrained wp-container-core-group-is-layout-dd32767c wp-block-group-is-layout-constrained\">\n<h2 class=\"wp-block-heading\">Uppsala slott &#8211; Sturemord, drottning Kristina och Dag Hammarskj\u00f6ld<br><\/h2>\n\n\n\n<p>Uppsala slott b\u00f6rjade byggas p\u00e5 1540-talet av Gustav Vasa. Den m\u00e4ktiga Rikssalen, d\u00e4r riksdagar h\u00f6lls, \u00e4r nu en utm\u00e4rkt sal f\u00f6r 700 middagsg\u00e4ster. H\u00e4r abdikerade drottning Kristina 1654 och Japans kejsare firade Linn\u00e9s 300-\u00e5rs f\u00f6delsedag h\u00e4r den 23 maj 2007.<\/p>\n\n\n\n<p>Dag Hammarskj\u00f6ld v\u00e4xte upp p\u00e5 slottet och blev sedemera FN:s generalsekreterare. Ber\u00e4ttelsen om honom och slottets \u00f6vriga historia, fr\u00e5n kr\u00f6ningsfester till Sturemord, kan du uppleva i Uppsala slottshistoriska museum.<\/p>\n\n\n\n<p>Slottet \u00e4r \u00e4ven hem f\u00f6r ett konstmuseum av rang och resterna av en slottskyrka fr\u00e5n Johan III:s tid.<\/p>\n<\/div>\n<\/div>\n<\/div>\n\n\n\n<div class=\"wp-block-column is-vertically-aligned-center is-layout-flow wp-block-column-is-layout-flow\">\n<figure class=\"wp-block-image size-large is-style-ext-preset--image--natural-1--image-1--content-left is-style-ext-preset--image--natural-1--image-1--content-left--2\"><img loading=\"lazy\" decoding=\"async\" width=\"1024\" height=\"768\" src=\"https:\/\/guideuppsala.se\/wp-content\/uploads\/2026\/01\/Slottet-m-hastar-4-3-rectangle-1024x768.jpeg\" alt=\"\" class=\"wp-image-399\" style=\"aspect-ratio:1;object-fit:cover\" srcset=\"https:\/\/guideuppsala.se\/wp-content\/uploads\/2026\/01\/Slottet-m-hastar-4-3-rectangle-1024x768.jpeg 1024w, https:\/\/guideuppsala.se\/wp-content\/uploads\/2026\/01\/Slottet-m-hastar-4-3-rectangle-300x225.jpeg 300w, https:\/\/guideuppsala.se\/wp-content\/uploads\/2026\/01\/Slottet-m-hastar-4-3-rectangle-768x576.jpeg 768w, https:\/\/guideuppsala.se\/wp-content\/uploads\/2026\/01\/Slottet-m-hastar-4-3-rectangle-1536x1152.jpeg 1536w, https:\/\/guideuppsala.se\/wp-content\/uploads\/2026\/01\/Slottet-m-hastar-4-3-rectangle-16x12.jpeg 16w, https:\/\/guideuppsala.se\/wp-content\/uploads\/2026\/01\/Slottet-m-hastar-4-3-rectangle.jpeg 1837w\" sizes=\"auto, (max-width: 1024px) 100vw, 1024px\" \/><\/figure>\n<\/div>\n<\/div>\n<\/div>\n\n\n\n<div class=\"wp-block-group alignfull is-style-ext-preset--group--natural-1--section has-tertiary-background-color has-background has-global-padding is-layout-constrained wp-container-core-group-is-layout-f72f1611 wp-block-group-is-layout-constrained\" style=\"margin-top:0;margin-bottom:0;padding-top:var(--wp--preset--spacing--70);padding-bottom:var(--wp--preset--spacing--70)\">\n<div class=\"wp-block-group alignwide is-vertical is-layout-flex wp-container-core-group-is-layout-c35747d5 wp-block-group-is-layout-flex\">\n<div class=\"wp-block-group has-global-padding is-layout-constrained wp-container-core-group-is-layout-5e05634a wp-block-group-is-layout-constrained\">\n<h2 class=\"wp-block-heading\">Uppsala slott &#8211; Legender<\/h2>\n\n\n\n<p class=\"has-text-align-left\">Fr\u00e5n slottsg\u00e5rden ser man Botans barocktr\u00e4dg\u00e5rd. H\u00e4r pekar kanoner ut \u00f6ver staden och Gunillaklockan ringer varje morgon och kv\u00e4ll, som den gjort i \u00f6ver 400 \u00e5r.<\/p>\n\n\n\n<p class=\"has-text-align-left\">V\u00e5ra guider visar och ber\u00e4ttar men, om du inte lider av svindel, finns \u00e4ven m\u00f6jligheten att best\u00e4lla en unik takvandring. Vilken utsikt!<\/p>\n<\/div>\n<\/div>\n\n\n\n<div class=\"wp-block-columns alignwide are-vertically-aligned-top is-layout-flex wp-container-core-columns-is-layout-87beb0d0 wp-block-columns-is-layout-flex\">\n<div class=\"wp-block-column is-vertically-aligned-top is-layout-flow wp-container-core-column-is-layout-f5bb311e wp-block-column-is-layout-flow\">\n<figure class=\"wp-block-image size-large is-style-ext-preset--image--natural-1--image-1--content-bottom is-style-ext-preset--image--natural-1--image-1--content-bottom--4\"><img loading=\"lazy\" decoding=\"async\" width=\"768\" height=\"1024\" src=\"https:\/\/guideuppsala.se\/wp-content\/uploads\/2026\/01\/IMG_7789-768x1024.jpeg\" alt=\"\" class=\"wp-image-436\" style=\"aspect-ratio:1;object-fit:cover\" srcset=\"https:\/\/guideuppsala.se\/wp-content\/uploads\/2026\/01\/IMG_7789-768x1024.jpeg 768w, https:\/\/guideuppsala.se\/wp-content\/uploads\/2026\/01\/IMG_7789-225x300.jpeg 225w, https:\/\/guideuppsala.se\/wp-content\/uploads\/2026\/01\/IMG_7789-1152x1536.jpeg 1152w, https:\/\/guideuppsala.se\/wp-content\/uploads\/2026\/01\/IMG_7789-1536x2048.jpeg 1536w, https:\/\/guideuppsala.se\/wp-content\/uploads\/2026\/01\/IMG_7789-9x12.jpeg 9w, https:\/\/guideuppsala.se\/wp-content\/uploads\/2026\/01\/IMG_7789-scaled.jpeg 1920w\" sizes=\"auto, (max-width: 768px) 100vw, 768px\" \/><\/figure>\n<\/div>\n\n\n\n<div class=\"wp-block-column is-vertically-aligned-top is-layout-flow wp-container-core-column-is-layout-f5bb311e wp-block-column-is-layout-flow\">\n<figure class=\"wp-block-image size-large is-style-ext-preset--image--natural-1--image-1--content-bottom is-style-ext-preset--image--natural-1--image-1--content-bottom--5\"><img loading=\"lazy\" decoding=\"async\" width=\"768\" height=\"1024\" src=\"https:\/\/guideuppsala.se\/wp-content\/uploads\/2026\/01\/IMG_6292-768x1024.jpeg\" alt=\"\" class=\"wp-image-437\" style=\"aspect-ratio:1;object-fit:cover\" srcset=\"https:\/\/guideuppsala.se\/wp-content\/uploads\/2026\/01\/IMG_6292-768x1024.jpeg 768w, https:\/\/guideuppsala.se\/wp-content\/uploads\/2026\/01\/IMG_6292-225x300.jpeg 225w, https:\/\/guideuppsala.se\/wp-content\/uploads\/2026\/01\/IMG_6292-1152x1536.jpeg 1152w, https:\/\/guideuppsala.se\/wp-content\/uploads\/2026\/01\/IMG_6292-1536x2048.jpeg 1536w, https:\/\/guideuppsala.se\/wp-content\/uploads\/2026\/01\/IMG_6292-9x12.jpeg 9w, https:\/\/guideuppsala.se\/wp-content\/uploads\/2026\/01\/IMG_6292-scaled.jpeg 1920w\" sizes=\"auto, (max-width: 768px) 100vw, 768px\" \/><\/figure>\n<\/div>\n\n\n\n<div class=\"wp-block-column is-vertically-aligned-top is-layout-flow wp-container-core-column-is-layout-f5bb311e wp-block-column-is-layout-flow\">\n<figure class=\"wp-block-image size-large is-style-ext-preset--image--natural-1--image-1--content-bottom is-style-ext-preset--image--natural-1--image-1--content-bottom--6\"><img loading=\"lazy\" decoding=\"async\" width=\"1024\" height=\"768\" src=\"https:\/\/guideuppsala.se\/wp-content\/uploads\/2026\/01\/IMG_1940-1024x768.jpeg\" alt=\"Takvandring p\u00e5 Uppsala slott\" class=\"wp-image-441\" style=\"aspect-ratio:1;object-fit:cover\" srcset=\"https:\/\/guideuppsala.se\/wp-content\/uploads\/2026\/01\/IMG_1940-1024x768.jpeg 1024w, https:\/\/guideuppsala.se\/wp-content\/uploads\/2026\/01\/IMG_1940-300x225.jpeg 300w, https:\/\/guideuppsala.se\/wp-content\/uploads\/2026\/01\/IMG_1940-768x576.jpeg 768w, https:\/\/guideuppsala.se\/wp-content\/uploads\/2026\/01\/IMG_1940-1536x1152.jpeg 1536w, https:\/\/guideuppsala.se\/wp-content\/uploads\/2026\/01\/IMG_1940-2048x1536.jpeg 2048w, https:\/\/guideuppsala.se\/wp-content\/uploads\/2026\/01\/IMG_1940-16x12.jpeg 16w\" sizes=\"auto, (max-width: 1024px) 100vw, 1024px\" \/><\/figure>\n<\/div>\n<\/div>\n<\/div>\n\n\n\n<div class=\"wp-block-group alignfull is-style-ext-preset--group--natural-1--section has-background-background-color has-background has-global-padding is-layout-constrained wp-container-core-group-is-layout-e955bbaf wp-block-group-is-layout-constrained\" style=\"margin-top:0;margin-bottom:0;padding-top:var(--wp--preset--spacing--70);padding-bottom:var(--wp--preset--spacing--70)\">\n<div class=\"wp-block-group alignwide is-vertical is-content-justification-left is-layout-flex wp-container-core-group-is-layout-214d3d4d wp-block-group-is-layout-flex\">\n<div class=\"wp-block-group has-global-padding is-layout-constrained wp-container-core-group-is-layout-2287c683 wp-block-group-is-layout-constrained\">\n<h2 class=\"wp-block-heading\">Sp\u00e4nnande evenemang i och p\u00e5 Uppsala slott<\/h2>\n\n\n\n<p>Fr\u00e5n slottsg\u00e5rden ser man den botaniska tr\u00e4dg\u00e5rden och dess barocktr\u00e4dg\u00e5rd fr\u00e5n 1700-talets senare h\u00e4lft. P\u00e5 en kulle kallad Styrbiskop kan man studera gamla kanoner, Gunillaklockan fr\u00e5n 1588 och se den panoramiska utsikten \u00f6ver Uppsala.<\/p>\n<\/div>\n<\/div>\n\n\n\n<div class=\"wp-block-columns alignwide is-layout-flex wp-container-core-columns-is-layout-08c01c1c wp-block-columns-is-layout-flex\">\n<div class=\"wp-block-column is-vertically-aligned-stretch is-layout-flow wp-block-column-is-layout-flow\">\n<div class=\"wp-block-media-text alignwide is-stacked-on-mobile is-image-fill-element is-style-ext-preset--media-text--natural-1--card-1 has-tertiary-background-color has-background is-style-ext-preset--media-text--natural-1--card-1--8\" style=\"grid-template-columns:35% auto\"><figure class=\"wp-block-media-text__media\"><img loading=\"lazy\" decoding=\"async\" width=\"1024\" height=\"768\" src=\"https:\/\/guideuppsala.se\/wp-content\/uploads\/2026\/01\/IMG_1820-1024x768.jpeg\" alt=\"\" class=\"wp-image-442 size-full\" style=\"object-position:50% 50%\" srcset=\"https:\/\/guideuppsala.se\/wp-content\/uploads\/2026\/01\/IMG_1820-1024x768.jpeg 1024w, https:\/\/guideuppsala.se\/wp-content\/uploads\/2026\/01\/IMG_1820-300x225.jpeg 300w, https:\/\/guideuppsala.se\/wp-content\/uploads\/2026\/01\/IMG_1820-768x576.jpeg 768w, https:\/\/guideuppsala.se\/wp-content\/uploads\/2026\/01\/IMG_1820-1536x1152.jpeg 1536w, https:\/\/guideuppsala.se\/wp-content\/uploads\/2026\/01\/IMG_1820-2048x1536.jpeg 2048w, https:\/\/guideuppsala.se\/wp-content\/uploads\/2026\/01\/IMG_1820-16x12.jpeg 16w\" sizes=\"auto, (max-width: 1024px) 100vw, 1024px\" \/><\/figure><div class=\"wp-block-media-text__content\">\n<div class=\"wp-block-group is-style-default has-global-padding is-layout-constrained wp-container-core-group-is-layout-a35945ca wp-block-group-is-layout-constrained\" style=\"min-height:100%;padding-top:var(--wp--preset--spacing--30);padding-right:var(--wp--preset--spacing--30);padding-bottom:var(--wp--preset--spacing--30);padding-left:var(--wp--preset--spacing--30)\">\n<h3 class=\"wp-block-heading\" style=\"font-size:clamp(15.747px, 0.984rem + ((1vw - 3.2px) * 0.86), 24px);\"><a href=\"https:\/\/www.takvandring.se\" title=\"\">Takvandring: En unik upplevelse av slottsmilj\u00f6n<\/a><\/h3>\n\n\n\n<p style=\"margin-top:var(--wp--preset--spacing--20)\">F\u00f6lj med p\u00e5 en guidad tur l\u00e4ngs slottets tak och njut av en fantastisk utsikt \u00f6ver Uppsala stad.<\/p>\n<\/div>\n<\/div><\/div>\n<\/div>\n\n\n\n<div class=\"wp-block-column is-vertically-aligned-stretch is-layout-flow wp-block-column-is-layout-flow\">\n<div class=\"wp-block-media-text alignwide is-stacked-on-mobile is-image-fill-element is-style-ext-preset--media-text--natural-1--card-1 has-tertiary-background-color has-background is-style-ext-preset--media-text--natural-1--card-1--9\" style=\"grid-template-columns:35% auto\"><figure class=\"wp-block-media-text__media\"><img loading=\"lazy\" decoding=\"async\" width=\"768\" height=\"1024\" src=\"https:\/\/guideuppsala.se\/wp-content\/uploads\/2026\/01\/IMG_6080-768x1024.jpeg\" alt=\"\" class=\"wp-image-444 size-full\" style=\"object-position:50% 50%\" srcset=\"https:\/\/guideuppsala.se\/wp-content\/uploads\/2026\/01\/IMG_6080-768x1024.jpeg 768w, https:\/\/guideuppsala.se\/wp-content\/uploads\/2026\/01\/IMG_6080-225x300.jpeg 225w, https:\/\/guideuppsala.se\/wp-content\/uploads\/2026\/01\/IMG_6080-1152x1536.jpeg 1152w, https:\/\/guideuppsala.se\/wp-content\/uploads\/2026\/01\/IMG_6080-1536x2048.jpeg 1536w, https:\/\/guideuppsala.se\/wp-content\/uploads\/2026\/01\/IMG_6080-9x12.jpeg 9w, https:\/\/guideuppsala.se\/wp-content\/uploads\/2026\/01\/IMG_6080-scaled.jpeg 1920w\" sizes=\"auto, (max-width: 768px) 100vw, 768px\" \/><\/figure><div class=\"wp-block-media-text__content\">\n<div class=\"wp-block-group is-style-default has-global-padding is-layout-constrained wp-container-core-group-is-layout-a35945ca wp-block-group-is-layout-constrained\" style=\"min-height:100%;padding-top:var(--wp--preset--spacing--30);padding-right:var(--wp--preset--spacing--30);padding-bottom:var(--wp--preset--spacing--30);padding-left:var(--wp--preset--spacing--30)\">\n<h3 class=\"wp-block-heading\" style=\"font-size:clamp(15.747px, 0.984rem + ((1vw - 3.2px) * 0.86), 24px);\">Historiska f\u00f6rel\u00e4sningar om Gustav Vasa<\/h3>\n\n\n\n<p style=\"margin-top:var(--wp--preset--spacing--20)\">L\u00e4r dig mer om Gustav Vasas betydelse f\u00f6r slottets utveckling och Sveriges historia i v\u00e5ra engagerande f\u00f6rel\u00e4sningar.<\/p>\n<\/div>\n<\/div><\/div>\n<\/div>\n<\/div>\n\n\n\n<div class=\"wp-block-columns alignwide is-layout-flex wp-container-core-columns-is-layout-967d05ff wp-block-columns-is-layout-flex\" style=\"margin-top:var(--wp--preset--spacing--40)\">\n<div class=\"wp-block-column is-vertically-aligned-stretch is-layout-flow wp-block-column-is-layout-flow\">\n<div class=\"wp-block-media-text alignwide is-stacked-on-mobile is-image-fill-element is-style-ext-preset--media-text--natural-1--card-1 has-tertiary-background-color has-background is-style-ext-preset--media-text--natural-1--card-1--10\" style=\"grid-template-columns:35% auto\"><figure class=\"wp-block-media-text__media\"><img loading=\"lazy\" decoding=\"async\" width=\"576\" height=\"324\" src=\"https:\/\/guideuppsala.se\/wp-content\/uploads\/2026\/01\/Image-33.jpg\" alt=\"\" class=\"wp-image-445 size-full\" style=\"object-position:50% 50%\" srcset=\"https:\/\/guideuppsala.se\/wp-content\/uploads\/2026\/01\/Image-33.jpg 576w, https:\/\/guideuppsala.se\/wp-content\/uploads\/2026\/01\/Image-33-300x169.jpg 300w, https:\/\/guideuppsala.se\/wp-content\/uploads\/2026\/01\/Image-33-18x10.jpg 18w\" sizes=\"auto, (max-width: 576px) 100vw, 576px\" \/><\/figure><div class=\"wp-block-media-text__content\">\n<div class=\"wp-block-group is-style-default has-global-padding is-layout-constrained wp-container-core-group-is-layout-a35945ca wp-block-group-is-layout-constrained\" style=\"min-height:100%;padding-top:var(--wp--preset--spacing--30);padding-right:var(--wp--preset--spacing--30);padding-bottom:var(--wp--preset--spacing--30);padding-left:var(--wp--preset--spacing--30)\">\n<h3 class=\"wp-block-heading\" style=\"font-size:clamp(15.747px, 0.984rem + ((1vw - 3.2px) * 0.86), 24px);\"><a href=\"https:\/\/konstmuseum.uppsala.se\" title=\"\">Uppsala konstmuseum<\/a><\/h3>\n\n\n\n<p style=\"margin-top:var(--wp--preset--spacing--20)\">Roliga och l\u00e4rorika aktiviteter f\u00f6r hela familjen som ger en inblick i livet p\u00e5 slottet genom tiderna.<\/p>\n<\/div>\n<\/div><\/div>\n<\/div>\n\n\n\n<div class=\"wp-block-column is-vertically-aligned-stretch is-layout-flow wp-block-column-is-layout-flow\">\n<div class=\"wp-block-media-text alignwide is-stacked-on-mobile is-image-fill-element is-style-ext-preset--media-text--natural-1--card-1 has-tertiary-background-color has-background is-style-ext-preset--media-text--natural-1--card-1--11\" style=\"grid-template-columns:35% auto\"><figure class=\"wp-block-media-text__media\"><img loading=\"lazy\" decoding=\"async\" width=\"768\" height=\"1024\" src=\"https:\/\/guideuppsala.se\/wp-content\/uploads\/2026\/01\/IMG_5694-768x1024.jpeg\" alt=\"\" class=\"wp-image-446 size-full\" style=\"object-position:50% 50%\" srcset=\"https:\/\/guideuppsala.se\/wp-content\/uploads\/2026\/01\/IMG_5694-768x1024.jpeg 768w, https:\/\/guideuppsala.se\/wp-content\/uploads\/2026\/01\/IMG_5694-225x300.jpeg 225w, https:\/\/guideuppsala.se\/wp-content\/uploads\/2026\/01\/IMG_5694-1152x1536.jpeg 1152w, https:\/\/guideuppsala.se\/wp-content\/uploads\/2026\/01\/IMG_5694-1536x2048.jpeg 1536w, https:\/\/guideuppsala.se\/wp-content\/uploads\/2026\/01\/IMG_5694-9x12.jpeg 9w, https:\/\/guideuppsala.se\/wp-content\/uploads\/2026\/01\/IMG_5694-scaled.jpeg 1920w\" sizes=\"auto, (max-width: 768px) 100vw, 768px\" \/><\/figure><div class=\"wp-block-media-text__content\">\n<div class=\"wp-block-group is-style-default has-global-padding is-layout-constrained wp-container-core-group-is-layout-a35945ca wp-block-group-is-layout-constrained\" style=\"min-height:100%;padding-top:var(--wp--preset--spacing--30);padding-right:var(--wp--preset--spacing--30);padding-bottom:var(--wp--preset--spacing--30);padding-left:var(--wp--preset--spacing--30)\">\n<h3 class=\"wp-block-heading\" style=\"font-size:clamp(15.747px, 0.984rem + ((1vw - 3.2px) * 0.86), 24px);\">Borgg\u00e5rden<\/h3>\n\n\n\n<p style=\"margin-top:var(--wp--preset--spacing--20)\">Uppt\u00e4ck ber\u00e4ttelser om de som arbetat i slottet och deras betydelse f\u00f6r dess historia och kulturarv.<\/p>\n<\/div>\n<\/div><\/div>\n<\/div>\n<\/div>\n<\/div>\n\n\n\n<div class=\"wp-block-group alignfull is-style-ext-preset--group--natural-1--section has-background-background-color has-background has-global-padding is-layout-constrained wp-block-group-is-layout-constrained\" style=\"margin-top:0;margin-bottom:0;padding-top:var(--wp--preset--spacing--70);padding-bottom:var(--wp--preset--spacing--70)\">\n<div class=\"wp-block-columns alignwide are-vertically-aligned-center is-layout-flex wp-container-core-columns-is-layout-174606dc wp-block-columns-is-layout-flex\">\n<div class=\"wp-block-column is-vertically-aligned-center is-layout-flow wp-block-column-is-layout-flow\">\n<div class=\"wp-block-group alignwide is-vertical is-layout-flex wp-container-core-group-is-layout-c35747d5 wp-block-group-is-layout-flex\">\n<div class=\"wp-block-group has-global-padding is-layout-constrained wp-container-core-group-is-layout-dd32767c wp-block-group-is-layout-constrained\">\n<h2 class=\"wp-block-heading\">Uppsala slott idag.<\/h2>\n\n\n\n<p>En plats f\u00f6r rekreation och aktivitet! Konstmuseum, slottsmuseum, takvandring, restaurang, Rikssalen och andra sp\u00e4nnande evenemang och guidningar. Boka en slottsvandring med oss p\u00e5 Uppsalaguide!<\/p>\n<\/div>\n<\/div>\n<\/div>\n\n\n\n<div class=\"wp-block-column is-vertically-aligned-center is-layout-flow wp-block-column-is-layout-flow\">\n<figure class=\"wp-block-image size-large is-style-ext-preset--image--natural-1--image-1--content-right is-style-ext-preset--image--natural-1--image-1--content-right--13\"><img loading=\"lazy\" decoding=\"async\" width=\"1024\" height=\"768\" src=\"https:\/\/guideuppsala.se\/wp-content\/uploads\/2026\/01\/IMG_4274-1024x768.jpeg\" alt=\"\" class=\"wp-image-447\" style=\"aspect-ratio:4\/3;object-fit:cover\" srcset=\"https:\/\/guideuppsala.se\/wp-content\/uploads\/2026\/01\/IMG_4274-1024x768.jpeg 1024w, https:\/\/guideuppsala.se\/wp-content\/uploads\/2026\/01\/IMG_4274-300x225.jpeg 300w, https:\/\/guideuppsala.se\/wp-content\/uploads\/2026\/01\/IMG_4274-768x576.jpeg 768w, https:\/\/guideuppsala.se\/wp-content\/uploads\/2026\/01\/IMG_4274-1536x1152.jpeg 1536w, https:\/\/guideuppsala.se\/wp-content\/uploads\/2026\/01\/IMG_4274-2048x1536.jpeg 2048w, https:\/\/guideuppsala.se\/wp-content\/uploads\/2026\/01\/IMG_4274-16x12.jpeg 16w\" sizes=\"auto, (max-width: 1024px) 100vw, 1024px\" \/><\/figure>\n<\/div>\n<\/div>\n<\/div>","protected":false},"excerpt":{"rendered":"<p>Uppsala slott &#8211; Sturemord, drottning Kristina och Dag Hammarskj\u00f6ld Uppsala slott b\u00f6rjade byggas p\u00e5 1540-talet av Gustav Vasa. Den m\u00e4ktiga Rikssalen, d\u00e4r riksdagar h\u00f6lls, \u00e4r nu en utm\u00e4rkt sal f\u00f6r 700 middagsg\u00e4ster. H\u00e4r abdikerade drottning Kristina 1654 och Japans kejsare firade Linn\u00e9s 300-\u00e5rs f\u00f6delsedag h\u00e4r den 23 maj 2007. Dag Hammarskj\u00f6ld v\u00e4xte upp p\u00e5 slottet [&hellip;]<\/p>\n","protected":false},"author":1,"featured_media":0,"parent":0,"menu_order":0,"comment_status":"closed","ping_status":"closed","template":"page-with-title","meta":{"_monsterinsights_skip_tracking":false,"_monsterinsights_sitenote_active":false,"_monsterinsights_sitenote_note":"","_monsterinsights_sitenote_category":0,"footnotes":""},"class_list":["post-198","page","type-page","status-publish","hentry"],"aioseo_notices":[],"_links":{"self":[{"href":"https:\/\/guideuppsala.se\/en\/wp-json\/wp\/v2\/pages\/198","targetHints":{"allow":["GET"]}}],"collection":[{"href":"https:\/\/guideuppsala.se\/en\/wp-json\/wp\/v2\/pages"}],"about":[{"href":"https:\/\/guideuppsala.se\/en\/wp-json\/wp\/v2\/types\/page"}],"author":[{"embeddable":true,"href":"https:\/\/guideuppsala.se\/en\/wp-json\/wp\/v2\/users\/1"}],"replies":[{"embeddable":true,"href":"https:\/\/guideuppsala.se\/en\/wp-json\/wp\/v2\/comments?post=198"}],"version-history":[{"count":7,"href":"https:\/\/guideuppsala.se\/en\/wp-json\/wp\/v2\/pages\/198\/revisions"}],"predecessor-version":[{"id":674,"href":"https:\/\/guideuppsala.se\/en\/wp-json\/wp\/v2\/pages\/198\/revisions\/674"}],"wp:attachment":[{"href":"https:\/\/guideuppsala.se\/en\/wp-json\/wp\/v2\/media?parent=198"}],"curies":[{"name":"wp","href":"https:\/\/api.w.org\/{rel}","templated":true}]}}