{"id":194,"date":"2026-01-24T07:48:25","date_gmt":"2026-01-24T07:48:25","guid":{"rendered":"https:\/\/guideuppsala.se\/?page_id=194"},"modified":"2026-02-02T08:24:47","modified_gmt":"2026-02-02T08:24:47","slug":"uppsala-universitet","status":"publish","type":"page","link":"https:\/\/guideuppsala.se\/en\/uppsala-universitet\/","title":{"rendered":"Uppsala universitet"},"content":{"rendered":"<div class=\"wp-block-group alignfull is-style-ext-preset--group--natural-1--section has-background-background-color has-background has-global-padding is-layout-constrained wp-container-core-group-is-layout-6714b1d7 wp-block-group-is-layout-constrained\" style=\"margin-top:0;margin-bottom:0;padding-top:var(--wp--preset--spacing--70);padding-bottom:var(--wp--preset--spacing--70)\">\n<div class=\"wp-block-group alignwide is-vertical is-content-justification-center is-layout-flex wp-container-core-group-is-layout-c9ee0c5a wp-block-group-is-layout-flex\">\n<div class=\"wp-block-group has-global-padding is-layout-constrained wp-container-core-group-is-layout-2287c683 wp-block-group-is-layout-constrained\">\n<h2 class=\"wp-block-heading has-text-align-center\">Uppsala universitet <br>Linn\u00e9, Celsius och superdatorer!<\/h2>\n\n\n\n<p class=\"has-text-align-left\">Universitetshuset p\u00e5 <a href=\"https:\/\/uu.se\" title=\"\">Uppsala universitet<\/a> \u00e4r fr\u00e5n 1887 \u00e4r symbolen f\u00f6r l\u00e4rande och forskning som startade redan 1477 i Uppsala. Carl von Linn\u00e9 och hans latinska namn och betydelse f\u00f6r f\u00f6rst\u00e5elsen av naturen. Anders Celsius s\u00e5g 1741 till att ett \u201cC\u201d nu finns p\u00e5 termometrar \u00f6ver hela v\u00e4rlden. <br><br>Olof Rudbeck uppt\u00e4ckte lymk\u00e4rlens system och byggde v\u00e4rldens st\u00f6rsta anatomiteater 1663. 1872 blev Betty Pettersson Sveriges f\u00f6rsta kvinna att studera vid ett universitet. Anders \u00c5ngstr\u00f6m klurade fram en pytteliten m\u00e4tenhet och Svante Arrhenius ses som en pionj\u00e4r f\u00f6r f\u00f6rst\u00e5elsen av v\u00e4xthuseffekten. Mer \u00e4n 50 000 studenter och tusentals forskare f\u00f6rvaltar ett stolt arv!<\/p>\n<\/div>\n<\/div>\n\n\n\n<div class=\"wp-block-columns alignwide is-layout-flex wp-container-core-columns-is-layout-28f84493 wp-block-columns-is-layout-flex\">\n<div class=\"wp-block-column is-layout-flow wp-block-column-is-layout-flow\">\n<figure class=\"wp-block-image size-large is-style-ext-preset-image-natural-1-image-1--content-bottom is-style-ext-preset--image--natural-1--image-1--content-bottom is-style-ext-preset--image--natural-1--image-1--content-bottom--2\"><img loading=\"lazy\" decoding=\"async\" width=\"1024\" height=\"768\" src=\"https:\/\/guideuppsala.se\/wp-content\/uploads\/2026\/01\/Univeristetshus-aula-4-3-rectangle-1024x768.jpeg\" alt=\"Aulan\" class=\"wp-image-401\" style=\"aspect-ratio:3\/4;object-fit:cover\" srcset=\"https:\/\/guideuppsala.se\/wp-content\/uploads\/2026\/01\/Univeristetshus-aula-4-3-rectangle-1024x768.jpeg 1024w, https:\/\/guideuppsala.se\/wp-content\/uploads\/2026\/01\/Univeristetshus-aula-4-3-rectangle-300x225.jpeg 300w, https:\/\/guideuppsala.se\/wp-content\/uploads\/2026\/01\/Univeristetshus-aula-4-3-rectangle-768x576.jpeg 768w, https:\/\/guideuppsala.se\/wp-content\/uploads\/2026\/01\/Univeristetshus-aula-4-3-rectangle-16x12.jpeg 16w, https:\/\/guideuppsala.se\/wp-content\/uploads\/2026\/01\/Univeristetshus-aula-4-3-rectangle.jpeg 1181w\" sizes=\"auto, (max-width: 1024px) 100vw, 1024px\" \/><\/figure>\n<\/div>\n\n\n\n<div class=\"wp-block-column is-layout-flow wp-block-column-is-layout-flow\">\n<figure class=\"wp-block-image size-full is-style-ext-preset-image-natural-1-image-1--content-bottom is-style-ext-preset--image--natural-1--image-1--content-bottom is-style-ext-preset--image--natural-1--image-1--content-bottom--3\"><img loading=\"lazy\" decoding=\"async\" width=\"709\" height=\"532\" src=\"https:\/\/guideuppsala.se\/wp-content\/uploads\/2026\/01\/Universitetshus-ute-4-3-rectangle.jpeg\" alt=\"Uppsala universitet\" class=\"wp-image-404\" style=\"aspect-ratio:3\/4;object-fit:cover\" srcset=\"https:\/\/guideuppsala.se\/wp-content\/uploads\/2026\/01\/Universitetshus-ute-4-3-rectangle.jpeg 709w, https:\/\/guideuppsala.se\/wp-content\/uploads\/2026\/01\/Universitetshus-ute-4-3-rectangle-300x225.jpeg 300w, https:\/\/guideuppsala.se\/wp-content\/uploads\/2026\/01\/Universitetshus-ute-4-3-rectangle-16x12.jpeg 16w\" sizes=\"auto, (max-width: 709px) 100vw, 709px\" \/><\/figure>\n<\/div>\n\n\n\n<div class=\"wp-block-column is-layout-flow wp-block-column-is-layout-flow\">\n<figure class=\"wp-block-image size-large is-style-ext-preset-image-natural-1-image-1--content-bottom is-style-ext-preset--image--natural-1--image-1--content-bottom is-style-ext-preset--image--natural-1--image-1--content-bottom--4\"><img loading=\"lazy\" decoding=\"async\" width=\"1024\" height=\"768\" src=\"https:\/\/guideuppsala.se\/wp-content\/uploads\/2026\/02\/Univhus-1024x768.jpg\" alt=\"Uppsala universitet - Universitetshuset\" class=\"wp-image-649\" style=\"aspect-ratio:3\/4;object-fit:cover\" srcset=\"https:\/\/guideuppsala.se\/wp-content\/uploads\/2026\/02\/Univhus-1024x768.jpg 1024w, https:\/\/guideuppsala.se\/wp-content\/uploads\/2026\/02\/Univhus-300x225.jpg 300w, https:\/\/guideuppsala.se\/wp-content\/uploads\/2026\/02\/Univhus-768x576.jpg 768w, https:\/\/guideuppsala.se\/wp-content\/uploads\/2026\/02\/Univhus-16x12.jpg 16w, https:\/\/guideuppsala.se\/wp-content\/uploads\/2026\/02\/Univhus.jpg 1476w\" sizes=\"auto, (max-width: 1024px) 100vw, 1024px\" \/><\/figure>\n<\/div>\n<\/div>\n<\/div>\n\n\n\n<div class=\"wp-block-group alignfull is-style-ext-preset--group--natural-1--section has-tertiary-background-color has-background has-global-padding is-layout-constrained wp-container-core-group-is-layout-e955bbaf wp-block-group-is-layout-constrained\" style=\"margin-top:0;margin-bottom:0;padding-top:var(--wp--preset--spacing--70);padding-bottom:var(--wp--preset--spacing--70)\">\n<div class=\"wp-block-group is-vertical is-content-justification-center is-layout-flex wp-container-core-group-is-layout-c9ee0c5a wp-block-group-is-layout-flex\">\n<div class=\"wp-block-group has-global-padding is-layout-constrained wp-container-core-group-is-layout-5e05634a wp-block-group-is-layout-constrained\">\n<h2 class=\"wp-block-heading has-text-align-center\">Det historiska arvet<br>Uppsala universitet<\/h2>\n\n\n\n<div class=\"wp-block-group has-global-padding is-layout-constrained wp-block-group-is-layout-constrained\">\n<p class=\"has-text-align-left\">Nedanf\u00f6r universitetshuset breder en park ut sig d\u00e4r ovanliga tr\u00e4d samsas med stora tankar. Mitt i allt st\u00e5r Erik Gustaf Geijer i statyform och ser lagom n\u00f6jd ut. F\u00f6rfattare, tons\u00e4ttare och rektor. <br><br>Universitetshuset kan bes\u00f6kas \u00e5ret om och med lite tur kan vi titta in i den fantastiska aulan d\u00e4r professorsinstallationer och doktorspromotioner firas. \u00c4ven konferenser och konserter \u00e4r vanliga i denna sal som rymmer fler \u00e4n 1700 personer.<br><br>Mansk\u00f6ren OD h\u00e5ller sina \u00e5rliga bejublade Caprice i universitetets aula men i samma \u00e4rev\u00f6rdiga aula framtr\u00e4dde rockbandet Led Zeppelin den 14 mars 1969!<\/p>\n<\/div>\n<\/div>\n<\/div>\n\n\n\n<div class=\"wp-block-columns alignwide are-vertically-aligned-center is-layout-flex wp-container-core-columns-is-layout-174606dc wp-block-columns-is-layout-flex\">\n<div class=\"wp-block-column is-vertically-aligned-center is-layout-flow wp-block-column-is-layout-flow\">\n<div class=\"wp-block-group alignwide is-vertical is-layout-flex wp-container-core-group-is-layout-c35747d5 wp-block-group-is-layout-flex\">\n<div class=\"wp-block-group has-global-padding is-layout-constrained wp-container-core-group-is-layout-dd32767c wp-block-group-is-layout-constrained\">\n<h3 class=\"wp-block-heading\">Olof Rudbeck<\/h3>\n\n\n\n<p>Olof Rudbeck var universalgeniet med stora id\u00e9er och \u00e4nnu st\u00f6rre ambitioner. Anatom, botaniker, arkitekt och konstn\u00e4r.<br><br>Rudbeck anlade tr\u00e4dg\u00e5rdar, byggde musikinstrument och p\u00e5stod att Sverige var det egentliga Atlantis. Han var en verklig ren\u00e4ssansm\u00e4nniska. Hans anatomiteater \u00e4r unik och v\u00e4rldens n\u00e4st \u00e4ldsta, ett arkitektoniskt m\u00e4sterverk.<\/p>\n<\/div>\n<\/div>\n<\/div>\n\n\n\n<div class=\"wp-block-column is-vertically-aligned-center is-layout-flow wp-block-column-is-layout-flow\">\n<figure class=\"wp-block-image size-full is-style-ext-preset--image--natural-1--image-1--content-left is-style-ext-preset--image--natural-1--image-1--content-left--6\"><img loading=\"lazy\" decoding=\"async\" width=\"600\" height=\"400\" src=\"https:\/\/guideuppsala.se\/wp-content\/uploads\/2026\/01\/Image-38.jpg\" alt=\"\" class=\"wp-image-454\" style=\"aspect-ratio:4\/3;object-fit:cover\" srcset=\"https:\/\/guideuppsala.se\/wp-content\/uploads\/2026\/01\/Image-38.jpg 600w, https:\/\/guideuppsala.se\/wp-content\/uploads\/2026\/01\/Image-38-300x200.jpg 300w, https:\/\/guideuppsala.se\/wp-content\/uploads\/2026\/01\/Image-38-18x12.jpg 18w\" sizes=\"auto, (max-width: 600px) 100vw, 600px\" \/><\/figure>\n<\/div>\n<\/div>\n\n\n\n<div class=\"wp-block-columns alignwide are-vertically-aligned-center is-layout-flex wp-container-core-columns-is-layout-ed161d23 wp-block-columns-is-layout-flex\" style=\"margin-top:var(--wp--preset--spacing--50)\">\n<div class=\"wp-block-column is-vertically-aligned-center is-layout-flow wp-block-column-is-layout-flow\">\n<figure class=\"wp-block-image size-large is-style-ext-preset--image--natural-1--image-1--content-right is-style-ext-preset--image--natural-1--image-1--content-right--7\"><img loading=\"lazy\" decoding=\"async\" width=\"1024\" height=\"768\" src=\"https:\/\/guideuppsala.se\/wp-content\/uploads\/2026\/01\/HansVonLinne-kopia-1024x768.jpg\" alt=\"Stadsvandring med Carl von Linn\u00e9\" class=\"wp-image-20\" style=\"aspect-ratio:4\/3;object-fit:cover\" srcset=\"https:\/\/guideuppsala.se\/wp-content\/uploads\/2026\/01\/HansVonLinne-kopia-1024x768.jpg 1024w, https:\/\/guideuppsala.se\/wp-content\/uploads\/2026\/01\/HansVonLinne-kopia-300x225.jpg 300w, https:\/\/guideuppsala.se\/wp-content\/uploads\/2026\/01\/HansVonLinne-kopia-768x576.jpg 768w, https:\/\/guideuppsala.se\/wp-content\/uploads\/2026\/01\/HansVonLinne-kopia-1536x1152.jpg 1536w, https:\/\/guideuppsala.se\/wp-content\/uploads\/2026\/01\/HansVonLinne-kopia-16x12.jpg 16w, https:\/\/guideuppsala.se\/wp-content\/uploads\/2026\/01\/HansVonLinne-kopia.jpg 1701w\" sizes=\"auto, (max-width: 1024px) 100vw, 1024px\" \/><\/figure>\n<\/div>\n\n\n\n<div class=\"wp-block-column is-vertically-aligned-center is-layout-flow wp-block-column-is-layout-flow\">\n<div class=\"wp-block-group alignwide is-vertical is-layout-flex wp-container-core-group-is-layout-c35747d5 wp-block-group-is-layout-flex\">\n<div class=\"wp-block-group has-global-padding is-layout-constrained wp-container-core-group-is-layout-dd32767c wp-block-group-is-layout-constrained\">\n<h3 class=\"wp-block-heading\">Carl von Linn\u00e9<\/h3>\n\n\n\n<p>Carl von Linn\u00e9 satte namn p\u00e5 naturen n\u00e4r vetenskaplig namngivning fortfarande var kaotisk. Med sitt system f\u00f6r v\u00e4xter och djur skapade han struktur.<br><br>Linn\u00e9s blev ett spr\u00e5k f\u00f6r biologin som fortfarande anv\u00e4nds globalt. Han gjorde observation till ordning och Uppsala till ett internationellt centrum f\u00f6r naturvetenskap.<\/p>\n<\/div>\n<\/div>\n<\/div>\n<\/div>\n\n\n\n<div class=\"wp-block-columns alignwide are-vertically-aligned-center is-layout-flex wp-container-core-columns-is-layout-ed161d23 wp-block-columns-is-layout-flex\" style=\"margin-top:var(--wp--preset--spacing--50)\">\n<div class=\"wp-block-column is-vertically-aligned-center is-layout-flow wp-block-column-is-layout-flow\">\n<div class=\"wp-block-group alignwide is-vertical is-layout-flex wp-container-core-group-is-layout-c35747d5 wp-block-group-is-layout-flex\">\n<div class=\"wp-block-group has-global-padding is-layout-constrained wp-container-core-group-is-layout-dd32767c wp-block-group-is-layout-constrained\">\n<h3 class=\"wp-block-heading\">Anders Celsius<\/h3>\n\n\n\n<p>Anders Celsius var astronomen som gav oss en termometerskala som var l\u00e4tt att f\u00f6rst\u00e5 och anv\u00e4nda, varf\u00f6r den anv\u00e4nds \u00f6ver hela v\u00e4rlden idag. Genom observationer, m\u00e4tningar och envis noggrannhet n\u00e5dde han sina resultat.<br><br>Hans arbete handlade om precision, vetenskap och behovet av gemensamma m\u00e5tt i en v\u00e4xande, rationell v\u00e4rld.<\/p>\n<\/div>\n<\/div>\n<\/div>\n\n\n\n<div class=\"wp-block-column is-vertically-aligned-center is-layout-flow wp-block-column-is-layout-flow\">\n<figure class=\"wp-block-image size-large is-style-ext-preset--image--natural-1--image-1--content-left is-style-ext-preset--image--natural-1--image-1--content-left--8\"><img loading=\"lazy\" decoding=\"async\" width=\"1024\" height=\"683\" src=\"https:\/\/guideuppsala.se\/wp-content\/uploads\/2026\/01\/Image-39-1024x683.jpg\" alt=\"\" class=\"wp-image-455\" style=\"aspect-ratio:4\/3;object-fit:cover\" srcset=\"https:\/\/guideuppsala.se\/wp-content\/uploads\/2026\/01\/Image-39-1024x683.jpg 1024w, https:\/\/guideuppsala.se\/wp-content\/uploads\/2026\/01\/Image-39-300x200.jpg 300w, https:\/\/guideuppsala.se\/wp-content\/uploads\/2026\/01\/Image-39-768x512.jpg 768w, https:\/\/guideuppsala.se\/wp-content\/uploads\/2026\/01\/Image-39-18x12.jpg 18w, https:\/\/guideuppsala.se\/wp-content\/uploads\/2026\/01\/Image-39.jpg 1536w\" sizes=\"auto, (max-width: 1024px) 100vw, 1024px\" \/><\/figure>\n<\/div>\n<\/div>\n<\/div>","protected":false},"excerpt":{"rendered":"<p>Uppsala universitet Linn\u00e9, Celsius och superdatorer! Universitetshuset p\u00e5 Uppsala universitet \u00e4r fr\u00e5n 1887 \u00e4r symbolen f\u00f6r l\u00e4rande och forskning som startade redan 1477 i Uppsala. Carl von Linn\u00e9 och hans latinska namn och betydelse f\u00f6r f\u00f6rst\u00e5elsen av naturen. Anders Celsius s\u00e5g 1741 till att ett \u201cC\u201d nu finns p\u00e5 termometrar \u00f6ver hela v\u00e4rlden. Olof Rudbeck [&hellip;]<\/p>\n","protected":false},"author":1,"featured_media":0,"parent":0,"menu_order":0,"comment_status":"closed","ping_status":"closed","template":"page-with-title","meta":{"_monsterinsights_skip_tracking":false,"_monsterinsights_sitenote_active":false,"_monsterinsights_sitenote_note":"","_monsterinsights_sitenote_category":0,"footnotes":""},"class_list":["post-194","page","type-page","status-publish","hentry"],"aioseo_notices":[],"_links":{"self":[{"href":"https:\/\/guideuppsala.se\/en\/wp-json\/wp\/v2\/pages\/194","targetHints":{"allow":["GET"]}}],"collection":[{"href":"https:\/\/guideuppsala.se\/en\/wp-json\/wp\/v2\/pages"}],"about":[{"href":"https:\/\/guideuppsala.se\/en\/wp-json\/wp\/v2\/types\/page"}],"author":[{"embeddable":true,"href":"https:\/\/guideuppsala.se\/en\/wp-json\/wp\/v2\/users\/1"}],"replies":[{"embeddable":true,"href":"https:\/\/guideuppsala.se\/en\/wp-json\/wp\/v2\/comments?post=194"}],"version-history":[{"count":20,"href":"https:\/\/guideuppsala.se\/en\/wp-json\/wp\/v2\/pages\/194\/revisions"}],"predecessor-version":[{"id":663,"href":"https:\/\/guideuppsala.se\/en\/wp-json\/wp\/v2\/pages\/194\/revisions\/663"}],"wp:attachment":[{"href":"https:\/\/guideuppsala.se\/en\/wp-json\/wp\/v2\/media?parent=194"}],"curies":[{"name":"wp","href":"https:\/\/api.w.org\/{rel}","templated":true}]}}