{"id":192,"date":"2026-01-24T07:47:02","date_gmt":"2026-01-24T07:47:02","guid":{"rendered":"https:\/\/guideuppsala.se\/?page_id=192"},"modified":"2026-02-02T07:00:32","modified_gmt":"2026-02-02T07:00:32","slug":"gamla-uppsala-hogar","status":"publish","type":"page","link":"https:\/\/guideuppsala.se\/en\/gamla-uppsala-hogar\/","title":{"rendered":"Gamla Uppsala"},"content":{"rendered":"<div class=\"wp-block-group alignfull is-style-ext-preset--group--natural-1--section has-background-background-color has-background has-global-padding is-layout-constrained wp-block-group-is-layout-constrained\" style=\"margin-top:0;margin-bottom:0;padding-top:var(--wp--preset--spacing--70);padding-bottom:var(--wp--preset--spacing--70)\">\n<div class=\"wp-block-columns alignwide are-vertically-aligned-center is-layout-flex wp-container-core-columns-is-layout-174606dc wp-block-columns-is-layout-flex\">\n<div class=\"wp-block-column is-vertically-aligned-center is-layout-flow wp-block-column-is-layout-flow\">\n<div class=\"wp-block-group alignwide is-vertical is-layout-flex wp-container-core-group-is-layout-c35747d5 wp-block-group-is-layout-flex\">\n<div class=\"wp-block-group has-global-padding is-layout-constrained wp-container-core-group-is-layout-dd32767c wp-block-group-is-layout-constrained\">\n<h2 class=\"wp-block-heading\">Gamla Uppsala h\u00f6gar<\/h2>\n\n\n\n<p>Kungagravarna i Gamla Uppsala. H\u00e4r s\u00e4gs Ane den Gamle, Egils och Adils ligga begravna. Mytens dimmor ligger t\u00e4ta \u00f6ver gravh\u00f6garna som fanns h\u00e4r redan f\u00f6re vikingatiden. Utgr\u00e4vningar har gjorts och man har funnit rester av m\u00e4nniskokroppar, fragment av en hj\u00e4lm, delar av en jakth\u00f6k och andra f\u00f6rem\u00e5l som visar att h\u00e4r ligger m\u00e4ktiga personer begravda.<\/p>\n\n\n\n<p>Nyligen har man funnit resterna av tv\u00e5 m\u00e5nga hundra meter l\u00e5nga rader av stolpar, flera hade prytts med h\u00e4stskallar. Varf\u00f6r skapade man detta enorma monument? Forntidens m\u00e4nniskor har f\u00f6rsvunnit med svaren, v\u00e5ra guider ber\u00e4ttar vad forskarna kommit fram till.<\/p>\n<\/div>\n<\/div>\n<\/div>\n\n\n\n<div class=\"wp-block-column is-vertically-aligned-center is-layout-flow wp-block-column-is-layout-flow\">\n<figure class=\"wp-block-image size-large is-style-ext-preset--image--natural-1--image-1--content-left is-style-ext-preset--image--natural-1--image-1--content-left--2\"><img loading=\"lazy\" decoding=\"async\" width=\"1024\" height=\"768\" src=\"https:\/\/guideuppsala.se\/wp-content\/uploads\/2026\/01\/Gamla-Uppsala-hogar-4-3-rectangle-1024x768.jpeg\" alt=\"\" class=\"wp-image-368\" style=\"aspect-ratio:1;object-fit:cover\" srcset=\"https:\/\/guideuppsala.se\/wp-content\/uploads\/2026\/01\/Gamla-Uppsala-hogar-4-3-rectangle-1024x768.jpeg 1024w, https:\/\/guideuppsala.se\/wp-content\/uploads\/2026\/01\/Gamla-Uppsala-hogar-4-3-rectangle-300x225.jpeg 300w, https:\/\/guideuppsala.se\/wp-content\/uploads\/2026\/01\/Gamla-Uppsala-hogar-4-3-rectangle-768x576.jpeg 768w, https:\/\/guideuppsala.se\/wp-content\/uploads\/2026\/01\/Gamla-Uppsala-hogar-4-3-rectangle-1536x1152.jpeg 1536w, https:\/\/guideuppsala.se\/wp-content\/uploads\/2026\/01\/Gamla-Uppsala-hogar-4-3-rectangle-2048x1536.jpeg 2048w, https:\/\/guideuppsala.se\/wp-content\/uploads\/2026\/01\/Gamla-Uppsala-hogar-4-3-rectangle-16x12.jpeg 16w\" sizes=\"auto, (max-width: 1024px) 100vw, 1024px\" \/><\/figure>\n<\/div>\n<\/div>\n<\/div>\n\n\n\n<div class=\"wp-block-group alignfull is-style-ext-preset--group--natural-1--section has-background-background-color has-background has-global-padding is-layout-constrained wp-block-group-is-layout-constrained\" style=\"margin-top:0;margin-bottom:0;padding-top:var(--wp--preset--spacing--70);padding-bottom:var(--wp--preset--spacing--70)\">\n<div class=\"wp-block-columns alignwide are-vertically-aligned-center is-layout-flex wp-container-core-columns-is-layout-174606dc wp-block-columns-is-layout-flex\">\n<div class=\"wp-block-column is-vertically-aligned-center is-layout-flow wp-block-column-is-layout-flow\">\n<div class=\"wp-block-group alignwide is-vertical is-layout-flex wp-container-core-group-is-layout-c35747d5 wp-block-group-is-layout-flex\">\n<div class=\"wp-block-group has-global-padding is-layout-constrained wp-container-core-group-is-layout-dd32767c wp-block-group-is-layout-constrained\">\n<figure class=\"wp-block-image size-large is-style-ext-preset--image--natural-1--image-1--content-left is-style-ext-preset--image--natural-1--image-1--content-left--4\"><img loading=\"lazy\" decoding=\"async\" width=\"1024\" height=\"647\" src=\"https:\/\/guideuppsala.se\/wp-content\/uploads\/2026\/01\/Ulf-The-viking-1024x647.jpg\" alt=\"\" class=\"wp-image-55\" style=\"aspect-ratio:1;object-fit:cover\" srcset=\"https:\/\/guideuppsala.se\/wp-content\/uploads\/2026\/01\/Ulf-The-viking-1024x647.jpg 1024w, https:\/\/guideuppsala.se\/wp-content\/uploads\/2026\/01\/Ulf-The-viking-300x190.jpg 300w, https:\/\/guideuppsala.se\/wp-content\/uploads\/2026\/01\/Ulf-The-viking-768x485.jpg 768w, https:\/\/guideuppsala.se\/wp-content\/uploads\/2026\/01\/Ulf-The-viking-1536x971.jpg 1536w, https:\/\/guideuppsala.se\/wp-content\/uploads\/2026\/01\/Ulf-The-viking-2048x1295.jpg 2048w, https:\/\/guideuppsala.se\/wp-content\/uploads\/2026\/01\/Ulf-The-viking-18x12.jpg 18w\" sizes=\"auto, (max-width: 1024px) 100vw, 1024px\" \/><\/figure>\n<\/div>\n<\/div>\n<\/div>\n\n\n\n<div class=\"wp-block-column is-vertically-aligned-center is-layout-flow wp-block-column-is-layout-flow\">\n<h2 class=\"wp-block-heading\">Gamla Uppsala museum<\/h2>\n\n\n\n<p>Gamla Uppsala Museum \u00e4r ett modernt museum som ber\u00e4ttar platsens historia p\u00e5 ett pedagogiskt s\u00e4tt. Intressanta f\u00f6rem\u00e5l och modeller ger oss en uppfattning om Gamla Uppsalas betydelse i Sveriges tidiga historia. <br><br>H\u00e4r kan man ocks\u00e5 sitta bekv\u00e4mt och titta ut \u00f6ver kungsh\u00f6garna genom panoramaf\u00f6nster och f\u00e5 historien om <a href=\"https:\/\/www.uu.se\/nyheter\/2014\/2014-05-09-forntida-offerritual-aterskapas-i-nytt-forskningsprojekt\" title=\"\">offerritualer<\/a>, vikingar och mission\u00e4rer ber\u00e4ttad f\u00f6r sig.<\/p>\n<\/div>\n<\/div>\n<\/div>\n\n\n\n<div class=\"wp-block-columns alignwide are-vertically-aligned-center is-layout-flex wp-container-core-columns-is-layout-174606dc wp-block-columns-is-layout-flex\">\n<div class=\"wp-block-column is-vertically-aligned-center is-layout-flow wp-block-column-is-layout-flow\">\n<div class=\"wp-block-group alignwide is-vertical is-layout-flex wp-container-core-group-is-layout-c35747d5 wp-block-group-is-layout-flex\">\n<div class=\"wp-block-group has-global-padding is-layout-constrained wp-container-core-group-is-layout-dd32767c wp-block-group-is-layout-constrained\">\n<h2 class=\"wp-block-heading\">Gamla Uppsala kyrka<\/h2>\n\n\n\n<p>Sveriges f\u00f6rsta \u00e4rkebiskopskyrka fr\u00e5n 1164. H\u00e4lften s\u00e5 stor nu mot d\u00e5. Efter en brand \u00e5teruppbyggde man inte hela kyrkan. Domkyrkan i det nya Uppsala b\u00f6rjade byggas och kyrkan i Gamla Uppsala blev en charmig liten sockenkyrka. H\u00e4r finns sp\u00e4nnande v\u00e4ggm\u00e5lningar, medeltida krucifix och helgonstatyer. Liksom Anders Celsius grav.<br><br>Det finns mycket att uppt\u00e4cka i Gamla Uppsala! Flera hundra mindre gravh\u00f6gar, runstenar och nu \u00e4ven en sten med en tanke. Uppsalasonen och sedermera FN:s generalsekreterare, <a href=\"https:\/\/sv.wikipedia.org\/wiki\/Dag_Hammarskj\u00f6ld\" title=\"\">Dag Hammarskj\u00f6ld<\/a>, citeras p\u00e5 en natursten utanf\u00f6r kyrkan.<\/p>\n<\/div>\n<\/div>\n<\/div>\n\n\n\n<div class=\"wp-block-column is-vertically-aligned-center is-layout-flow wp-block-column-is-layout-flow\">\n<figure class=\"wp-block-image size-full is-style-ext-preset--image--natural-1--image-1--content-left is-style-ext-preset--image--natural-1--image-1--content-left--5\"><img loading=\"lazy\" decoding=\"async\" width=\"1024\" height=\"677\" src=\"https:\/\/guideuppsala.se\/wp-content\/uploads\/2026\/02\/mrh_707.jpg\" alt=\"Gamla Uppsala kyrka\" class=\"wp-image-508\" style=\"aspect-ratio:1;object-fit:cover\" srcset=\"https:\/\/guideuppsala.se\/wp-content\/uploads\/2026\/02\/mrh_707.jpg 1024w, https:\/\/guideuppsala.se\/wp-content\/uploads\/2026\/02\/mrh_707-300x198.jpg 300w, https:\/\/guideuppsala.se\/wp-content\/uploads\/2026\/02\/mrh_707-768x508.jpg 768w, https:\/\/guideuppsala.se\/wp-content\/uploads\/2026\/02\/mrh_707-18x12.jpg 18w\" sizes=\"auto, (max-width: 1024px) 100vw, 1024px\" \/><\/figure>\n<\/div>\n<\/div>","protected":false},"excerpt":{"rendered":"<p>Gamla Uppsala h\u00f6gar Kungagravarna i Gamla Uppsala. H\u00e4r s\u00e4gs Ane den Gamle, Egils och Adils ligga begravna. Mytens dimmor ligger t\u00e4ta \u00f6ver gravh\u00f6garna som fanns h\u00e4r redan f\u00f6re vikingatiden. Utgr\u00e4vningar har gjorts och man har funnit rester av m\u00e4nniskokroppar, fragment av en hj\u00e4lm, delar av en jakth\u00f6k och andra f\u00f6rem\u00e5l som visar att h\u00e4r ligger [&hellip;]<\/p>\n","protected":false},"author":1,"featured_media":0,"parent":0,"menu_order":0,"comment_status":"closed","ping_status":"closed","template":"page-with-title","meta":{"_monsterinsights_skip_tracking":false,"_monsterinsights_sitenote_active":false,"_monsterinsights_sitenote_note":"","_monsterinsights_sitenote_category":0,"footnotes":""},"class_list":["post-192","page","type-page","status-publish","hentry"],"aioseo_notices":[],"_links":{"self":[{"href":"https:\/\/guideuppsala.se\/en\/wp-json\/wp\/v2\/pages\/192","targetHints":{"allow":["GET"]}}],"collection":[{"href":"https:\/\/guideuppsala.se\/en\/wp-json\/wp\/v2\/pages"}],"about":[{"href":"https:\/\/guideuppsala.se\/en\/wp-json\/wp\/v2\/types\/page"}],"author":[{"embeddable":true,"href":"https:\/\/guideuppsala.se\/en\/wp-json\/wp\/v2\/users\/1"}],"replies":[{"embeddable":true,"href":"https:\/\/guideuppsala.se\/en\/wp-json\/wp\/v2\/comments?post=192"}],"version-history":[{"count":15,"href":"https:\/\/guideuppsala.se\/en\/wp-json\/wp\/v2\/pages\/192\/revisions"}],"predecessor-version":[{"id":619,"href":"https:\/\/guideuppsala.se\/en\/wp-json\/wp\/v2\/pages\/192\/revisions\/619"}],"wp:attachment":[{"href":"https:\/\/guideuppsala.se\/en\/wp-json\/wp\/v2\/media?parent=192"}],"curies":[{"name":"wp","href":"https:\/\/api.w.org\/{rel}","templated":true}]}}