{"id":190,"date":"2026-01-24T07:44:27","date_gmt":"2026-01-24T07:44:27","guid":{"rendered":"https:\/\/guideuppsala.se\/?page_id=190"},"modified":"2026-02-03T03:20:19","modified_gmt":"2026-02-03T03:20:19","slug":"botaniska-tradgarden","status":"publish","type":"page","link":"https:\/\/guideuppsala.se\/en\/botaniska-tradgarden\/","title":{"rendered":"Botaniska tr\u00e4dg\u00e5rden"},"content":{"rendered":"<div class=\"wp-block-group alignfull is-style-ext-preset--group--natural-1--section has-background-background-color has-background has-global-padding is-layout-constrained wp-container-core-group-is-layout-6714b1d7 wp-block-group-is-layout-constrained\" style=\"margin-top:0;margin-bottom:0;padding-top:var(--wp--preset--spacing--70);padding-bottom:var(--wp--preset--spacing--70)\">\n<div class=\"wp-block-group alignwide is-vertical is-content-justification-center is-layout-flex wp-container-core-group-is-layout-c9ee0c5a wp-block-group-is-layout-flex\">\n<div class=\"wp-block-group has-global-padding is-layout-constrained wp-container-core-group-is-layout-2287c683 wp-block-group-is-layout-constrained\">\n<h2 class=\"wp-block-heading has-text-align-center\">Botaniska tr\u00e4dg\u00e5rden Barocktr\u00e4dg\u00e5rd och Buddhas tr\u00e4d<\/h2>\n\n\n\n<p class=\"has-text-align-center\">Gustav III donerade 1787 slottstr\u00e4dg\u00e5rden i Uppsala till universitetet, den \u201dnya\u201d Botaniska tr\u00e4dg\u00e5rden i Uppsala var f\u00f6dd. Rudbeckarnas och Linn\u00e9s akademitr\u00e4dg\u00e5rd fr\u00e5n 1655 \u00f6vergavs under 230 \u00e5r, d\u00e5 den \u00e5teruppstod som &#8211;&nbsp; Linn\u00e9tr\u00e4dg\u00e5rden, ett levande museum.<\/p>\n<\/div>\n<\/div>\n\n\n\n<div class=\"wp-block-columns alignwide is-layout-flex wp-container-core-columns-is-layout-28f84493 wp-block-columns-is-layout-flex\">\n<div class=\"wp-block-column is-layout-flow wp-block-column-is-layout-flow\">\n<figure class=\"wp-block-image is-style-ext-preset-image-natural-1-image-1--content-bottom is-style-ext-preset--image--natural-1--image-1--content-bottom is-style-ext-preset--image--natural-1--image-1--content-bottom--2\"><img loading=\"lazy\" decoding=\"async\" width=\"1440\" height=\"960\" src=\"https:\/\/guideuppsala.se\/wp-content\/uploads\/2026\/01\/1d3c374f4294f3cd2dccef0bde47ab7eaea83aa2.jpg\" alt=\"\" class=\"wp-image-219\" style=\"aspect-ratio:3\/4;object-fit:cover\" srcset=\"https:\/\/guideuppsala.se\/wp-content\/uploads\/2026\/01\/1d3c374f4294f3cd2dccef0bde47ab7eaea83aa2.jpg 1440w, https:\/\/guideuppsala.se\/wp-content\/uploads\/2026\/01\/1d3c374f4294f3cd2dccef0bde47ab7eaea83aa2-300x200.jpg 300w, https:\/\/guideuppsala.se\/wp-content\/uploads\/2026\/01\/1d3c374f4294f3cd2dccef0bde47ab7eaea83aa2-1024x683.jpg 1024w, https:\/\/guideuppsala.se\/wp-content\/uploads\/2026\/01\/1d3c374f4294f3cd2dccef0bde47ab7eaea83aa2-768x512.jpg 768w, https:\/\/guideuppsala.se\/wp-content\/uploads\/2026\/01\/1d3c374f4294f3cd2dccef0bde47ab7eaea83aa2-18x12.jpg 18w\" sizes=\"auto, (max-width: 1440px) 100vw, 1440px\" \/><\/figure>\n<\/div>\n\n\n\n<div class=\"wp-block-column is-layout-flow wp-block-column-is-layout-flow\">\n<figure class=\"wp-block-image is-style-ext-preset-image-natural-1-image-1--content-bottom is-style-ext-preset--image--natural-1--image-1--content-bottom is-style-ext-preset--image--natural-1--image-1--content-bottom--3\"><img loading=\"lazy\" decoding=\"async\" width=\"960\" height=\"1440\" src=\"https:\/\/guideuppsala.se\/wp-content\/uploads\/2026\/01\/49edbd0f87a01e229766b3e59de45b06f0c3d6ce.jpg\" alt=\"\" class=\"wp-image-222\" style=\"aspect-ratio:3\/4;object-fit:cover\" srcset=\"https:\/\/guideuppsala.se\/wp-content\/uploads\/2026\/01\/49edbd0f87a01e229766b3e59de45b06f0c3d6ce.jpg 960w, https:\/\/guideuppsala.se\/wp-content\/uploads\/2026\/01\/49edbd0f87a01e229766b3e59de45b06f0c3d6ce-200x300.jpg 200w, https:\/\/guideuppsala.se\/wp-content\/uploads\/2026\/01\/49edbd0f87a01e229766b3e59de45b06f0c3d6ce-683x1024.jpg 683w, https:\/\/guideuppsala.se\/wp-content\/uploads\/2026\/01\/49edbd0f87a01e229766b3e59de45b06f0c3d6ce-768x1152.jpg 768w, https:\/\/guideuppsala.se\/wp-content\/uploads\/2026\/01\/49edbd0f87a01e229766b3e59de45b06f0c3d6ce-8x12.jpg 8w\" sizes=\"auto, (max-width: 960px) 100vw, 960px\" \/><\/figure>\n<\/div>\n\n\n\n<div class=\"wp-block-column is-layout-flow wp-block-column-is-layout-flow\">\n<figure class=\"wp-block-image is-style-ext-preset-image-natural-1-image-1--content-bottom is-style-ext-preset--image--natural-1--image-1--content-bottom is-style-ext-preset--image--natural-1--image-1--content-bottom--4\"><img loading=\"lazy\" decoding=\"async\" width=\"960\" height=\"1440\" src=\"https:\/\/guideuppsala.se\/wp-content\/uploads\/2026\/01\/e603eb40651f6203093549d94f3428008b6c2f06.jpg\" alt=\"\" class=\"wp-image-212\" style=\"aspect-ratio:3\/4;object-fit:cover\" srcset=\"https:\/\/guideuppsala.se\/wp-content\/uploads\/2026\/01\/e603eb40651f6203093549d94f3428008b6c2f06.jpg 960w, https:\/\/guideuppsala.se\/wp-content\/uploads\/2026\/01\/e603eb40651f6203093549d94f3428008b6c2f06-200x300.jpg 200w, https:\/\/guideuppsala.se\/wp-content\/uploads\/2026\/01\/e603eb40651f6203093549d94f3428008b6c2f06-683x1024.jpg 683w, https:\/\/guideuppsala.se\/wp-content\/uploads\/2026\/01\/e603eb40651f6203093549d94f3428008b6c2f06-768x1152.jpg 768w, https:\/\/guideuppsala.se\/wp-content\/uploads\/2026\/01\/e603eb40651f6203093549d94f3428008b6c2f06-8x12.jpg 8w\" sizes=\"auto, (max-width: 960px) 100vw, 960px\" \/><\/figure>\n<\/div>\n<\/div>\n<\/div>\n\n\n\n<div class=\"wp-block-group alignfull is-style-ext-preset--group--natural-1--section has-tertiary-background-color has-background has-global-padding is-layout-constrained wp-container-core-group-is-layout-f72f1611 wp-block-group-is-layout-constrained\" style=\"margin-top:0;margin-bottom:0;padding-top:var(--wp--preset--spacing--70);padding-bottom:var(--wp--preset--spacing--70)\">\n<div class=\"wp-block-group alignwide is-vertical is-layout-flex wp-container-core-group-is-layout-c35747d5 wp-block-group-is-layout-flex\">\n<div class=\"wp-block-group has-global-padding is-layout-constrained wp-container-core-group-is-layout-5e05634a wp-block-group-is-layout-constrained\">\n<h2 class=\"wp-block-heading\">Den unika floran i Botaniska tr\u00e4dg\u00e5rden.<\/h2>\n\n\n\n<p class=\"has-text-align-left\">Den \u201dnya\u201d Botaniska tr\u00e4dg\u00e5rden har en barockdel med vackra v\u00e4xtformationer sk\u00f6tta f\u00f6r att ha kvar tr\u00e4dg\u00e5rdens 1700-talskarakt\u00e4r. D\u00e4r ligger ocks\u00e5 Linneanum, en vacker byggnad som nu bl.a. anv\u00e4nds f\u00f6r konstutst\u00e4llningar. Bakom den orangeriet med en unik kaktusavdelning som rymmer 800 arter. Pelarkaktusen tillh\u00f6rde en g\u00e5ng Olof Rudbeck d.y. som \u00e4gde den fr\u00e5n 1720, senare kom Linn\u00e9 att ha den.<\/p>\n<\/div>\n<\/div>\n\n\n\n<div class=\"wp-block-columns alignwide is-layout-flex wp-container-core-columns-is-layout-87beb0d0 wp-block-columns-is-layout-flex\">\n<div class=\"wp-block-column is-vertically-aligned-top is-layout-flow wp-container-core-column-is-layout-f5bb311e wp-block-column-is-layout-flow\">\n<figure class=\"wp-block-image is-style-ext-preset--image--natural-1--image-1--content-bottom is-style-ext-preset--image--natural-1--image-1--content-bottom--6\"><img loading=\"lazy\" decoding=\"async\" width=\"1440\" height=\"1080\" src=\"https:\/\/guideuppsala.se\/wp-content\/uploads\/2026\/01\/dbf7ae0d8c76e0805d23551239d5eb5d74df6147.jpg\" alt=\"\" class=\"wp-image-223\" style=\"aspect-ratio:1;object-fit:cover\" srcset=\"https:\/\/guideuppsala.se\/wp-content\/uploads\/2026\/01\/dbf7ae0d8c76e0805d23551239d5eb5d74df6147.jpg 1440w, https:\/\/guideuppsala.se\/wp-content\/uploads\/2026\/01\/dbf7ae0d8c76e0805d23551239d5eb5d74df6147-300x225.jpg 300w, https:\/\/guideuppsala.se\/wp-content\/uploads\/2026\/01\/dbf7ae0d8c76e0805d23551239d5eb5d74df6147-1024x768.jpg 1024w, https:\/\/guideuppsala.se\/wp-content\/uploads\/2026\/01\/dbf7ae0d8c76e0805d23551239d5eb5d74df6147-768x576.jpg 768w, https:\/\/guideuppsala.se\/wp-content\/uploads\/2026\/01\/dbf7ae0d8c76e0805d23551239d5eb5d74df6147-16x12.jpg 16w\" sizes=\"auto, (max-width: 1440px) 100vw, 1440px\" \/><\/figure>\n\n\n\n<figure class=\"wp-block-image size-large is-style-ext-preset--image--natural-1--image-1--content-right is-style-ext-preset--image--natural-1--image-1--content-right--7\"><img loading=\"lazy\" decoding=\"async\" width=\"1024\" height=\"768\" src=\"https:\/\/guideuppsala.se\/wp-content\/uploads\/2026\/01\/Linnetradg-blomma2-4-3-rectangle-1024x768.jpeg\" alt=\"\" class=\"wp-image-387\" style=\"aspect-ratio:4\/3;object-fit:cover\" srcset=\"https:\/\/guideuppsala.se\/wp-content\/uploads\/2026\/01\/Linnetradg-blomma2-4-3-rectangle-1024x768.jpeg 1024w, https:\/\/guideuppsala.se\/wp-content\/uploads\/2026\/01\/Linnetradg-blomma2-4-3-rectangle-300x225.jpeg 300w, https:\/\/guideuppsala.se\/wp-content\/uploads\/2026\/01\/Linnetradg-blomma2-4-3-rectangle-768x576.jpeg 768w, https:\/\/guideuppsala.se\/wp-content\/uploads\/2026\/01\/Linnetradg-blomma2-4-3-rectangle-1536x1152.jpeg 1536w, https:\/\/guideuppsala.se\/wp-content\/uploads\/2026\/01\/Linnetradg-blomma2-4-3-rectangle-16x12.jpeg 16w, https:\/\/guideuppsala.se\/wp-content\/uploads\/2026\/01\/Linnetradg-blomma2-4-3-rectangle.jpeg 1837w\" sizes=\"auto, (max-width: 1024px) 100vw, 1024px\" \/><\/figure>\n<\/div>\n\n\n\n<div class=\"wp-block-column is-vertically-aligned-top is-layout-flow wp-container-core-column-is-layout-f5bb311e wp-block-column-is-layout-flow\">\n<figure class=\"wp-block-image is-style-ext-preset--image--natural-1--image-1--content-left is-style-ext-preset--image--natural-1--image-1--content-left--8\"><img loading=\"lazy\" decoding=\"async\" width=\"1440\" height=\"961\" src=\"https:\/\/guideuppsala.se\/wp-content\/uploads\/2026\/01\/77faa04cdf23d2b58e28ae807badec7faee58978.jpg\" alt=\"\" class=\"wp-image-225\" style=\"aspect-ratio:4\/3;object-fit:cover\" srcset=\"https:\/\/guideuppsala.se\/wp-content\/uploads\/2026\/01\/77faa04cdf23d2b58e28ae807badec7faee58978.jpg 1440w, https:\/\/guideuppsala.se\/wp-content\/uploads\/2026\/01\/77faa04cdf23d2b58e28ae807badec7faee58978-300x200.jpg 300w, https:\/\/guideuppsala.se\/wp-content\/uploads\/2026\/01\/77faa04cdf23d2b58e28ae807badec7faee58978-1024x683.jpg 1024w, https:\/\/guideuppsala.se\/wp-content\/uploads\/2026\/01\/77faa04cdf23d2b58e28ae807badec7faee58978-768x513.jpg 768w, https:\/\/guideuppsala.se\/wp-content\/uploads\/2026\/01\/77faa04cdf23d2b58e28ae807badec7faee58978-18x12.jpg 18w\" sizes=\"auto, (max-width: 1440px) 100vw, 1440px\" \/><\/figure>\n\n\n\n<figure class=\"wp-block-image is-style-ext-preset--image--natural-1--image-1--content-left is-style-ext-preset--image--natural-1--image-1--content-left--9\"><img loading=\"lazy\" decoding=\"async\" width=\"1440\" height=\"960\" src=\"https:\/\/guideuppsala.se\/wp-content\/uploads\/2026\/01\/ef93fc9379aaeac6fc8f4b1b2fed66dd6df110b8.jpg\" alt=\"\" class=\"wp-image-226\" style=\"aspect-ratio:1;object-fit:cover\" srcset=\"https:\/\/guideuppsala.se\/wp-content\/uploads\/2026\/01\/ef93fc9379aaeac6fc8f4b1b2fed66dd6df110b8.jpg 1440w, https:\/\/guideuppsala.se\/wp-content\/uploads\/2026\/01\/ef93fc9379aaeac6fc8f4b1b2fed66dd6df110b8-300x200.jpg 300w, https:\/\/guideuppsala.se\/wp-content\/uploads\/2026\/01\/ef93fc9379aaeac6fc8f4b1b2fed66dd6df110b8-1024x683.jpg 1024w, https:\/\/guideuppsala.se\/wp-content\/uploads\/2026\/01\/ef93fc9379aaeac6fc8f4b1b2fed66dd6df110b8-768x512.jpg 768w, https:\/\/guideuppsala.se\/wp-content\/uploads\/2026\/01\/ef93fc9379aaeac6fc8f4b1b2fed66dd6df110b8-18x12.jpg 18w\" sizes=\"auto, (max-width: 1440px) 100vw, 1440px\" \/><\/figure>\n<\/div>\n<\/div>\n<\/div>\n\n\n\n<div class=\"wp-block-group alignfull is-style-ext-preset--group--natural-1--section has-tertiary-background-color has-background has-global-padding is-layout-constrained wp-container-core-group-is-layout-e955bbaf wp-block-group-is-layout-constrained\" style=\"margin-top:0;margin-bottom:0;padding-top:var(--wp--preset--spacing--70);padding-bottom:var(--wp--preset--spacing--70)\">\n<div class=\"wp-block-columns alignwide are-vertically-aligned-center is-layout-flex wp-container-core-columns-is-layout-174606dc wp-block-columns-is-layout-flex\">\n<div class=\"wp-block-column is-vertically-aligned-center is-layout-flow wp-block-column-is-layout-flow\">\n<div class=\"wp-block-group alignwide is-vertical is-layout-flex wp-container-core-group-is-layout-c35747d5 wp-block-group-is-layout-flex\">\n<div class=\"wp-block-group has-global-padding is-layout-constrained wp-container-core-group-is-layout-dd32767c wp-block-group-is-layout-constrained\">\n<h3 class=\"wp-block-heading\">S\u00e5 blev Botaniska Tr\u00e4dg\u00e5rden en gr\u00f6n oas i Uppsala<\/h3>\n\n\n\n<p><a href=\"https:\/\/sv.wikipedia.org\/wiki\/Carl_H\u00e5rleman\" title=\"\">Carl H\u00e5rlemans<\/a> vision och engagemang lade grunden f\u00f6r en botanisk tr\u00e4dg\u00e5rd fylld av b\u00e5de historiska och botaniska skatter. Medan den inspirerande Olof Rudbeck lade grunden f\u00f6r den f\u00f6rsta botaniska tr\u00e4dg\u00e5rden i Uppsala blev det till slut h\u00e4r den fick sin sista plats. Nu fylls ibland tr\u00e4dg\u00e5rden av sp\u00e4nnande konserter och andra evenemang.<\/p>\n<\/div>\n<\/div>\n<\/div>\n\n\n\n<div class=\"wp-block-column is-vertically-aligned-center is-layout-flow wp-block-column-is-layout-flow\">\n<figure class=\"wp-block-image size-large is-style-ext-preset--image--natural-1--image-1--content-left is-style-ext-preset--image--natural-1--image-1--content-left--11\"><img loading=\"lazy\" decoding=\"async\" width=\"1024\" height=\"768\" src=\"https:\/\/guideuppsala.se\/wp-content\/uploads\/2026\/01\/Botan-vackert-4-3-rectangle-1024x768.jpeg\" alt=\"\" class=\"wp-image-357\" style=\"aspect-ratio:4\/3;object-fit:cover\" srcset=\"https:\/\/guideuppsala.se\/wp-content\/uploads\/2026\/01\/Botan-vackert-4-3-rectangle-1024x768.jpeg 1024w, https:\/\/guideuppsala.se\/wp-content\/uploads\/2026\/01\/Botan-vackert-4-3-rectangle-300x225.jpeg 300w, https:\/\/guideuppsala.se\/wp-content\/uploads\/2026\/01\/Botan-vackert-4-3-rectangle-768x576.jpeg 768w, https:\/\/guideuppsala.se\/wp-content\/uploads\/2026\/01\/Botan-vackert-4-3-rectangle-1536x1152.jpeg 1536w, https:\/\/guideuppsala.se\/wp-content\/uploads\/2026\/01\/Botan-vackert-4-3-rectangle-16x12.jpeg 16w, https:\/\/guideuppsala.se\/wp-content\/uploads\/2026\/01\/Botan-vackert-4-3-rectangle.jpeg 1833w\" sizes=\"auto, (max-width: 1024px) 100vw, 1024px\" \/><\/figure>\n<\/div>\n<\/div>\n<\/div>","protected":false},"excerpt":{"rendered":"<p>Botaniska tr\u00e4dg\u00e5rden Barocktr\u00e4dg\u00e5rd och Buddhas tr\u00e4d Gustav III donerade 1787 slottstr\u00e4dg\u00e5rden i Uppsala till universitetet, den \u201dnya\u201d Botaniska tr\u00e4dg\u00e5rden i Uppsala var f\u00f6dd. Rudbeckarnas och Linn\u00e9s akademitr\u00e4dg\u00e5rd fr\u00e5n 1655 \u00f6vergavs under 230 \u00e5r, d\u00e5 den \u00e5teruppstod som &#8211;&nbsp; Linn\u00e9tr\u00e4dg\u00e5rden, ett levande museum. Den unika floran i Botaniska tr\u00e4dg\u00e5rden. Den \u201dnya\u201d Botaniska tr\u00e4dg\u00e5rden har en barockdel [&hellip;]<\/p>\n","protected":false},"author":1,"featured_media":0,"parent":0,"menu_order":0,"comment_status":"closed","ping_status":"closed","template":"page-with-title","meta":{"_monsterinsights_skip_tracking":false,"_monsterinsights_sitenote_active":false,"_monsterinsights_sitenote_note":"","_monsterinsights_sitenote_category":0,"footnotes":""},"class_list":["post-190","page","type-page","status-publish","hentry"],"aioseo_notices":[],"_links":{"self":[{"href":"https:\/\/guideuppsala.se\/en\/wp-json\/wp\/v2\/pages\/190","targetHints":{"allow":["GET"]}}],"collection":[{"href":"https:\/\/guideuppsala.se\/en\/wp-json\/wp\/v2\/pages"}],"about":[{"href":"https:\/\/guideuppsala.se\/en\/wp-json\/wp\/v2\/types\/page"}],"author":[{"embeddable":true,"href":"https:\/\/guideuppsala.se\/en\/wp-json\/wp\/v2\/users\/1"}],"replies":[{"embeddable":true,"href":"https:\/\/guideuppsala.se\/en\/wp-json\/wp\/v2\/comments?post=190"}],"version-history":[{"count":9,"href":"https:\/\/guideuppsala.se\/en\/wp-json\/wp\/v2\/pages\/190\/revisions"}],"predecessor-version":[{"id":689,"href":"https:\/\/guideuppsala.se\/en\/wp-json\/wp\/v2\/pages\/190\/revisions\/689"}],"wp:attachment":[{"href":"https:\/\/guideuppsala.se\/en\/wp-json\/wp\/v2\/media?parent=190"}],"curies":[{"name":"wp","href":"https:\/\/api.w.org\/{rel}","templated":true}]}}