{"id":168,"date":"2026-01-24T07:41:07","date_gmt":"2026-01-24T07:41:07","guid":{"rendered":"https:\/\/guideuppsala.se\/?page_id=168"},"modified":"2026-02-02T04:42:18","modified_gmt":"2026-02-02T04:42:18","slug":"linnes-hammarby","status":"publish","type":"page","link":"https:\/\/guideuppsala.se\/en\/linnes-hammarby\/","title":{"rendered":"Linn\u00e9s Hammarby"},"content":{"rendered":"<div class=\"wp-block-group alignfull is-style-ext-preset--group--natural-1--section has-background-background-color has-background has-global-padding is-layout-constrained wp-block-group-is-layout-constrained\" style=\"margin-top:0;margin-bottom:0;padding-top:var(--wp--preset--spacing--70);padding-bottom:var(--wp--preset--spacing--70)\">\n<div class=\"wp-block-columns alignwide are-vertically-aligned-center is-layout-flex wp-container-core-columns-is-layout-174606dc wp-block-columns-is-layout-flex\">\n<div class=\"wp-block-column is-vertically-aligned-center is-layout-flow wp-block-column-is-layout-flow\">\n<div class=\"wp-block-group alignwide is-vertical is-layout-flex wp-container-core-group-is-layout-c35747d5 wp-block-group-is-layout-flex\">\n<div class=\"wp-block-group has-global-padding is-layout-constrained wp-container-core-group-is-layout-dd32767c wp-block-group-is-layout-constrained\">\n<h2 class=\"wp-block-heading\">Linn\u00e9s Hammarby &#8211; Lantst\u00e4lle med unika tapeter<\/h2>\n\n\n\n<p>En lantegendom som Linn\u00e9 k\u00f6pte 1758. En placering av pengar f\u00f6r Linn\u00e9 och m\u00f6jlighet till inkomst fr\u00e5n jordbruket. Ett \u201dsommarst\u00e4lle\u201d f\u00f6r familjen. Hit kom studenter f\u00f6r att studera privat f\u00f6r Linn\u00e9. H\u00e4r odlade han v\u00e4xter som inte trivdes i akademitr\u00e4dg\u00e5rden.<br><br>I huvudbyggnaden finns Linn\u00e9s unika blomstertapeter. V\u00e4ggarna pryds \u00e4ven av familjeportr\u00e4tt och m\u00e5lningar av apor, en val, en tv\u00e4ttbj\u00f6rn med mera.<br>I sitt museum ber\u00e4ttade Linn\u00e9 om v\u00e4xter, djur och mineraler. Han satt d\u00e5 p\u00e5 pluggh\u00e4sten, en s\u00e4regen katederm\u00f6bel. I taket h\u00e4nger den s\u00e4llsynta djuphavsfisken \u201dsillkungen\u201d. Kom till Hammarby och titta in genom f\u00f6nstret s\u00e5 f\u00e5r du se!<\/p>\n<\/div>\n<\/div>\n<\/div>\n\n\n\n<div class=\"wp-block-column is-vertically-aligned-center is-layout-flow wp-block-column-is-layout-flow\">\n<figure class=\"wp-block-image size-large is-style-ext-preset--image--natural-1--image-1--content-left is-style-ext-preset--image--natural-1--image-1--content-left--2\"><img loading=\"lazy\" decoding=\"async\" width=\"1024\" height=\"768\" src=\"https:\/\/guideuppsala.se\/wp-content\/uploads\/2026\/01\/Hammarby-huvudbyggnan-4-3-rectangle-1024x768.jpeg\" alt=\"\" class=\"wp-image-379\" style=\"aspect-ratio:1;object-fit:cover\" srcset=\"https:\/\/guideuppsala.se\/wp-content\/uploads\/2026\/01\/Hammarby-huvudbyggnan-4-3-rectangle-1024x768.jpeg 1024w, https:\/\/guideuppsala.se\/wp-content\/uploads\/2026\/01\/Hammarby-huvudbyggnan-4-3-rectangle-300x225.jpeg 300w, https:\/\/guideuppsala.se\/wp-content\/uploads\/2026\/01\/Hammarby-huvudbyggnan-4-3-rectangle-768x576.jpeg 768w, https:\/\/guideuppsala.se\/wp-content\/uploads\/2026\/01\/Hammarby-huvudbyggnan-4-3-rectangle-1536x1152.jpeg 1536w, https:\/\/guideuppsala.se\/wp-content\/uploads\/2026\/01\/Hammarby-huvudbyggnan-4-3-rectangle-16x12.jpeg 16w, https:\/\/guideuppsala.se\/wp-content\/uploads\/2026\/01\/Hammarby-huvudbyggnan-4-3-rectangle.jpeg 1837w\" sizes=\"auto, (max-width: 1024px) 100vw, 1024px\" \/><\/figure>\n<\/div>\n<\/div>\n<\/div>\n\n\n\n<div class=\"wp-block-group alignfull is-style-ext-preset--group--natural-1--section has-tertiary-background-color has-background has-global-padding is-layout-constrained wp-container-core-group-is-layout-f72f1611 wp-block-group-is-layout-constrained\" style=\"margin-top:0;margin-bottom:0;padding-top:var(--wp--preset--spacing--70);padding-bottom:var(--wp--preset--spacing--70)\">\n<div class=\"wp-block-group alignwide is-vertical is-layout-flex wp-container-core-group-is-layout-c35747d5 wp-block-group-is-layout-flex\">\n<div class=\"wp-block-group has-global-padding is-layout-constrained wp-container-core-group-is-layout-5e05634a wp-block-group-is-layout-constrained\">\n<h2 class=\"wp-block-heading\">Uppt\u00e4ck Linn\u00e9s Hammarbys unika milj\u00f6.<\/h2>\n\n\n\n<p class=\"has-text-align-left\">Ett friluftsmuseum med tillh\u00f6rande kulturreservat. H\u00e4r finns <a href=\"https:\/\/www.uu.se\/linnes-hammarby\" title=\"\">Linn\u00e9s lantbostad<\/a> bevarad med unika blomstertapeter, portr\u00e4tt, m\u00f6bler, kl\u00e4der etc. Flygelbyggnad med utst\u00e4llning som belyser Linn\u00e9s liv och g\u00e4rning. Vacker park med litet hus d\u00e4r bl.a. Linn\u00e9s pluggh\u00e4st finns. Mottagningsbyggnad med fik och f\u00f6rs\u00e4ljning av souvenirer.<\/p>\n<\/div>\n<\/div>\n\n\n\n<div class=\"wp-block-columns alignwide are-vertically-aligned-top is-layout-flex wp-container-core-columns-is-layout-87beb0d0 wp-block-columns-is-layout-flex\">\n<div class=\"wp-block-column is-vertically-aligned-top is-layout-flow wp-container-core-column-is-layout-f5bb311e wp-block-column-is-layout-flow\">\n<figure class=\"wp-block-image size-large is-style-ext-preset--image--natural-1--image-1--content-bottom is-style-ext-preset--image--natural-1--image-1--content-bottom--4\"><img loading=\"lazy\" decoding=\"async\" width=\"1024\" height=\"768\" src=\"https:\/\/guideuppsala.se\/wp-content\/uploads\/2026\/01\/Hammarby-fr-ovan-4-3-rectangle-1024x768.jpeg\" alt=\"\" class=\"wp-image-377\" style=\"aspect-ratio:1;object-fit:cover\" srcset=\"https:\/\/guideuppsala.se\/wp-content\/uploads\/2026\/01\/Hammarby-fr-ovan-4-3-rectangle-1024x768.jpeg 1024w, https:\/\/guideuppsala.se\/wp-content\/uploads\/2026\/01\/Hammarby-fr-ovan-4-3-rectangle-300x225.jpeg 300w, https:\/\/guideuppsala.se\/wp-content\/uploads\/2026\/01\/Hammarby-fr-ovan-4-3-rectangle-768x576.jpeg 768w, https:\/\/guideuppsala.se\/wp-content\/uploads\/2026\/01\/Hammarby-fr-ovan-4-3-rectangle-1536x1152.jpeg 1536w, https:\/\/guideuppsala.se\/wp-content\/uploads\/2026\/01\/Hammarby-fr-ovan-4-3-rectangle-16x12.jpeg 16w, https:\/\/guideuppsala.se\/wp-content\/uploads\/2026\/01\/Hammarby-fr-ovan-4-3-rectangle.jpeg 1837w\" sizes=\"auto, (max-width: 1024px) 100vw, 1024px\" \/><\/figure>\n<\/div>\n\n\n\n<div class=\"wp-block-column is-vertically-aligned-top is-layout-flow wp-container-core-column-is-layout-f5bb311e wp-block-column-is-layout-flow\">\n<figure class=\"wp-block-image size-large is-style-ext-preset--image--natural-1--image-1--content-bottom is-style-ext-preset--image--natural-1--image-1--content-bottom--5\"><img loading=\"lazy\" decoding=\"async\" width=\"1024\" height=\"768\" src=\"https:\/\/guideuppsala.se\/wp-content\/uploads\/2026\/01\/Hammarby-apa-4-3-rectangle-1024x768.jpeg\" alt=\"\" class=\"wp-image-374\" style=\"aspect-ratio:1;object-fit:cover\" srcset=\"https:\/\/guideuppsala.se\/wp-content\/uploads\/2026\/01\/Hammarby-apa-4-3-rectangle-1024x768.jpeg 1024w, https:\/\/guideuppsala.se\/wp-content\/uploads\/2026\/01\/Hammarby-apa-4-3-rectangle-300x225.jpeg 300w, https:\/\/guideuppsala.se\/wp-content\/uploads\/2026\/01\/Hammarby-apa-4-3-rectangle-768x576.jpeg 768w, https:\/\/guideuppsala.se\/wp-content\/uploads\/2026\/01\/Hammarby-apa-4-3-rectangle-1536x1152.jpeg 1536w, https:\/\/guideuppsala.se\/wp-content\/uploads\/2026\/01\/Hammarby-apa-4-3-rectangle-2048x1536.jpeg 2048w, https:\/\/guideuppsala.se\/wp-content\/uploads\/2026\/01\/Hammarby-apa-4-3-rectangle-16x12.jpeg 16w\" sizes=\"auto, (max-width: 1024px) 100vw, 1024px\" \/><\/figure>\n<\/div>\n\n\n\n<div class=\"wp-block-column is-vertically-aligned-top is-layout-flow wp-container-core-column-is-layout-f5bb311e wp-block-column-is-layout-flow\">\n<figure class=\"wp-block-image size-large is-style-ext-preset--image--natural-1--image-1--content-bottom is-style-ext-preset--image--natural-1--image-1--content-bottom--6\"><img loading=\"lazy\" decoding=\"async\" width=\"1024\" height=\"768\" src=\"https:\/\/guideuppsala.se\/wp-content\/uploads\/2026\/01\/Hammarby-m-Linne-4-3-rectangle-1024x768.jpeg\" alt=\"\" class=\"wp-image-381\" style=\"aspect-ratio:1;object-fit:cover\" srcset=\"https:\/\/guideuppsala.se\/wp-content\/uploads\/2026\/01\/Hammarby-m-Linne-4-3-rectangle-1024x768.jpeg 1024w, https:\/\/guideuppsala.se\/wp-content\/uploads\/2026\/01\/Hammarby-m-Linne-4-3-rectangle-300x225.jpeg 300w, https:\/\/guideuppsala.se\/wp-content\/uploads\/2026\/01\/Hammarby-m-Linne-4-3-rectangle-768x576.jpeg 768w, https:\/\/guideuppsala.se\/wp-content\/uploads\/2026\/01\/Hammarby-m-Linne-4-3-rectangle-1536x1152.jpeg 1536w, https:\/\/guideuppsala.se\/wp-content\/uploads\/2026\/01\/Hammarby-m-Linne-4-3-rectangle-16x12.jpeg 16w, https:\/\/guideuppsala.se\/wp-content\/uploads\/2026\/01\/Hammarby-m-Linne-4-3-rectangle.jpeg 1837w\" sizes=\"auto, (max-width: 1024px) 100vw, 1024px\" \/><\/figure>\n<\/div>\n<\/div>\n<\/div>","protected":false},"excerpt":{"rendered":"<p>Linn\u00e9s Hammarby &#8211; Lantst\u00e4lle med unika tapeter En lantegendom som Linn\u00e9 k\u00f6pte 1758. En placering av pengar f\u00f6r Linn\u00e9 och m\u00f6jlighet till inkomst fr\u00e5n jordbruket. Ett \u201dsommarst\u00e4lle\u201d f\u00f6r familjen. Hit kom studenter f\u00f6r att studera privat f\u00f6r Linn\u00e9. H\u00e4r odlade han v\u00e4xter som inte trivdes i akademitr\u00e4dg\u00e5rden. I huvudbyggnaden finns Linn\u00e9s unika blomstertapeter. V\u00e4ggarna pryds [&hellip;]<\/p>\n","protected":false},"author":1,"featured_media":0,"parent":0,"menu_order":0,"comment_status":"closed","ping_status":"closed","template":"page-with-title","meta":{"_monsterinsights_skip_tracking":false,"_monsterinsights_sitenote_active":false,"_monsterinsights_sitenote_note":"","_monsterinsights_sitenote_category":0,"footnotes":""},"class_list":["post-168","page","type-page","status-publish","hentry"],"aioseo_notices":[],"_links":{"self":[{"href":"https:\/\/guideuppsala.se\/en\/wp-json\/wp\/v2\/pages\/168","targetHints":{"allow":["GET"]}}],"collection":[{"href":"https:\/\/guideuppsala.se\/en\/wp-json\/wp\/v2\/pages"}],"about":[{"href":"https:\/\/guideuppsala.se\/en\/wp-json\/wp\/v2\/types\/page"}],"author":[{"embeddable":true,"href":"https:\/\/guideuppsala.se\/en\/wp-json\/wp\/v2\/users\/1"}],"replies":[{"embeddable":true,"href":"https:\/\/guideuppsala.se\/en\/wp-json\/wp\/v2\/comments?post=168"}],"version-history":[{"count":5,"href":"https:\/\/guideuppsala.se\/en\/wp-json\/wp\/v2\/pages\/168\/revisions"}],"predecessor-version":[{"id":553,"href":"https:\/\/guideuppsala.se\/en\/wp-json\/wp\/v2\/pages\/168\/revisions\/553"}],"wp:attachment":[{"href":"https:\/\/guideuppsala.se\/en\/wp-json\/wp\/v2\/media?parent=168"}],"curies":[{"name":"wp","href":"https:\/\/api.w.org\/{rel}","templated":true}]}}