{"id":164,"date":"2026-01-24T07:36:59","date_gmt":"2026-01-24T07:36:59","guid":{"rendered":"https:\/\/guideuppsala.se\/?page_id=164"},"modified":"2026-02-02T07:41:09","modified_gmt":"2026-02-02T07:41:09","slug":"uppsala-domkyrka","status":"publish","type":"page","link":"https:\/\/guideuppsala.se\/en\/uppsala-domkyrka\/","title":{"rendered":"Uppsala domkyrka"},"content":{"rendered":"<div class=\"wp-block-group alignfull is-style-ext-preset--group--natural-1--section has-background-background-color has-background has-global-padding is-layout-constrained wp-container-core-group-is-layout-843e5a6d wp-block-group-is-layout-constrained\" style=\"margin-top:0;margin-bottom:0;padding-top:var(--wp--preset--spacing--70);padding-bottom:var(--wp--preset--spacing--70)\">\n<div class=\"wp-block-group alignwide is-vertical is-content-justification-center is-layout-flex wp-container-core-group-is-layout-c9ee0c5a wp-block-group-is-layout-flex\">\n<div class=\"wp-block-group has-global-padding is-layout-constrained wp-container-core-group-is-layout-2287c683 wp-block-group-is-layout-constrained\">\n<h2 class=\"wp-block-heading has-text-align-center\">Uppsala domkyrka &#8211; Rik historia<\/h2>\n\n\n\n<p class=\"has-text-align-left\">Vacker, levande och historisk! <a href=\"https:\/\/www.svenskakyrkan.se\/uppsaladomkyrka\" title=\"\">Uppsala domkyrka<\/a>, byggd under medeltiden och st\u00f6rst i Norden. Cirka 119 meter l\u00e5ng och lika h\u00f6g. Fyra orglar fr\u00e5n olika tidevarv. K\u00f6rs\u00e5ng. Br\u00f6llop, dop och begravningar.\u00a0H\u00e4r finner vi f\u00f6rem\u00e5l, gravar och konst fr\u00e5n medeltiden och fram\u00e5t. Gustav Vasa ligger begraven h\u00e4r liksom Katarina Jagellonica, Johan III, Erik den Helige, Olof Rudbeck, Carl von Linn\u00e9 och Emanuel Swedenborg.<\/p>\n\n\n\n<p>V\u00e5ra guider kan ber\u00e4tta om fromhet, myter och legender. Vem var egentligen Den Heliga Birgitta? Finns Erik den Heliges underk\u00e4ke i \u00c5bo? \u00c4r det verkligen Alfa Romeos symbol p\u00e5 en grav fr\u00e5n 1500-talet?!<\/p>\n\n\n\n<p class=\"has-text-align-center\">V\u00e5ra guider vet, v\u00e5ra guider ber\u00e4ttar!<\/p>\n<\/div>\n<\/div>\n\n\n\n<figure class=\"wp-block-image size-large is-style-ext-preset-image-natural-1-image-1--content-any is-style-ext-preset--image--natural-1--image-1--content-any is-style-ext-preset--image--natural-1--image-1--content-any--2\"><img loading=\"lazy\" decoding=\"async\" width=\"1024\" height=\"768\" src=\"https:\/\/guideuppsala.se\/wp-content\/uploads\/2026\/01\/Domkyrkan-nara-4-3-rectangle-1024x768.jpeg\" alt=\"\" class=\"wp-image-364\" style=\"aspect-ratio:16\/9;object-fit:cover\" srcset=\"https:\/\/guideuppsala.se\/wp-content\/uploads\/2026\/01\/Domkyrkan-nara-4-3-rectangle-1024x768.jpeg 1024w, https:\/\/guideuppsala.se\/wp-content\/uploads\/2026\/01\/Domkyrkan-nara-4-3-rectangle-300x225.jpeg 300w, https:\/\/guideuppsala.se\/wp-content\/uploads\/2026\/01\/Domkyrkan-nara-4-3-rectangle-768x576.jpeg 768w, https:\/\/guideuppsala.se\/wp-content\/uploads\/2026\/01\/Domkyrkan-nara-4-3-rectangle-1536x1152.jpeg 1536w, https:\/\/guideuppsala.se\/wp-content\/uploads\/2026\/01\/Domkyrkan-nara-4-3-rectangle-16x12.jpeg 16w, https:\/\/guideuppsala.se\/wp-content\/uploads\/2026\/01\/Domkyrkan-nara-4-3-rectangle.jpeg 1837w\" sizes=\"auto, (max-width: 1024px) 100vw, 1024px\" \/><\/figure>\n<\/div>\n\n\n\n<div class=\"wp-block-group alignfull is-style-ext-preset--group--natural-1--section has-background-background-color has-background has-global-padding is-layout-constrained wp-container-core-group-is-layout-f72f1611 wp-block-group-is-layout-constrained\" style=\"margin-top:0;margin-bottom:0;padding-top:var(--wp--preset--spacing--70);padding-bottom:var(--wp--preset--spacing--70)\">\n<div class=\"wp-block-group alignwide is-vertical is-layout-flex wp-container-core-group-is-layout-c35747d5 wp-block-group-is-layout-flex\">\n<div class=\"wp-block-group has-global-padding is-layout-constrained wp-container-core-group-is-layout-5e05634a wp-block-group-is-layout-constrained\">\n<h2 class=\"wp-block-heading\">Arkitektur och kr\u00f6ningar<\/h2>\n\n\n\n<p class=\"has-text-align-left\">M\u00e4ktig, detaljrik och full av ber\u00e4ttelser.&nbsp;Uppsala domkyrka&nbsp;reser sig \u00f6ver staden som ett arkiv i tegel och sten. H\u00e4r samsas gotisk arkitektur med \u00e5rhundraden av makt, tro och vetenskap. Ljuset vandrar genom glasm\u00e5lningar, valven b\u00e4r sp\u00e5r av hantverkare fr\u00e5n en annan tid och varje kapell har sitt eget temperament. <\/p>\n\n\n\n<p class=\"has-text-align-left\">Kungar kr\u00f6ntes, id\u00e9er formades och konflikter avgjordes i skuggan av pelarna. Guidernas ber\u00e4ttelser r\u00f6r sig mellan politiska intriger, religi\u00f6sa strider och ov\u00e4ntade detaljer som ofta missas. Det \u00e4r inte tyst historia. Det \u00e4r en plats som fortfarande viskar, om man vet var man ska lyssna.<\/p>\n<\/div>\n<\/div>\n\n\n\n<div class=\"wp-block-columns alignwide are-vertically-aligned-top is-layout-flex wp-container-core-columns-is-layout-87beb0d0 wp-block-columns-is-layout-flex\">\n<div class=\"wp-block-column is-vertically-aligned-top is-layout-flow wp-container-core-column-is-layout-f5bb311e wp-block-column-is-layout-flow\">\n<figure class=\"wp-block-image size-large is-style-ext-preset--image--natural-1--image-1--content-bottom is-style-ext-preset--image--natural-1--image-1--content-bottom--4\"><img loading=\"lazy\" decoding=\"async\" width=\"1024\" height=\"768\" src=\"https:\/\/guideuppsala.se\/wp-content\/uploads\/2026\/01\/Domkyrkan-inne-4-3-rectangle-1024x768.jpeg\" alt=\"\" class=\"wp-image-362\" style=\"aspect-ratio:1;object-fit:cover\" srcset=\"https:\/\/guideuppsala.se\/wp-content\/uploads\/2026\/01\/Domkyrkan-inne-4-3-rectangle-1024x768.jpeg 1024w, https:\/\/guideuppsala.se\/wp-content\/uploads\/2026\/01\/Domkyrkan-inne-4-3-rectangle-300x225.jpeg 300w, https:\/\/guideuppsala.se\/wp-content\/uploads\/2026\/01\/Domkyrkan-inne-4-3-rectangle-768x576.jpeg 768w, https:\/\/guideuppsala.se\/wp-content\/uploads\/2026\/01\/Domkyrkan-inne-4-3-rectangle-1536x1152.jpeg 1536w, https:\/\/guideuppsala.se\/wp-content\/uploads\/2026\/01\/Domkyrkan-inne-4-3-rectangle-2048x1536.jpeg 2048w, https:\/\/guideuppsala.se\/wp-content\/uploads\/2026\/01\/Domkyrkan-inne-4-3-rectangle-16x12.jpeg 16w\" sizes=\"auto, (max-width: 1024px) 100vw, 1024px\" \/><\/figure>\n<\/div>\n\n\n\n<div class=\"wp-block-column is-vertically-aligned-top is-layout-flow wp-container-core-column-is-layout-f5bb311e wp-block-column-is-layout-flow\">\n<figure class=\"wp-block-image size-large is-style-ext-preset--image--natural-1--image-1--content-bottom is-style-ext-preset--image--natural-1--image-1--content-bottom--5\"><img loading=\"lazy\" decoding=\"async\" width=\"1024\" height=\"768\" src=\"https:\/\/guideuppsala.se\/wp-content\/uploads\/2026\/01\/Domkyrkan-grav-4-3-rectangle-1024x768.jpeg\" alt=\"\" class=\"wp-image-361\" style=\"aspect-ratio:1;object-fit:cover\" srcset=\"https:\/\/guideuppsala.se\/wp-content\/uploads\/2026\/01\/Domkyrkan-grav-4-3-rectangle-1024x768.jpeg 1024w, https:\/\/guideuppsala.se\/wp-content\/uploads\/2026\/01\/Domkyrkan-grav-4-3-rectangle-300x225.jpeg 300w, https:\/\/guideuppsala.se\/wp-content\/uploads\/2026\/01\/Domkyrkan-grav-4-3-rectangle-768x576.jpeg 768w, https:\/\/guideuppsala.se\/wp-content\/uploads\/2026\/01\/Domkyrkan-grav-4-3-rectangle-1536x1152.jpeg 1536w, https:\/\/guideuppsala.se\/wp-content\/uploads\/2026\/01\/Domkyrkan-grav-4-3-rectangle-16x12.jpeg 16w, https:\/\/guideuppsala.se\/wp-content\/uploads\/2026\/01\/Domkyrkan-grav-4-3-rectangle.jpeg 1837w\" sizes=\"auto, (max-width: 1024px) 100vw, 1024px\" \/><\/figure>\n<\/div>\n\n\n\n<div class=\"wp-block-column is-vertically-aligned-top is-layout-flow wp-container-core-column-is-layout-f5bb311e wp-block-column-is-layout-flow\">\n<figure class=\"wp-block-image size-large is-style-ext-preset--image--natural-1--image-1--content-bottom is-style-ext-preset--image--natural-1--image-1--content-bottom--6\"><img loading=\"lazy\" decoding=\"async\" width=\"1024\" height=\"768\" src=\"https:\/\/guideuppsala.se\/wp-content\/uploads\/2026\/01\/Domkyrkan-fr-tak-4-3-rectangle-1024x768.jpeg\" alt=\"\" class=\"wp-image-360\" style=\"aspect-ratio:1;object-fit:cover\" srcset=\"https:\/\/guideuppsala.se\/wp-content\/uploads\/2026\/01\/Domkyrkan-fr-tak-4-3-rectangle-1024x768.jpeg 1024w, https:\/\/guideuppsala.se\/wp-content\/uploads\/2026\/01\/Domkyrkan-fr-tak-4-3-rectangle-300x225.jpeg 300w, https:\/\/guideuppsala.se\/wp-content\/uploads\/2026\/01\/Domkyrkan-fr-tak-4-3-rectangle-768x576.jpeg 768w, https:\/\/guideuppsala.se\/wp-content\/uploads\/2026\/01\/Domkyrkan-fr-tak-4-3-rectangle-1536x1152.jpeg 1536w, https:\/\/guideuppsala.se\/wp-content\/uploads\/2026\/01\/Domkyrkan-fr-tak-4-3-rectangle-16x12.jpeg 16w, https:\/\/guideuppsala.se\/wp-content\/uploads\/2026\/01\/Domkyrkan-fr-tak-4-3-rectangle.jpeg 1837w\" sizes=\"auto, (max-width: 1024px) 100vw, 1024px\" \/><\/figure>\n<\/div>\n<\/div>\n<\/div>","protected":false},"excerpt":{"rendered":"<p>Uppsala domkyrka &#8211; Rik historia Vacker, levande och historisk! Uppsala domkyrka, byggd under medeltiden och st\u00f6rst i Norden. Cirka 119 meter l\u00e5ng och lika h\u00f6g. Fyra orglar fr\u00e5n olika tidevarv. K\u00f6rs\u00e5ng. Br\u00f6llop, dop och begravningar.\u00a0H\u00e4r finner vi f\u00f6rem\u00e5l, gravar och konst fr\u00e5n medeltiden och fram\u00e5t. Gustav Vasa ligger begraven h\u00e4r liksom Katarina Jagellonica, Johan III, [&hellip;]<\/p>\n","protected":false},"author":1,"featured_media":0,"parent":0,"menu_order":0,"comment_status":"closed","ping_status":"closed","template":"page-with-title","meta":{"_monsterinsights_skip_tracking":false,"_monsterinsights_sitenote_active":false,"_monsterinsights_sitenote_note":"","_monsterinsights_sitenote_category":0,"footnotes":""},"class_list":["post-164","page","type-page","status-publish","hentry"],"aioseo_notices":[],"_links":{"self":[{"href":"https:\/\/guideuppsala.se\/en\/wp-json\/wp\/v2\/pages\/164","targetHints":{"allow":["GET"]}}],"collection":[{"href":"https:\/\/guideuppsala.se\/en\/wp-json\/wp\/v2\/pages"}],"about":[{"href":"https:\/\/guideuppsala.se\/en\/wp-json\/wp\/v2\/types\/page"}],"author":[{"embeddable":true,"href":"https:\/\/guideuppsala.se\/en\/wp-json\/wp\/v2\/users\/1"}],"replies":[{"embeddable":true,"href":"https:\/\/guideuppsala.se\/en\/wp-json\/wp\/v2\/comments?post=164"}],"version-history":[{"count":12,"href":"https:\/\/guideuppsala.se\/en\/wp-json\/wp\/v2\/pages\/164\/revisions"}],"predecessor-version":[{"id":642,"href":"https:\/\/guideuppsala.se\/en\/wp-json\/wp\/v2\/pages\/164\/revisions\/642"}],"wp:attachment":[{"href":"https:\/\/guideuppsala.se\/en\/wp-json\/wp\/v2\/media?parent=164"}],"curies":[{"name":"wp","href":"https:\/\/api.w.org\/{rel}","templated":true}]}}